{"id":3746,"date":"2021-09-13T12:09:42","date_gmt":"2021-09-13T12:09:42","guid":{"rendered":"https:\/\/telsamedia.co.uk\/classinstrument\/?post_type=product&#038;p=3746"},"modified":"2022-07-05T14:06:36","modified_gmt":"2022-07-05T14:06:36","slug":"cabin-safe-ultrasonic-leak-detector","status":"publish","type":"product","link":"https:\/\/www.classltd.com\/fr\/produit\/cabine-safe-ultrasonique-fuite-detecteur-2\/","title":{"rendered":"Syst\u00e8me de d\u00e9tection de fuites \u00e0 ultrasons CABIN-SAFE\u2122"},"content":{"rendered":"","protected":false},"excerpt":{"rendered":"<p>La<strong> CABIN-SAFEMC <\/strong>est parfait pour d\u00e9tecter la source de toute fuite dans toutes les petites enceintes, r\u00e9servoirs de carburant, bateaux de plaisance, yachts, voitures et caravanes.<\/p>\n<p>La<strong> CABIN-SAFEMC<\/strong> est un syst\u00e8me \u00e0 ultrasons l\u00e9ger utilis\u00e9 pour d\u00e9tecter les trous. Le syst\u00e8me complet est contenu dans une mallette de transport pour un transport pratique. Avec un poids total de seulement 550 g, y compris les batteries, le<strong> CABIN-SAFEMC <\/strong>peut \u00eatre transport\u00e9 dans un avion comme bagage \u00e0 main. Il est \u00e9galement incroyablement simple \u00e0 utiliser et ne n\u00e9cessite aucune formation pour fonctionner.<\/p>\n[fusion_button link=\"https:\/\/www.classltd.com\/cabin-safe-ultrasonic-leak-detector\/\" text_transform=\"\" title=\"\" target=\"_self\" link_attributes=\"\" alignment_medium=\"\" alignment_small=\"\" alignment=\"\" modal=\"\" hide_on_mobile=\"small-visibility,medium-visibility,large-visibility\" sticky_display=\"normal,sticky\" class=\"\" id=\"\" color=\"custom\" button_gradient_top_color=\"#00235a\" button_gradient_bottom_color=\"#00235a\" button_gradient_top_color_hover=\"\" button_gradient_bottom_color_hover=\"\" accent_color=\"\" accent_hover_color=\"\" type=\"\" bevel_color=\"\" border_width=\"\" border_radius=\"\" border_color=\"\" border_hover_color=\"\" size=\"\" stretch=\"default\" margin_top=\"\" margin_right=\"\" margin_bottom=\"\" margin_left=\"\" icon=\"fa-long-arrow-right fal\" icon_position=\"right\" icon_divider=\"no\" animation_type=\"\" animation_direction=\"left\" animation_speed=\"0.3\" animation_offset=\"\"]Read More Description[\/fusion_button]","protected":false},"featured_media":3747,"template":"","meta":[],"product_brand":[],"product_cat":[49],"product_tag":[],"class_list":{"0":"post-3746","1":"product","2":"type-product","3":"status-publish","4":"has-post-thumbnail","6":"product_cat-products","8":"first","9":"instock","10":"taxable","11":"shipping-taxable","12":"product-type-simple"},"yoast_head":"<!-- This site is optimized with the Yoast SEO plugin v26.9 - https:\/\/yoast.com\/product\/yoast-seo-wordpress\/ -->\r\n<title>CABIN-SAFE\u2122 Ultrasonic Leak Detecting System - Class Instrumentation Ltd<\/title>\r\n<meta name=\"robots\" content=\"index, follow, max-snippet:-1, max-image-preview:large, max-video-preview:-1\" \/>\r\n<link rel=\"canonical\" href=\"https:\/\/www.classltd.com\/fr\/produit\/cabine-safe-ultrasonique-fuite-detecteur-2\/\" \/>\r\n<meta property=\"og:locale\" content=\"fr_FR\" \/>\r\n<meta property=\"og:type\" content=\"article\" \/>\r\n<meta property=\"og:title\" content=\"CABIN-SAFE\u2122 Ultrasonic Leak Detecting System - Class Instrumentation Ltd\" \/>\r\n<meta property=\"og:description\" content=\"The CABIN-SAFE\u2122 is perfect for detecting the source of any leaks in any small enclosures, fuel tanks leisure craft, yachts, cars and caravans.  The CABIN-SAFE\u2122 is a lightweight ultrasonic system used to detect holes. The complete system is contained in one carry case for convenient transportation. With a complete weight of only 550g, including the batteries, the CABIN-SAFE\u2122 is able to be carried onto an aircraft as hand luggage. It is also incredibly simple to use and requires no training to operate.\" \/>\r\n<meta property=\"og:url\" content=\"https:\/\/www.classltd.com\/fr\/produit\/cabine-safe-ultrasonique-fuite-detecteur-2\/\" \/>\r\n<meta property=\"og:site_name\" content=\"Class Instrumentation Ltd\" \/>\r\n<meta property=\"article:publisher\" content=\"https:\/\/www.facebook.com\/ClassInstrumentation\" \/>\r\n<meta property=\"article:modified_time\" content=\"2022-07-05T14:06:36+00:00\" \/>\r\n<meta property=\"og:image\" content=\"https:\/\/www.classltd.com\/wp-content\/uploads\/2021\/09\/cabin_safe_product-1.jpg\" \/>\r\n\t<meta property=\"og:image:width\" content=\"620\" \/>\r\n\t<meta property=\"og:image:height\" content=\"200\" \/>\r\n\t<meta property=\"og:image:type\" content=\"image\/jpeg\" \/>\r\n<meta name=\"twitter:card\" content=\"summary_large_image\" \/>\r\n<meta name=\"twitter:site\" content=\"@classltd\" \/>\r\n<!-- \/ Yoast SEO plugin. -->","yoast_head_json":{"title":"Syst\u00e8me de d\u00e9tection de fuites \u00e0 ultrasons CABIN-SAFE\u2122 - Class Instrumentation Ltd","robots":{"index":"index","follow":"follow","max-snippet":"max-snippet:-1","max-image-preview":"max-image-preview:large","max-video-preview":"max-video-preview:-1"},"canonical":"https:\/\/www.classltd.com\/fr\/produit\/cabine-safe-ultrasonique-fuite-detecteur-2\/","og_locale":"fr_FR","og_type":"article","og_title":"CABIN-SAFE\u2122 Ultrasonic Leak Detecting System - Class Instrumentation Ltd","og_description":"The CABIN-SAFE\u2122 is perfect for detecting the source of any leaks in any small enclosures, fuel tanks leisure craft, yachts, cars and caravans.  The CABIN-SAFE\u2122 is a lightweight ultrasonic system used to detect holes. The complete system is contained in one carry case for convenient transportation. With a complete weight of only 550g, including the batteries, the CABIN-SAFE\u2122 is able to be carried onto an aircraft as hand luggage. It is also incredibly simple to use and requires no training to operate.","og_url":"https:\/\/www.classltd.com\/fr\/produit\/cabine-safe-ultrasonique-fuite-detecteur-2\/","og_site_name":"Class Instrumentation Ltd","article_publisher":"https:\/\/www.facebook.com\/ClassInstrumentation","article_modified_time":"2022-07-05T14:06:36+00:00","og_image":[{"width":620,"height":200,"url":"https:\/\/www.classltd.com\/wp-content\/uploads\/2021\/09\/cabin_safe_product-1.jpg","type":"image\/jpeg"}],"twitter_card":"summary_large_image","twitter_site":"@classltd","schema":{"@context":"https:\/\/schema.org","@graph":[{"@type":"WebPage","@id":"https:\/\/www.classltd.com\/product\/cabin-safe-ultrasonic-leak-detector\/","url":"https:\/\/www.classltd.com\/product\/cabin-safe-ultrasonic-leak-detector\/","name":"Syst\u00e8me de d\u00e9tection de fuites \u00e0 ultrasons CABIN-SAFE\u2122 - Class Instrumentation Ltd","isPartOf":{"@id":"https:\/\/www.classltd.com\/#website"},"primaryImageOfPage":{"@id":"https:\/\/www.classltd.com\/product\/cabin-safe-ultrasonic-leak-detector\/#primaryimage"},"image":{"@id":"https:\/\/www.classltd.com\/product\/cabin-safe-ultrasonic-leak-detector\/#primaryimage"},"thumbnailUrl":"https:\/\/www.classltd.com\/wp-content\/uploads\/2021\/09\/cabin_safe_product-1.jpg","datePublished":"2021-09-13T12:09:42+00:00","dateModified":"2022-07-05T14:06:36+00:00","breadcrumb":{"@id":"https:\/\/www.classltd.com\/product\/cabin-safe-ultrasonic-leak-detector\/#breadcrumb"},"inLanguage":"fr-FR","potentialAction":[{"@type":"ReadAction","target":["https:\/\/www.classltd.com\/product\/cabin-safe-ultrasonic-leak-detector\/"]}]},{"@type":"ImageObject","inLanguage":"fr-FR","@id":"https:\/\/www.classltd.com\/product\/cabin-safe-ultrasonic-leak-detector\/#primaryimage","url":"https:\/\/www.classltd.com\/wp-content\/uploads\/2021\/09\/cabin_safe_product-1.jpg","contentUrl":"https:\/\/www.classltd.com\/wp-content\/uploads\/2021\/09\/cabin_safe_product-1.jpg","width":620,"height":200},{"@type":"BreadcrumbList","@id":"https:\/\/www.classltd.com\/product\/cabin-safe-ultrasonic-leak-detector\/#breadcrumb","itemListElement":[{"@type":"ListItem","position":1,"name":"Home","item":"https:\/\/www.classltd.com\/"},{"@type":"ListItem","position":2,"name":"Shop","item":"https:\/\/www.classltd.com\/shop\/"},{"@type":"ListItem","position":3,"name":"CABIN-SAFE\u2122 Ultrasonic Leak Detecting System"}]},{"@type":"WebSite","@id":"https:\/\/www.classltd.com\/#website","url":"https:\/\/www.classltd.com\/","name":"Classe Instrumentation Ltd","description":"","publisher":{"@id":"https:\/\/www.classltd.com\/#organization"},"potentialAction":[{"@type":"SearchAction","target":{"@type":"EntryPoint","urlTemplate":"https:\/\/www.classltd.com\/?s={search_term_string}"},"query-input":{"@type":"PropertyValueSpecification","valueRequired":true,"valueName":"search_term_string"}}],"inLanguage":"fr-FR"},{"@type":"Organization","@id":"https:\/\/www.classltd.com\/#organization","name":"Classe Instrumentation Ltd","url":"https:\/\/www.classltd.com\/","logo":{"@type":"ImageObject","inLanguage":"fr-FR","@id":"https:\/\/www.classltd.com\/#\/schema\/logo\/image\/","url":"https:\/\/www.classltd.com\/wp-content\/uploads\/2024\/01\/class_logo_main2.png","contentUrl":"https:\/\/www.classltd.com\/wp-content\/uploads\/2024\/01\/class_logo_main2.png","width":632,"height":54,"caption":"Class Instrumentation Ltd"},"image":{"@id":"https:\/\/www.classltd.com\/#\/schema\/logo\/image\/"},"sameAs":["https:\/\/www.facebook.com\/ClassInstrumentation","https:\/\/x.com\/classltd","https:\/\/www.youtube.com\/user\/ClassInstrumentation"]}]}},"_links":{"self":[{"href":"https:\/\/www.classltd.com\/fr\/wp-json\/wp\/v2\/product\/3746","targetHints":{"allow":["GET"]}}],"collection":[{"href":"https:\/\/www.classltd.com\/fr\/wp-json\/wp\/v2\/product"}],"about":[{"href":"https:\/\/www.classltd.com\/fr\/wp-json\/wp\/v2\/types\/product"}],"wp:featuredmedia":[{"embeddable":true,"href":"https:\/\/www.classltd.com\/fr\/wp-json\/wp\/v2\/media\/3747"}],"wp:attachment":[{"href":"https:\/\/www.classltd.com\/fr\/wp-json\/wp\/v2\/media?parent=3746"}],"wp:term":[{"taxonomy":"product_brand","embeddable":true,"href":"https:\/\/www.classltd.com\/fr\/wp-json\/wp\/v2\/product_brand?post=3746"},{"taxonomy":"product_cat","embeddable":true,"href":"https:\/\/www.classltd.com\/fr\/wp-json\/wp\/v2\/product_cat?post=3746"},{"taxonomy":"product_tag","embeddable":true,"href":"https:\/\/www.classltd.com\/fr\/wp-json\/wp\/v2\/product_tag?post=3746"}],"curies":[{"name":"wp","href":"https:\/\/api.w.org\/{rel}","templated":true}]}}