{"id":3743,"date":"2021-09-13T12:07:21","date_gmt":"2021-09-13T12:07:21","guid":{"rendered":"https:\/\/telsamedia.co.uk\/classinstrument\/?post_type=product&#038;p=3743"},"modified":"2022-07-05T14:06:44","modified_gmt":"2022-07-05T14:06:44","slug":"portable-liquid-level-gauge-pli-plus","status":"publish","type":"product","link":"https:\/\/www.classltd.com\/fr\/produit\/jauge-de-niveau-de-liquide-portable-pli-plus-2\/","title":{"rendered":"Jauge de niveau de liquide portable PLI PLUS\u2122"},"content":{"rendered":"","protected":false},"excerpt":{"rendered":"<p>Le nouveau <strong>PLI PLUS\u2122<\/strong> est une nouvelle mise \u00e0 niveau puissante de notre succ\u00e8s original <strong>PLI Digital\u2122 <\/strong>unit\u00e9. Avec toutes les caract\u00e9ristiques de l&#039;original <strong>PLI Digital\u2122 <\/strong>design, il a \u00e9galement la capacit\u00e9 de multiplier la puissance par 12, permettant de lire les cylindres m\u00eame lorsqu&#039;ils sont en mauvais \u00e9tat, ou souffrant de couches de rouille.<\/p>\n[fusion_button link=\"https:\/\/www.classltd.com\/portable-liquid-level-gauge-pli-plus\/\" text_transform=\"\" title=\"\" target=\"_self\" link_attributes=\"\" alignment_medium=\"\" alignment_small=\"\" alignment=\"\" modal=\"\" hide_on_mobile=\"small-visibility,medium-visibility,large-visibility\" sticky_display=\"normal,sticky\" class=\"\" id=\"\" color=\"custom\" button_gradient_top_color=\"#00235a\" button_gradient_bottom_color=\"#00235a\" button_gradient_top_color_hover=\"\" button_gradient_bottom_color_hover=\"\" accent_color=\"\" accent_hover_color=\"\" type=\"\" bevel_color=\"\" border_width=\"\" border_radius=\"\" border_color=\"\" border_hover_color=\"\" size=\"\" stretch=\"default\" margin_top=\"\" margin_right=\"\" margin_bottom=\"\" margin_left=\"\" icon=\"fa-long-arrow-right fal\" icon_position=\"right\" icon_divider=\"no\" animation_type=\"\" animation_direction=\"left\" animation_speed=\"0.3\" animation_offset=\"\"]Read More Description[\/fusion_button]","protected":false},"featured_media":3744,"template":"","meta":[],"product_brand":[],"product_cat":[49],"product_tag":[],"class_list":{"0":"post-3743","1":"product","2":"type-product","3":"status-publish","4":"has-post-thumbnail","6":"product_cat-products","8":"first","9":"instock","10":"taxable","11":"shipping-taxable","12":"product-type-simple"},"yoast_head":"<!-- This site is optimized with the Yoast SEO plugin v26.9 - https:\/\/yoast.com\/product\/yoast-seo-wordpress\/ -->\r\n<title>PLI PLUS\u2122 Portable Liquid Level Gauge - Class Instrumentation Ltd<\/title>\r\n<meta name=\"robots\" content=\"index, follow, max-snippet:-1, max-image-preview:large, max-video-preview:-1\" \/>\r\n<link rel=\"canonical\" href=\"https:\/\/www.classltd.com\/fr\/produit\/jauge-de-niveau-de-liquide-portable-pli-plus-2\/\" \/>\r\n<meta property=\"og:locale\" content=\"fr_FR\" \/>\r\n<meta property=\"og:type\" content=\"article\" \/>\r\n<meta property=\"og:title\" content=\"PLI PLUS\u2122 Portable Liquid Level Gauge - Class Instrumentation Ltd\" \/>\r\n<meta property=\"og:description\" content=\"The new PLI PLUS\u2122 is a powerful new upgrade of our original successful PLI Digital\u2122 unit. With all of the features of the original PLI Digital\u2122 design, it also has the ability to boost the power by 12, enabling cylinders to be read even when they are in poor condition, or suffering from layers of rust.\" \/>\r\n<meta property=\"og:url\" content=\"https:\/\/www.classltd.com\/fr\/produit\/jauge-de-niveau-de-liquide-portable-pli-plus-2\/\" \/>\r\n<meta property=\"og:site_name\" content=\"Class Instrumentation Ltd\" \/>\r\n<meta property=\"article:publisher\" content=\"https:\/\/www.facebook.com\/ClassInstrumentation\" \/>\r\n<meta property=\"article:modified_time\" content=\"2022-07-05T14:06:44+00:00\" \/>\r\n<meta property=\"og:image\" content=\"https:\/\/www.classltd.com\/wp-content\/uploads\/2021\/09\/PLI-plus-top3-600x208-1.png\" \/>\r\n\t<meta property=\"og:image:width\" content=\"600\" \/>\r\n\t<meta property=\"og:image:height\" content=\"208\" \/>\r\n\t<meta property=\"og:image:type\" content=\"image\/png\" \/>\r\n<meta name=\"twitter:card\" content=\"summary_large_image\" \/>\r\n<meta name=\"twitter:site\" content=\"@classltd\" \/>\r\n<!-- \/ Yoast SEO plugin. -->","yoast_head_json":{"title":"Jauge de niveau de liquide portable PLI PLUS\u2122 - Class Instrumentation Ltd","robots":{"index":"index","follow":"follow","max-snippet":"max-snippet:-1","max-image-preview":"max-image-preview:large","max-video-preview":"max-video-preview:-1"},"canonical":"https:\/\/www.classltd.com\/fr\/produit\/jauge-de-niveau-de-liquide-portable-pli-plus-2\/","og_locale":"fr_FR","og_type":"article","og_title":"PLI PLUS\u2122 Portable Liquid Level Gauge - Class Instrumentation Ltd","og_description":"The new PLI PLUS\u2122 is a powerful new upgrade of our original successful PLI Digital\u2122 unit. With all of the features of the original PLI Digital\u2122 design, it also has the ability to boost the power by 12, enabling cylinders to be read even when they are in poor condition, or suffering from layers of rust.","og_url":"https:\/\/www.classltd.com\/fr\/produit\/jauge-de-niveau-de-liquide-portable-pli-plus-2\/","og_site_name":"Class Instrumentation Ltd","article_publisher":"https:\/\/www.facebook.com\/ClassInstrumentation","article_modified_time":"2022-07-05T14:06:44+00:00","og_image":[{"width":600,"height":208,"url":"https:\/\/www.classltd.com\/wp-content\/uploads\/2021\/09\/PLI-plus-top3-600x208-1.png","type":"image\/png"}],"twitter_card":"summary_large_image","twitter_site":"@classltd","schema":{"@context":"https:\/\/schema.org","@graph":[{"@type":"WebPage","@id":"https:\/\/www.classltd.com\/product\/portable-liquid-level-gauge-pli-plus\/","url":"https:\/\/www.classltd.com\/product\/portable-liquid-level-gauge-pli-plus\/","name":"Jauge de niveau de liquide portable PLI PLUS\u2122 - Class Instrumentation Ltd","isPartOf":{"@id":"https:\/\/www.classltd.com\/#website"},"primaryImageOfPage":{"@id":"https:\/\/www.classltd.com\/product\/portable-liquid-level-gauge-pli-plus\/#primaryimage"},"image":{"@id":"https:\/\/www.classltd.com\/product\/portable-liquid-level-gauge-pli-plus\/#primaryimage"},"thumbnailUrl":"https:\/\/www.classltd.com\/wp-content\/uploads\/2021\/09\/PLI-plus-top3-600x208-1.png","datePublished":"2021-09-13T12:07:21+00:00","dateModified":"2022-07-05T14:06:44+00:00","breadcrumb":{"@id":"https:\/\/www.classltd.com\/product\/portable-liquid-level-gauge-pli-plus\/#breadcrumb"},"inLanguage":"fr-FR","potentialAction":[{"@type":"ReadAction","target":["https:\/\/www.classltd.com\/product\/portable-liquid-level-gauge-pli-plus\/"]}]},{"@type":"ImageObject","inLanguage":"fr-FR","@id":"https:\/\/www.classltd.com\/product\/portable-liquid-level-gauge-pli-plus\/#primaryimage","url":"https:\/\/www.classltd.com\/wp-content\/uploads\/2021\/09\/PLI-plus-top3-600x208-1.png","contentUrl":"https:\/\/www.classltd.com\/wp-content\/uploads\/2021\/09\/PLI-plus-top3-600x208-1.png","width":600,"height":208},{"@type":"BreadcrumbList","@id":"https:\/\/www.classltd.com\/product\/portable-liquid-level-gauge-pli-plus\/#breadcrumb","itemListElement":[{"@type":"ListItem","position":1,"name":"Home","item":"https:\/\/www.classltd.com\/"},{"@type":"ListItem","position":2,"name":"Shop","item":"https:\/\/www.classltd.com\/shop\/"},{"@type":"ListItem","position":3,"name":"PLI PLUS\u2122 Portable Liquid Level Gauge"}]},{"@type":"WebSite","@id":"https:\/\/www.classltd.com\/#website","url":"https:\/\/www.classltd.com\/","name":"Classe Instrumentation Ltd","description":"","publisher":{"@id":"https:\/\/www.classltd.com\/#organization"},"potentialAction":[{"@type":"SearchAction","target":{"@type":"EntryPoint","urlTemplate":"https:\/\/www.classltd.com\/?s={search_term_string}"},"query-input":{"@type":"PropertyValueSpecification","valueRequired":true,"valueName":"search_term_string"}}],"inLanguage":"fr-FR"},{"@type":"Organization","@id":"https:\/\/www.classltd.com\/#organization","name":"Classe Instrumentation Ltd","url":"https:\/\/www.classltd.com\/","logo":{"@type":"ImageObject","inLanguage":"fr-FR","@id":"https:\/\/www.classltd.com\/#\/schema\/logo\/image\/","url":"https:\/\/www.classltd.com\/wp-content\/uploads\/2024\/01\/class_logo_main2.png","contentUrl":"https:\/\/www.classltd.com\/wp-content\/uploads\/2024\/01\/class_logo_main2.png","width":632,"height":54,"caption":"Class Instrumentation Ltd"},"image":{"@id":"https:\/\/www.classltd.com\/#\/schema\/logo\/image\/"},"sameAs":["https:\/\/www.facebook.com\/ClassInstrumentation","https:\/\/x.com\/classltd","https:\/\/www.youtube.com\/user\/ClassInstrumentation"]}]}},"_links":{"self":[{"href":"https:\/\/www.classltd.com\/fr\/wp-json\/wp\/v2\/product\/3743","targetHints":{"allow":["GET"]}}],"collection":[{"href":"https:\/\/www.classltd.com\/fr\/wp-json\/wp\/v2\/product"}],"about":[{"href":"https:\/\/www.classltd.com\/fr\/wp-json\/wp\/v2\/types\/product"}],"wp:featuredmedia":[{"embeddable":true,"href":"https:\/\/www.classltd.com\/fr\/wp-json\/wp\/v2\/media\/3744"}],"wp:attachment":[{"href":"https:\/\/www.classltd.com\/fr\/wp-json\/wp\/v2\/media?parent=3743"}],"wp:term":[{"taxonomy":"product_brand","embeddable":true,"href":"https:\/\/www.classltd.com\/fr\/wp-json\/wp\/v2\/product_brand?post=3743"},{"taxonomy":"product_cat","embeddable":true,"href":"https:\/\/www.classltd.com\/fr\/wp-json\/wp\/v2\/product_cat?post=3743"},{"taxonomy":"product_tag","embeddable":true,"href":"https:\/\/www.classltd.com\/fr\/wp-json\/wp\/v2\/product_tag?post=3743"}],"curies":[{"name":"wp","href":"https:\/\/api.w.org\/{rel}","templated":true}]}}