{"id":3526,"date":"2021-09-10T10:52:44","date_gmt":"2021-09-10T10:52:44","guid":{"rendered":"http:\/\/telsamedia.co.uk\/classinstrument\/?post_type=product&#038;p=3526"},"modified":"2022-07-05T14:07:09","modified_gmt":"2022-07-05T14:07:09","slug":"cargo-safe-ultrasonic-hatch-cover-tester","status":"publish","type":"product","link":"https:\/\/www.classltd.com\/fr\/produit\/testeur-de-couvercle-de-trappe-a-ultrasons-pour-coffre-fort\/","title":{"rendered":"CARGO-SAFE\u2122 Testeur de couvercle de trappe \u00e0 ultrasons CARGO-SAFE\u2122"},"content":{"rendered":"","protected":false},"excerpt":{"rendered":"<p><em><strong>CARGO-SAFEMC<\/strong>\u00a0Le choix des experts maritimes du monde entier<\/em><\/p>\n<p>Partout o\u00f9 il y a un risque d&#039;infiltration d&#039;eau, notre <strong>CARGO-SAFEMC<\/strong> product can help you.<\/p>\n<p>Souvent appel\u00e9 test UT ou UT, le processus consiste \u00e0 placer l&#039;\u00e9metteur d&#039;un c\u00f4t\u00e9 de ce que vous testez et le r\u00e9cepteur de l&#039;autre c\u00f4t\u00e9 de ce que vous testez. Le r\u00e9cepteur est r\u00e9gl\u00e9 sur la fr\u00e9quence de l&#039;\u00e9metteur. L&#039;\u00e9chographie ne peut voyager qu&#039;\u00e0 travers un trou d&#039;air, vous savez donc imm\u00e9diatement si vous avez un probl\u00e8me. Les ultrasons ne sont pas audibles, le r\u00e9cepteur convertit donc les ultrasons en un son audible.<\/p>\n[fusion_button link=\"https:\/\/www.classltd.com\/cargo-safe-ultrasonic-hatch-cover-tester\/\" text_transform=\"\" title=\"\" target=\"_self\" link_attributes=\"\" alignment_medium=\"\" alignment_small=\"\" alignment=\"\" modal=\"\" hide_on_mobile=\"small-visibility,medium-visibility,large-visibility\" sticky_display=\"normal,sticky\" class=\"\" id=\"\" color=\"custom\" button_gradient_top_color=\"#00235a\" button_gradient_bottom_color=\"#00235a\" button_gradient_top_color_hover=\"\" button_gradient_bottom_color_hover=\"\" accent_color=\"\" accent_hover_color=\"\" type=\"\" bevel_color=\"\" border_width=\"\" border_radius=\"\" border_color=\"\" border_hover_color=\"\" size=\"\" stretch=\"default\" margin_top=\"\" margin_right=\"\" margin_bottom=\"\" margin_left=\"\" icon=\"fa-long-arrow-right fal\" icon_position=\"right\" icon_divider=\"no\" animation_type=\"\" animation_direction=\"left\" animation_speed=\"0.3\" animation_offset=\"\"]Read More Description[\/fusion_button]","protected":false},"featured_media":3531,"template":"","meta":[],"product_brand":[],"product_cat":[49],"product_tag":[],"class_list":{"0":"post-3526","1":"product","2":"type-product","3":"status-publish","4":"has-post-thumbnail","6":"product_cat-products","8":"first","9":"instock","10":"taxable","11":"shipping-taxable","12":"product-type-simple"},"yoast_head":"<!-- This site is optimized with the Yoast SEO plugin v26.9 - https:\/\/yoast.com\/product\/yoast-seo-wordpress\/ -->\r\n<title>CARGO-SAFE\u2122 Ultrasonic Hatch Cover Tester - Class Instrumentation Ltd<\/title>\r\n<meta name=\"robots\" content=\"index, follow, max-snippet:-1, max-image-preview:large, max-video-preview:-1\" \/>\r\n<link rel=\"canonical\" href=\"https:\/\/www.classltd.com\/fr\/produit\/testeur-de-couvercle-de-trappe-a-ultrasons-pour-coffre-fort\/\" \/>\r\n<meta property=\"og:locale\" content=\"fr_FR\" \/>\r\n<meta property=\"og:type\" content=\"article\" \/>\r\n<meta property=\"og:title\" content=\"CARGO-SAFE\u2122 Ultrasonic Hatch Cover Tester - Class Instrumentation Ltd\" \/>\r\n<meta property=\"og:description\" content=\"CARGO-SAFE\u2122\u00a0The choice of marine surveyors across the globe  Where ever there is a risk of water ingress, our CARGO-SAFE\u2122 product can help you.  Often called UT or UT testing, the process consists of placing the transmitter on one side of whatever you are testing, and the receiver on the opposite end of what you are testing. The receiver is tuned to the transmitter frequency. The ultrasound can only travel through an air hole, so you immediately know if you have a problem. Ultrasound is not audible, so the receiver converts the ultrasound to an audible sound.\" \/>\r\n<meta property=\"og:url\" content=\"https:\/\/www.classltd.com\/fr\/produit\/testeur-de-couvercle-de-trappe-a-ultrasons-pour-coffre-fort\/\" \/>\r\n<meta property=\"og:site_name\" content=\"Class Instrumentation Ltd\" \/>\r\n<meta property=\"article:publisher\" content=\"https:\/\/www.facebook.com\/ClassInstrumentation\" \/>\r\n<meta property=\"article:modified_time\" content=\"2022-07-05T14:07:09+00:00\" \/>\r\n<meta property=\"og:image\" content=\"https:\/\/www.classltd.com\/wp-content\/uploads\/2021\/09\/cargo-safe.jpg\" \/>\r\n\t<meta property=\"og:image:width\" content=\"620\" \/>\r\n\t<meta property=\"og:image:height\" content=\"200\" \/>\r\n\t<meta property=\"og:image:type\" content=\"image\/jpeg\" \/>\r\n<meta name=\"twitter:card\" content=\"summary_large_image\" \/>\r\n<meta name=\"twitter:site\" content=\"@classltd\" \/>\r\n<!-- \/ Yoast SEO plugin. -->","yoast_head_json":{"title":"CARGO-SAFE\u2122 Ultrasonic Hatch Cover Tester - Class Instrumentation Ltd","robots":{"index":"index","follow":"follow","max-snippet":"max-snippet:-1","max-image-preview":"max-image-preview:large","max-video-preview":"max-video-preview:-1"},"canonical":"https:\/\/www.classltd.com\/fr\/produit\/testeur-de-couvercle-de-trappe-a-ultrasons-pour-coffre-fort\/","og_locale":"fr_FR","og_type":"article","og_title":"CARGO-SAFE\u2122 Ultrasonic Hatch Cover Tester - Class Instrumentation Ltd","og_description":"CARGO-SAFE\u2122\u00a0The choice of marine surveyors across the globe  Where ever there is a risk of water ingress, our CARGO-SAFE\u2122 product can help you.  Often called UT or UT testing, the process consists of placing the transmitter on one side of whatever you are testing, and the receiver on the opposite end of what you are testing. The receiver is tuned to the transmitter frequency. The ultrasound can only travel through an air hole, so you immediately know if you have a problem. Ultrasound is not audible, so the receiver converts the ultrasound to an audible sound.","og_url":"https:\/\/www.classltd.com\/fr\/produit\/testeur-de-couvercle-de-trappe-a-ultrasons-pour-coffre-fort\/","og_site_name":"Class Instrumentation Ltd","article_publisher":"https:\/\/www.facebook.com\/ClassInstrumentation","article_modified_time":"2022-07-05T14:07:09+00:00","og_image":[{"width":620,"height":200,"url":"https:\/\/www.classltd.com\/wp-content\/uploads\/2021\/09\/cargo-safe.jpg","type":"image\/jpeg"}],"twitter_card":"summary_large_image","twitter_site":"@classltd","schema":{"@context":"https:\/\/schema.org","@graph":[{"@type":"WebPage","@id":"https:\/\/www.classltd.com\/product\/cargo-safe-ultrasonic-hatch-cover-tester\/","url":"https:\/\/www.classltd.com\/product\/cargo-safe-ultrasonic-hatch-cover-tester\/","name":"CARGO-SAFE\u2122 Ultrasonic Hatch Cover Tester - Class Instrumentation Ltd","isPartOf":{"@id":"https:\/\/www.classltd.com\/#website"},"primaryImageOfPage":{"@id":"https:\/\/www.classltd.com\/product\/cargo-safe-ultrasonic-hatch-cover-tester\/#primaryimage"},"image":{"@id":"https:\/\/www.classltd.com\/product\/cargo-safe-ultrasonic-hatch-cover-tester\/#primaryimage"},"thumbnailUrl":"https:\/\/www.classltd.com\/wp-content\/uploads\/2021\/09\/cargo-safe.jpg","datePublished":"2021-09-10T10:52:44+00:00","dateModified":"2022-07-05T14:07:09+00:00","breadcrumb":{"@id":"https:\/\/www.classltd.com\/product\/cargo-safe-ultrasonic-hatch-cover-tester\/#breadcrumb"},"inLanguage":"fr-FR","potentialAction":[{"@type":"ReadAction","target":["https:\/\/www.classltd.com\/product\/cargo-safe-ultrasonic-hatch-cover-tester\/"]}]},{"@type":"ImageObject","inLanguage":"fr-FR","@id":"https:\/\/www.classltd.com\/product\/cargo-safe-ultrasonic-hatch-cover-tester\/#primaryimage","url":"https:\/\/www.classltd.com\/wp-content\/uploads\/2021\/09\/cargo-safe.jpg","contentUrl":"https:\/\/www.classltd.com\/wp-content\/uploads\/2021\/09\/cargo-safe.jpg","width":620,"height":200,"caption":"CARGO-SAFE Ultrasonic Hatch Cover Tester"},{"@type":"BreadcrumbList","@id":"https:\/\/www.classltd.com\/product\/cargo-safe-ultrasonic-hatch-cover-tester\/#breadcrumb","itemListElement":[{"@type":"ListItem","position":1,"name":"Home","item":"https:\/\/www.classltd.com\/"},{"@type":"ListItem","position":2,"name":"Shop","item":"https:\/\/www.classltd.com\/shop\/"},{"@type":"ListItem","position":3,"name":"CARGO-SAFE\u2122 Ultrasonic Hatch Cover Tester"}]},{"@type":"WebSite","@id":"https:\/\/www.classltd.com\/#website","url":"https:\/\/www.classltd.com\/","name":"Classe Instrumentation Ltd","description":"","publisher":{"@id":"https:\/\/www.classltd.com\/#organization"},"potentialAction":[{"@type":"SearchAction","target":{"@type":"EntryPoint","urlTemplate":"https:\/\/www.classltd.com\/?s={search_term_string}"},"query-input":{"@type":"PropertyValueSpecification","valueRequired":true,"valueName":"search_term_string"}}],"inLanguage":"fr-FR"},{"@type":"Organization","@id":"https:\/\/www.classltd.com\/#organization","name":"Classe Instrumentation Ltd","url":"https:\/\/www.classltd.com\/","logo":{"@type":"ImageObject","inLanguage":"fr-FR","@id":"https:\/\/www.classltd.com\/#\/schema\/logo\/image\/","url":"https:\/\/www.classltd.com\/wp-content\/uploads\/2024\/01\/class_logo_main2.png","contentUrl":"https:\/\/www.classltd.com\/wp-content\/uploads\/2024\/01\/class_logo_main2.png","width":632,"height":54,"caption":"Class Instrumentation Ltd"},"image":{"@id":"https:\/\/www.classltd.com\/#\/schema\/logo\/image\/"},"sameAs":["https:\/\/www.facebook.com\/ClassInstrumentation","https:\/\/x.com\/classltd","https:\/\/www.youtube.com\/user\/ClassInstrumentation"]}]}},"_links":{"self":[{"href":"https:\/\/www.classltd.com\/fr\/wp-json\/wp\/v2\/product\/3526","targetHints":{"allow":["GET"]}}],"collection":[{"href":"https:\/\/www.classltd.com\/fr\/wp-json\/wp\/v2\/product"}],"about":[{"href":"https:\/\/www.classltd.com\/fr\/wp-json\/wp\/v2\/types\/product"}],"wp:featuredmedia":[{"embeddable":true,"href":"https:\/\/www.classltd.com\/fr\/wp-json\/wp\/v2\/media\/3531"}],"wp:attachment":[{"href":"https:\/\/www.classltd.com\/fr\/wp-json\/wp\/v2\/media?parent=3526"}],"wp:term":[{"taxonomy":"product_brand","embeddable":true,"href":"https:\/\/www.classltd.com\/fr\/wp-json\/wp\/v2\/product_brand?post=3526"},{"taxonomy":"product_cat","embeddable":true,"href":"https:\/\/www.classltd.com\/fr\/wp-json\/wp\/v2\/product_cat?post=3526"},{"taxonomy":"product_tag","embeddable":true,"href":"https:\/\/www.classltd.com\/fr\/wp-json\/wp\/v2\/product_tag?post=3526"}],"curies":[{"name":"wp","href":"https:\/\/api.w.org\/{rel}","templated":true}]}}