{"id":3,"date":"2021-08-25T10:58:58","date_gmt":"2021-08-25T10:58:58","guid":{"rendered":"http:\/\/telsamedia.co.uk\/classinstrument\/?page_id=3"},"modified":"2022-01-12T12:47:42","modified_gmt":"2022-01-12T12:47:42","slug":"privacy-policy","status":"publish","type":"page","link":"https:\/\/www.classltd.com\/fr\/politique-de-confidentialite\/","title":{"rendered":"Politique de confidentialit\u00e9"},"content":{"rendered":"<div class=\"fusion-fullwidth fullwidth-box fusion-builder-row-1 fusion-flex-container nonhundred-percent-fullwidth non-hundred-percent-height-scrolling\" style=\"--awb-border-radius-top-left:0px;--awb-border-radius-top-right:0px;--awb-border-radius-bottom-right:0px;--awb-border-radius-bottom-left:0px;--awb-flex-wrap:wrap;\" ><div class=\"fusion-builder-row fusion-row fusion-flex-align-items-flex-start fusion-flex-content-wrap\" style=\"max-width:1248px;margin-left: calc(-4% \/ 2 );margin-right: calc(-4% \/ 2 );\"><div class=\"fusion-layout-column fusion_builder_column fusion-builder-column-0 fusion_builder_column_1_1 1_1 fusion-flex-column\" style=\"--awb-bg-size:cover;--awb-width-large:100%;--awb-margin-top-large:0px;--awb-spacing-right-large:1.92%;--awb-margin-bottom-large:0px;--awb-spacing-left-large:1.92%;--awb-width-medium:100%;--awb-spacing-right-medium:1.92%;--awb-spacing-left-medium:1.92%;--awb-width-small:100%;--awb-spacing-right-small:1.92%;--awb-spacing-left-small:1.92%;\"><div class=\"fusion-column-wrapper fusion-flex-justify-content-flex-start fusion-content-layout-column\"><div class=\"fusion-text fusion-text-1\"><h1><strong>Politique de confidentialit\u00e9<\/strong><\/h1>\n<p>Politique de confidentialit\u00e9 de Class Instrumentation..en bref<\/p>\n<ul>\n<li>Class Instrumentation s&#039;engage \u00e0 prot\u00e9ger votre vie priv\u00e9e.<\/li>\n<li>Class Instrumentation a cr\u00e9\u00e9 cette d\u00e9claration de confidentialit\u00e9 afin de d\u00e9montrer notre engagement ferme envers la confidentialit\u00e9.<\/li>\n<li>Ce qui suit divulgue nos pratiques de collecte et de diffusion d&#039;informations pour le site Web \u00e0 l&#039;URL\u00a0:\u00a0<a href=\"http:\/\/www.classltd.com\/fr\/index.html\/\" target=\"_blank\" rel=\"noopener noreferrer\">www.classltd.com<\/a><\/li>\n<li>Class Instrumentation ne divulgue pas les informations des visiteurs \u00e0 des tiers.<\/li>\n<li>Toute information que vous nous fournissez, qu&#039;il s&#039;agisse d&#039;informations professionnelles ou personnelles (telles que votre nom ou votre adresse), ne peut \u00eatre vue par des tiers.<\/li>\n<li>Les informations que nous conservons sont stock\u00e9es sur nos propres syst\u00e8mes informatiques, et non sur un site Web.<\/li>\n<li>Ce site peut parfois contenir des liens vers d&#039;autres sites Web tiers ; Class Instrumentation n&#039;est pas responsable des pratiques de confidentialit\u00e9 ou du contenu de ces sites Web.<\/li>\n<li>Cette d\u00e9claration de confidentialit\u00e9 n&#039;est pas pr\u00e9sent\u00e9e comme un contrat juridiquement contraignant.<\/li>\n<\/ul>\n<h3>Quelles informations collectons-nous ou utilisons-nous ?<\/h3>\n<p>Il existe des sections de notre site Web o\u00f9 nous pouvons vous demander de vous inscrire afin d&#039;acc\u00e9der \u00e0 des documents de grande valeur, ou de pouvoir t\u00e9l\u00e9charger divers \u00e9l\u00e9ments, ou de prendre contact avec Class Instrumentation. Toutes les informations que vous fournissez resteront la propri\u00e9t\u00e9 s\u00e9curis\u00e9e de Class Instrumentation. En aucun cas, il ne sera vendu ou lou\u00e9 \u00e0 un tiers. Class Instrumentation peut cependant utiliser vos coordonn\u00e9es pour vous envoyer toute information que vous avez sp\u00e9cifiquement demand\u00e9e ou toute autre information ou actualit\u00e9 concernant notre soci\u00e9t\u00e9 et nos services. Vos coordonn\u00e9es peuvent \u00eatre utilis\u00e9es sous une forme agr\u00e9g\u00e9e pour l&#039;analyse marketing du trafic de notre site Web.<\/p>\n<p>En plus des informations personnelles que vous pouvez fournir, Class Instrumentation peut, \u00e0 l&#039;occasion, utiliser des logiciels ou d&#039;autres outils permettant de collecter des informations techniques pertinentes, par exemple l&#039;adresse IP (protocole Internet) (IP), le syst\u00e8me d&#039;exploitation d\u00e9ploy\u00e9 sur votre ordinateur , le navigateur utilis\u00e9 pour l&#039;acc\u00e8s, divers mod\u00e8les de trafic, ainsi que l&#039;adresse de tous les sites Web de r\u00e9f\u00e9rence. Class Instrumentation trace toujours comment un visiteur arrive sur le site Web de Class Instrumentation, mais il n&#039;est pas possible et nous n&#039;essaierons pas de recueillir des informations sur d&#039;autres sites qui ont \u00e9t\u00e9 visit\u00e9s avant d&#039;atterrir sur www.classltd.com.<\/p>\n<h3>Comment pouvons-nous utiliser vos informations personnelles ?<\/h3>\n<p>Class Instrumentation peut utiliser vos informations personnelles aux fins suivantes :<\/p>\n<ul>\n<li>Pour vous permettre d&#039;utiliser le site sans avoir \u00e0 saisir \u00e0 plusieurs reprises des mots de passe ou des identifiants.<\/li>\n<li>Pour fournir des informations ou des services que vous avez demand\u00e9s.<\/li>\n<li>Pour nous aider \u00e0 g\u00e9rer notre contenu afin de nous assurer qu&#039;il est pertinent et appropri\u00e9 pour vous.<\/li>\n<li>Pour vous alerter des actualit\u00e9s de l&#039;entreprise, des mises \u00e0 jour de produits, d&#039;autres informations mises \u00e0 jour et des nouveaux produits et services de Class Instrumentation<\/li>\n<\/ul>\n<h3>Qu&#039;est-ce qu&#039;un \u00ab cookie \u00bb ?<\/h3>\n<p>Les cookies sont une technologie Internet courante qui attribue une identification unique \u00e0 votre ordinateur et stocke les d\u00e9tails uniquement sur le disque dur de VOTRE ordinateur via une fonction de votre navigateur Web.<\/p>\n<p>Des cookies sont utilis\u00e9s sur ce site. Ils sont utilis\u00e9s pour garder une trace des informations que vous nous avez communiqu\u00e9es lors de vos visites sur le site. Le cookie stock\u00e9 sur votre ordinateur est simplement un identifiant num\u00e9rique qui nous permet de vous identifier lors de vos d\u00e9placements sur le site et ainsi vous permettre de r\u00e9cup\u00e9rer des informations que vous avez pr\u00e9c\u00e9demment transmises \u00e0 notre serveur.<\/p>\n<h3>Qu&#039;en est-il des liens sur votre site\u00a0?<\/h3>\n<ul>\n<li>Class Instrumentation peut, p\u00e9riodiquement, fournir des liens sur notre site qui dirigent vers des sites Web externes de tiers.<\/li>\n<li>Nous n&#039;avons aucun contr\u00f4le sur le contenu des autres sites, ni sur l&#039;utilisation des informations qu&#039;ils recueillent.<\/li>\n<li>Nous vous recommandons de toujours consulter les politiques de confidentialit\u00e9 de tous les sites tiers que vous visitez\u00a0; ils peuvent ne pas suivre les m\u00eames politiques que nous<\/li>\n<\/ul>\n<h3>Google Analytics<\/h3>\n<ul>\n<li>Ce site Web utilise Google Analytics, un service d&#039;analyse Web fourni par Google, Inc. (\u00ab\u00a0Google\u00a0\u00bb).<\/li>\n<li>Google Analytics utilise des cookies pour aider le site Web \u00e0 analyser la fa\u00e7on dont les utilisateurs utilisent le site.<\/li>\n<li>Les informations g\u00e9n\u00e9r\u00e9es par le cookie concernant votre utilisation du site Web (y compris votre adresse IP) seront transmises et stock\u00e9es par Google sur des serveurs aux \u00c9tats-Unis.<\/li>\n<li>Google utilisera ces informations dans le but d&#039;\u00e9valuer votre utilisation du site Web, de compiler des rapports sur l&#039;activit\u00e9 du site Web pour les op\u00e9rateurs de site Web et de fournir d&#039;autres services li\u00e9s \u00e0 l&#039;activit\u00e9 du site Web et \u00e0 l&#039;utilisation d&#039;Internet.<\/li>\n<li>Google peut \u00e9galement transf\u00e9rer ces informations \u00e0 des tiers lorsque la loi l&#039;exige ou lorsque ces tiers traitent les informations pour le compte de Google.<\/li>\n<li>Google n&#039;associera pas votre adresse IP \u00e0 d&#039;autres donn\u00e9es d\u00e9tenues par Google.<\/li>\n<li>Vous pouvez refuser l&#039;utilisation de cookies en s\u00e9lectionnant les param\u00e8tres appropri\u00e9s de votre navigateur, mais veuillez noter que si vous le faites, vous ne pourrez peut-\u00eatre pas utiliser toutes les fonctionnalit\u00e9s de ce site Web.<\/li>\n<li>En utilisant ce site Internet, vous consentez express\u00e9ment au traitement de vos donn\u00e9es nominatives par Google dans les conditions et pour les finalit\u00e9s d\u00e9crites ci-dessus.<\/li>\n<\/ul>\n<h3>D\u00e9sactivation<\/h3>\n<p>Notre site offre aux utilisateurs la possibilit\u00e9 de refuser de recevoir des communications de nous et de nos partenaires au moment o\u00f9 nous demandons des informations sur le visiteur.<\/p>\n<\/div><\/div><\/div><\/div><\/div>","protected":false},"excerpt":{"rendered":"","protected":false},"author":1,"featured_media":0,"parent":0,"menu_order":0,"comment_status":"closed","ping_status":"open","template":"","meta":{"footnotes":""},"class_list":["post-3","page","type-page","status-publish","hentry"],"yoast_head":"<!-- This site is optimized with the Yoast SEO plugin v26.9 - https:\/\/yoast.com\/product\/yoast-seo-wordpress\/ -->\r\n<title>Privacy Policy | Class Instrumentation Ltd<\/title>\r\n<meta name=\"description\" content=\"Please Refer our Privacy Policy about the Information We collect and How we process it - Class Instrumentation Ltd.\" \/>\r\n<meta name=\"robots\" content=\"index, follow, max-snippet:-1, max-image-preview:large, max-video-preview:-1\" \/>\r\n<link rel=\"canonical\" href=\"https:\/\/www.classltd.com\/fr\/politique-de-confidentialite\/\" \/>\r\n<meta property=\"og:locale\" content=\"fr_FR\" \/>\r\n<meta property=\"og:type\" content=\"article\" \/>\r\n<meta property=\"og:title\" content=\"Privacy Policy | Class Instrumentation Ltd\" \/>\r\n<meta property=\"og:description\" content=\"Please Refer our Privacy Policy about the Information We collect and How we process it - Class Instrumentation Ltd.\" \/>\r\n<meta property=\"og:url\" content=\"https:\/\/www.classltd.com\/fr\/politique-de-confidentialite\/\" \/>\r\n<meta property=\"og:site_name\" content=\"Class Instrumentation Ltd\" \/>\r\n<meta property=\"article:publisher\" content=\"https:\/\/www.facebook.com\/ClassInstrumentation\" \/>\r\n<meta property=\"article:modified_time\" content=\"2022-01-12T12:47:42+00:00\" \/>\r\n<meta name=\"twitter:card\" content=\"summary_large_image\" \/>\r\n<meta name=\"twitter:site\" content=\"@classltd\" \/>\r\n<meta name=\"twitter:label1\" content=\"Dur\u00e9e de lecture estim\u00e9e\" \/>\n\t<meta name=\"twitter:data1\" content=\"5 minutes\" \/>\r\n<!-- \/ Yoast SEO plugin. -->","yoast_head_json":{"title":"Politique de confidentialit\u00e9 | Classe Instrumentation Ltd","description":"Veuillez consulter notre politique de confidentialit\u00e9 concernant les informations que nous collectons et comment nous les traitons - Class Instrumentation Ltd.","robots":{"index":"index","follow":"follow","max-snippet":"max-snippet:-1","max-image-preview":"max-image-preview:large","max-video-preview":"max-video-preview:-1"},"canonical":"https:\/\/www.classltd.com\/fr\/politique-de-confidentialite\/","og_locale":"fr_FR","og_type":"article","og_title":"Privacy Policy | Class Instrumentation Ltd","og_description":"Please Refer our Privacy Policy about the Information We collect and How we process it - Class Instrumentation Ltd.","og_url":"https:\/\/www.classltd.com\/fr\/politique-de-confidentialite\/","og_site_name":"Class Instrumentation Ltd","article_publisher":"https:\/\/www.facebook.com\/ClassInstrumentation","article_modified_time":"2022-01-12T12:47:42+00:00","twitter_card":"summary_large_image","twitter_site":"@classltd","twitter_misc":{"Dur\u00e9e de lecture estim\u00e9e":"5 minutes"},"schema":{"@context":"https:\/\/schema.org","@graph":[{"@type":"WebPage","@id":"https:\/\/www.classltd.com\/privacy-policy\/","url":"https:\/\/www.classltd.com\/privacy-policy\/","name":"Politique de confidentialit\u00e9 | Classe Instrumentation Ltd","isPartOf":{"@id":"https:\/\/www.classltd.com\/#website"},"datePublished":"2021-08-25T10:58:58+00:00","dateModified":"2022-01-12T12:47:42+00:00","description":"Veuillez consulter notre politique de confidentialit\u00e9 concernant les informations que nous collectons et comment nous les traitons - Class Instrumentation Ltd.","breadcrumb":{"@id":"https:\/\/www.classltd.com\/privacy-policy\/#breadcrumb"},"inLanguage":"fr-FR","potentialAction":[{"@type":"ReadAction","target":["https:\/\/www.classltd.com\/privacy-policy\/"]}]},{"@type":"BreadcrumbList","@id":"https:\/\/www.classltd.com\/privacy-policy\/#breadcrumb","itemListElement":[{"@type":"ListItem","position":1,"name":"Home","item":"https:\/\/www.classltd.com\/"},{"@type":"ListItem","position":2,"name":"Privacy Policy"}]},{"@type":"WebSite","@id":"https:\/\/www.classltd.com\/#website","url":"https:\/\/www.classltd.com\/","name":"Classe Instrumentation Ltd","description":"","publisher":{"@id":"https:\/\/www.classltd.com\/#organization"},"potentialAction":[{"@type":"SearchAction","target":{"@type":"EntryPoint","urlTemplate":"https:\/\/www.classltd.com\/?s={search_term_string}"},"query-input":{"@type":"PropertyValueSpecification","valueRequired":true,"valueName":"search_term_string"}}],"inLanguage":"fr-FR"},{"@type":"Organization","@id":"https:\/\/www.classltd.com\/#organization","name":"Classe Instrumentation Ltd","url":"https:\/\/www.classltd.com\/","logo":{"@type":"ImageObject","inLanguage":"fr-FR","@id":"https:\/\/www.classltd.com\/#\/schema\/logo\/image\/","url":"https:\/\/www.classltd.com\/wp-content\/uploads\/2024\/01\/class_logo_main2.png","contentUrl":"https:\/\/www.classltd.com\/wp-content\/uploads\/2024\/01\/class_logo_main2.png","width":632,"height":54,"caption":"Class Instrumentation Ltd"},"image":{"@id":"https:\/\/www.classltd.com\/#\/schema\/logo\/image\/"},"sameAs":["https:\/\/www.facebook.com\/ClassInstrumentation","https:\/\/x.com\/classltd","https:\/\/www.youtube.com\/user\/ClassInstrumentation"]}]}},"_links":{"self":[{"href":"https:\/\/www.classltd.com\/fr\/wp-json\/wp\/v2\/pages\/3","targetHints":{"allow":["GET"]}}],"collection":[{"href":"https:\/\/www.classltd.com\/fr\/wp-json\/wp\/v2\/pages"}],"about":[{"href":"https:\/\/www.classltd.com\/fr\/wp-json\/wp\/v2\/types\/page"}],"author":[{"embeddable":true,"href":"https:\/\/www.classltd.com\/fr\/wp-json\/wp\/v2\/users\/1"}],"replies":[{"embeddable":true,"href":"https:\/\/www.classltd.com\/fr\/wp-json\/wp\/v2\/comments?post=3"}],"version-history":[{"count":2,"href":"https:\/\/www.classltd.com\/fr\/wp-json\/wp\/v2\/pages\/3\/revisions"}],"predecessor-version":[{"id":4745,"href":"https:\/\/www.classltd.com\/fr\/wp-json\/wp\/v2\/pages\/3\/revisions\/4745"}],"wp:attachment":[{"href":"https:\/\/www.classltd.com\/fr\/wp-json\/wp\/v2\/media?parent=3"}],"curies":[{"name":"wp","href":"https:\/\/api.w.org\/{rel}","templated":true}]}}