{"id":3951,"date":"2021-09-16T13:52:51","date_gmt":"2021-09-16T13:52:51","guid":{"rendered":"http:\/\/telsamedia.co.uk\/classinstrument\/?post_type=product&#038;p=3951"},"modified":"2022-06-30T13:47:20","modified_gmt":"2022-06-30T13:47:20","slug":"cargo-safe-data-ultrasonic-hatch-cover-tester","status":"publish","type":"product","link":"https:\/\/www.classltd.com\/es\/producto\/probador-ultrasonico-de-cubiertas-de-escotilla-de-datos-seguros-de-carga-2\/","title":{"rendered":"Probador ultras\u00f3nico de tapas de escotilla CARGO-SAFE DATA\u2122"},"content":{"rendered":"","protected":false},"excerpt":{"rendered":"<p>los <strong>DETECTOR DE FUGAS S\u00d3NICO\u2122 <\/strong>es un instrumento de bajo costo que permite la detecci\u00f3n r\u00e1pida de gases presurizados que se escapan de cualquier sistema de planta.<\/p>\n<p>Se puede utilizar con el <strong>CABIN-SAFE\u2122 <\/strong>o<strong> PUERTA-SAFE\u2122 <\/strong>transmisor para detectar agujeros en espacios cerrados.<\/p>\n<p>El &#039;ruido&#039; de ultrasonido generado por cualquier gas (aire comprimido, vapor, refrigerante o vac\u00edo, rodamientos defectuosos y arcos el\u00e9ctricos) se puede detectar f\u00e1cilmente, y la ubicaci\u00f3n de la fuga se identifica de forma r\u00e1pida y precisa a trav\u00e9s de los auriculares.<\/p>\n<p>los <strong>DETECTOR DE FUGAS S\u00d3NICO\u2122 <\/strong>puede reducir significativamente los tiempos de detecci\u00f3n de fugas y evitar problemas costosos y lentos en el futuro.<\/p>\n[fusion_button link=\"https:\/\/www.classltd.com\/cargo-safe-data-ultrasonic-hatch-cover-tester\/\" text_transform=\"\" title=\"\" target=\"_self\" link_attributes=\"\" alignment_medium=\"\" alignment_small=\"\" alignment=\"\" modal=\"\" hide_on_mobile=\"small-visibility,medium-visibility,large-visibility\" sticky_display=\"normal,sticky\" class=\"\" id=\"\" color=\"custom\" button_gradient_top_color=\"#00235a\" button_gradient_bottom_color=\"#00235a\" button_gradient_top_color_hover=\"\" button_gradient_bottom_color_hover=\"\" accent_color=\"\" accent_hover_color=\"\" type=\"\" bevel_color=\"\" border_width=\"\" border_radius=\"\" border_color=\"\" border_hover_color=\"\" size=\"\" stretch=\"default\" margin_top=\"\" margin_right=\"\" margin_bottom=\"\" margin_left=\"\" icon=\"fa-long-arrow-right fal\" icon_position=\"right\" icon_divider=\"no\" animation_type=\"\" animation_direction=\"left\" animation_speed=\"0.3\" animation_offset=\"\"]Read More Description[\/fusion_button]","protected":false},"featured_media":3760,"template":"","meta":[],"product_brand":[],"product_cat":[49],"product_tag":[],"class_list":{"0":"post-3951","1":"product","2":"type-product","3":"status-publish","4":"has-post-thumbnail","6":"product_cat-products","8":"first","9":"instock","10":"taxable","11":"shipping-taxable","12":"product-type-simple"},"yoast_head":"<!-- This site is optimized with the Yoast SEO plugin v26.9 - https:\/\/yoast.com\/product\/yoast-seo-wordpress\/ -->\r\n<title>CARGO-SAFE DATA\u2122 Ultrasonic Hatch Cover Tester - Class Instrumentation Ltd<\/title>\r\n<meta name=\"robots\" content=\"index, follow, max-snippet:-1, max-image-preview:large, max-video-preview:-1\" \/>\r\n<link rel=\"canonical\" href=\"https:\/\/www.classltd.com\/es\/producto\/probador-ultrasonico-de-cubiertas-de-escotilla-de-datos-seguros-de-carga-2\/\" \/>\r\n<meta property=\"og:locale\" content=\"es_ES\" \/>\r\n<meta property=\"og:type\" content=\"article\" \/>\r\n<meta property=\"og:title\" content=\"CARGO-SAFE DATA\u2122 Ultrasonic Hatch Cover Tester - Class Instrumentation Ltd\" \/>\r\n<meta property=\"og:description\" content=\"The SONIC LEAK DETECTOR\u2122 is a low-cost instrument that allows the rapid detection of pressurised gases escaping from any form of plant system.  It can be used with the CABIN-SAFE\u2122 or DOOR-SAFE\u2122 transmitter to detect holes in enclosed spaces.  The ultrasound \u2018noise\u2019 generated from any gas, (compressed air, steam, refrigerant or vacuum, bad bearings and electrical arcing) can be easily detected, ad the leak location rapidly and accurately identified through the headphones.  The SONIC LEAK DETECTOR\u2122 can significantly reduce leak detection times and avoid costly and time-consuming issues in the future.\" \/>\r\n<meta property=\"og:url\" content=\"https:\/\/www.classltd.com\/es\/producto\/probador-ultrasonico-de-cubiertas-de-escotilla-de-datos-seguros-de-carga-2\/\" \/>\r\n<meta property=\"og:site_name\" content=\"Class Instrumentation Ltd\" \/>\r\n<meta property=\"article:publisher\" content=\"https:\/\/www.facebook.com\/ClassInstrumentation\" \/>\r\n<meta property=\"article:modified_time\" content=\"2022-06-30T13:47:20+00:00\" \/>\r\n<meta property=\"og:image\" content=\"https:\/\/www.classltd.com\/wp-content\/uploads\/2021\/09\/sonic1-600x208-1.jpg\" \/>\r\n\t<meta property=\"og:image:width\" content=\"600\" \/>\r\n\t<meta property=\"og:image:height\" content=\"208\" \/>\r\n\t<meta property=\"og:image:type\" content=\"image\/jpeg\" \/>\r\n<meta name=\"twitter:card\" content=\"summary_large_image\" \/>\r\n<meta name=\"twitter:site\" content=\"@classltd\" \/>\r\n<!-- \/ Yoast SEO plugin. -->","yoast_head_json":{"title":"Probador ultras\u00f3nico de tapas de escotilla CARGO-SAFE DATA\u2122 - Class Instrumentation Ltd","robots":{"index":"index","follow":"follow","max-snippet":"max-snippet:-1","max-image-preview":"max-image-preview:large","max-video-preview":"max-video-preview:-1"},"canonical":"https:\/\/www.classltd.com\/es\/producto\/probador-ultrasonico-de-cubiertas-de-escotilla-de-datos-seguros-de-carga-2\/","og_locale":"es_ES","og_type":"article","og_title":"CARGO-SAFE DATA\u2122 Ultrasonic Hatch Cover Tester - Class Instrumentation Ltd","og_description":"The SONIC LEAK DETECTOR\u2122 is a low-cost instrument that allows the rapid detection of pressurised gases escaping from any form of plant system.  It can be used with the CABIN-SAFE\u2122 or DOOR-SAFE\u2122 transmitter to detect holes in enclosed spaces.  The ultrasound \u2018noise\u2019 generated from any gas, (compressed air, steam, refrigerant or vacuum, bad bearings and electrical arcing) can be easily detected, ad the leak location rapidly and accurately identified through the headphones.  The SONIC LEAK DETECTOR\u2122 can significantly reduce leak detection times and avoid costly and time-consuming issues in the future.","og_url":"https:\/\/www.classltd.com\/es\/producto\/probador-ultrasonico-de-cubiertas-de-escotilla-de-datos-seguros-de-carga-2\/","og_site_name":"Class Instrumentation Ltd","article_publisher":"https:\/\/www.facebook.com\/ClassInstrumentation","article_modified_time":"2022-06-30T13:47:20+00:00","og_image":[{"width":600,"height":208,"url":"https:\/\/www.classltd.com\/wp-content\/uploads\/2021\/09\/sonic1-600x208-1.jpg","type":"image\/jpeg"}],"twitter_card":"summary_large_image","twitter_site":"@classltd","schema":{"@context":"https:\/\/schema.org","@graph":[{"@type":"WebPage","@id":"https:\/\/www.classltd.com\/product\/cargo-safe-data-ultrasonic-hatch-cover-tester\/","url":"https:\/\/www.classltd.com\/product\/cargo-safe-data-ultrasonic-hatch-cover-tester\/","name":"Probador ultras\u00f3nico de tapas de escotilla CARGO-SAFE DATA\u2122 - Class Instrumentation Ltd","isPartOf":{"@id":"https:\/\/www.classltd.com\/#website"},"primaryImageOfPage":{"@id":"https:\/\/www.classltd.com\/product\/cargo-safe-data-ultrasonic-hatch-cover-tester\/#primaryimage"},"image":{"@id":"https:\/\/www.classltd.com\/product\/cargo-safe-data-ultrasonic-hatch-cover-tester\/#primaryimage"},"thumbnailUrl":"https:\/\/www.classltd.com\/wp-content\/uploads\/2021\/09\/sonic1-600x208-1.jpg","datePublished":"2021-09-16T13:52:51+00:00","dateModified":"2022-06-30T13:47:20+00:00","breadcrumb":{"@id":"https:\/\/www.classltd.com\/product\/cargo-safe-data-ultrasonic-hatch-cover-tester\/#breadcrumb"},"inLanguage":"es","potentialAction":[{"@type":"ReadAction","target":["https:\/\/www.classltd.com\/product\/cargo-safe-data-ultrasonic-hatch-cover-tester\/"]}]},{"@type":"ImageObject","inLanguage":"es","@id":"https:\/\/www.classltd.com\/product\/cargo-safe-data-ultrasonic-hatch-cover-tester\/#primaryimage","url":"https:\/\/www.classltd.com\/wp-content\/uploads\/2021\/09\/sonic1-600x208-1.jpg","contentUrl":"https:\/\/www.classltd.com\/wp-content\/uploads\/2021\/09\/sonic1-600x208-1.jpg","width":600,"height":208},{"@type":"BreadcrumbList","@id":"https:\/\/www.classltd.com\/product\/cargo-safe-data-ultrasonic-hatch-cover-tester\/#breadcrumb","itemListElement":[{"@type":"ListItem","position":1,"name":"Home","item":"https:\/\/www.classltd.com\/"},{"@type":"ListItem","position":2,"name":"Shop","item":"https:\/\/www.classltd.com\/shop\/"},{"@type":"ListItem","position":3,"name":"CARGO-SAFE DATA\u2122 Ultrasonic Hatch Cover Tester"}]},{"@type":"WebSite","@id":"https:\/\/www.classltd.com\/#website","url":"https:\/\/www.classltd.com\/","name":"clase instrumentaci\u00f3n ltd","description":"","publisher":{"@id":"https:\/\/www.classltd.com\/#organization"},"potentialAction":[{"@type":"SearchAction","target":{"@type":"EntryPoint","urlTemplate":"https:\/\/www.classltd.com\/?s={search_term_string}"},"query-input":{"@type":"PropertyValueSpecification","valueRequired":true,"valueName":"search_term_string"}}],"inLanguage":"es"},{"@type":"Organization","@id":"https:\/\/www.classltd.com\/#organization","name":"clase instrumentaci\u00f3n ltd","url":"https:\/\/www.classltd.com\/","logo":{"@type":"ImageObject","inLanguage":"es","@id":"https:\/\/www.classltd.com\/#\/schema\/logo\/image\/","url":"https:\/\/www.classltd.com\/wp-content\/uploads\/2024\/01\/class_logo_main2.png","contentUrl":"https:\/\/www.classltd.com\/wp-content\/uploads\/2024\/01\/class_logo_main2.png","width":632,"height":54,"caption":"Class Instrumentation Ltd"},"image":{"@id":"https:\/\/www.classltd.com\/#\/schema\/logo\/image\/"},"sameAs":["https:\/\/www.facebook.com\/ClassInstrumentation","https:\/\/x.com\/classltd","https:\/\/www.youtube.com\/user\/ClassInstrumentation"]}]}},"_links":{"self":[{"href":"https:\/\/www.classltd.com\/es\/wp-json\/wp\/v2\/product\/3951","targetHints":{"allow":["GET"]}}],"collection":[{"href":"https:\/\/www.classltd.com\/es\/wp-json\/wp\/v2\/product"}],"about":[{"href":"https:\/\/www.classltd.com\/es\/wp-json\/wp\/v2\/types\/product"}],"wp:featuredmedia":[{"embeddable":true,"href":"https:\/\/www.classltd.com\/es\/wp-json\/wp\/v2\/media\/3760"}],"wp:attachment":[{"href":"https:\/\/www.classltd.com\/es\/wp-json\/wp\/v2\/media?parent=3951"}],"wp:term":[{"taxonomy":"product_brand","embeddable":true,"href":"https:\/\/www.classltd.com\/es\/wp-json\/wp\/v2\/product_brand?post=3951"},{"taxonomy":"product_cat","embeddable":true,"href":"https:\/\/www.classltd.com\/es\/wp-json\/wp\/v2\/product_cat?post=3951"},{"taxonomy":"product_tag","embeddable":true,"href":"https:\/\/www.classltd.com\/es\/wp-json\/wp\/v2\/product_tag?post=3951"}],"curies":[{"name":"wp","href":"https:\/\/api.w.org\/{rel}","templated":true}]}}