{"id":3737,"date":"2021-09-13T11:59:54","date_gmt":"2021-09-13T11:59:54","guid":{"rendered":"https:\/\/telsamedia.co.uk\/classinstrument\/?post_type=product&#038;p=3737"},"modified":"2022-07-05T14:07:00","modified_gmt":"2022-07-05T14:07:00","slug":"door-safe-water-tight-tester","status":"publish","type":"product","link":"https:\/\/www.classltd.com\/es\/producto\/probador-hermetico-de-puertas-seguras\/","title":{"rendered":"Comprobador herm\u00e9tico DOOR-SAFE\u2122"},"content":{"rendered":"","protected":false},"excerpt":{"rendered":"<p>El DOOR-SAFE\u2122 es un kit ultras\u00f3nico completamente aprobado por ABS. Se utiliza para comprobar con rapidez y precisi\u00f3n la integridad de puertas y escotillas estancas.<\/p>\n<p>El kit de prueba DOOR-SAFE\u2122 WT consta de 2 unidades. Un transmisor ultras\u00f3nico y una unidad receptora port\u00e1til conectada a un micr\u00f3fono de inspecci\u00f3n flexible y auriculares compatibles con cascos.<\/p>\n[fusion_button link=\"https:\/\/www.classltd.com\/door-safe-water-tight-tester\/\" text_transform=\"\" title=\"\" target=\"_self\" link_attributes=\"\" alignment_medium=\"\" alignment_small=\"\" alignment=\"\" modal=\"\" hide_on_mobile=\"small-visibility,medium-visibility,large-visibility\" sticky_display=\"normal,sticky\" class=\"\" id=\"\" color=\"custom\" button_gradient_top_color=\"#00235a\" button_gradient_bottom_color=\"#00235a\" button_gradient_top_color_hover=\"\" button_gradient_bottom_color_hover=\"\" accent_color=\"\" accent_hover_color=\"\" type=\"\" bevel_color=\"\" border_width=\"\" border_radius=\"\" border_color=\"\" border_hover_color=\"\" size=\"\" stretch=\"default\" margin_top=\"\" margin_right=\"\" margin_bottom=\"\" margin_left=\"\" icon=\"fa-long-arrow-right fal\" icon_position=\"right\" icon_divider=\"no\" animation_type=\"\" animation_direction=\"left\" animation_speed=\"0.3\" animation_offset=\"\"]Read More Description[\/fusion_button]","protected":false},"featured_media":3739,"template":"","meta":[],"product_brand":[],"product_cat":[49],"product_tag":[],"class_list":{"0":"post-3737","1":"product","2":"type-product","3":"status-publish","4":"has-post-thumbnail","6":"product_cat-products","8":"first","9":"instock","10":"taxable","11":"shipping-taxable","12":"product-type-simple"},"yoast_head":"<!-- This site is optimized with the Yoast SEO plugin v26.9 - https:\/\/yoast.com\/product\/yoast-seo-wordpress\/ -->\r\n<title>DOOR-SAFE\u2122 Water-Tight Tester - Class Instrumentation Ltd<\/title>\r\n<meta name=\"robots\" content=\"index, follow, max-snippet:-1, max-image-preview:large, max-video-preview:-1\" \/>\r\n<link rel=\"canonical\" href=\"https:\/\/www.classltd.com\/es\/producto\/probador-hermetico-de-puertas-seguras\/\" \/>\r\n<meta property=\"og:locale\" content=\"es_ES\" \/>\r\n<meta property=\"og:type\" content=\"article\" \/>\r\n<meta property=\"og:title\" content=\"DOOR-SAFE\u2122 Water-Tight Tester - Class Instrumentation Ltd\" \/>\r\n<meta property=\"og:description\" content=\"The DOOR-SAFE\u2122 is a fully ABS Type approved ultrasonic kit. It is used to rapidly and accurately test the integrity of watertight doors and hatches.  The DOOR-SAFE\u2122 WT tester kit consists of 2 units. An ultrasonic transmitter and a portable, handheld receiver unit connected to a flexible inspection microphone and hard hat compatible headphones.\" \/>\r\n<meta property=\"og:url\" content=\"https:\/\/www.classltd.com\/es\/producto\/probador-hermetico-de-puertas-seguras\/\" \/>\r\n<meta property=\"og:site_name\" content=\"Class Instrumentation Ltd\" \/>\r\n<meta property=\"article:publisher\" content=\"https:\/\/www.facebook.com\/ClassInstrumentation\" \/>\r\n<meta property=\"article:modified_time\" content=\"2022-07-05T14:07:00+00:00\" \/>\r\n<meta property=\"og:image\" content=\"https:\/\/www.classltd.com\/wp-content\/uploads\/2021\/09\/Door-Safe-triple-mk2-1.jpg\" \/>\r\n\t<meta property=\"og:image:width\" content=\"601\" \/>\r\n\t<meta property=\"og:image:height\" content=\"212\" \/>\r\n\t<meta property=\"og:image:type\" content=\"image\/jpeg\" \/>\r\n<meta name=\"twitter:card\" content=\"summary_large_image\" \/>\r\n<meta name=\"twitter:site\" content=\"@classltd\" \/>\r\n<!-- \/ Yoast SEO plugin. -->","yoast_head_json":{"title":"Comprobador herm\u00e9tico DOOR-SAFE\u2122 - Class Instrumentation Ltd","robots":{"index":"index","follow":"follow","max-snippet":"max-snippet:-1","max-image-preview":"max-image-preview:large","max-video-preview":"max-video-preview:-1"},"canonical":"https:\/\/www.classltd.com\/es\/producto\/probador-hermetico-de-puertas-seguras\/","og_locale":"es_ES","og_type":"article","og_title":"DOOR-SAFE\u2122 Water-Tight Tester - Class Instrumentation Ltd","og_description":"The DOOR-SAFE\u2122 is a fully ABS Type approved ultrasonic kit. It is used to rapidly and accurately test the integrity of watertight doors and hatches.  The DOOR-SAFE\u2122 WT tester kit consists of 2 units. An ultrasonic transmitter and a portable, handheld receiver unit connected to a flexible inspection microphone and hard hat compatible headphones.","og_url":"https:\/\/www.classltd.com\/es\/producto\/probador-hermetico-de-puertas-seguras\/","og_site_name":"Class Instrumentation Ltd","article_publisher":"https:\/\/www.facebook.com\/ClassInstrumentation","article_modified_time":"2022-07-05T14:07:00+00:00","og_image":[{"width":601,"height":212,"url":"https:\/\/www.classltd.com\/wp-content\/uploads\/2021\/09\/Door-Safe-triple-mk2-1.jpg","type":"image\/jpeg"}],"twitter_card":"summary_large_image","twitter_site":"@classltd","schema":{"@context":"https:\/\/schema.org","@graph":[{"@type":"WebPage","@id":"https:\/\/www.classltd.com\/product\/door-safe-water-tight-tester\/","url":"https:\/\/www.classltd.com\/product\/door-safe-water-tight-tester\/","name":"Comprobador herm\u00e9tico DOOR-SAFE\u2122 - Class Instrumentation Ltd","isPartOf":{"@id":"https:\/\/www.classltd.com\/#website"},"primaryImageOfPage":{"@id":"https:\/\/www.classltd.com\/product\/door-safe-water-tight-tester\/#primaryimage"},"image":{"@id":"https:\/\/www.classltd.com\/product\/door-safe-water-tight-tester\/#primaryimage"},"thumbnailUrl":"https:\/\/www.classltd.com\/wp-content\/uploads\/2021\/09\/Door-Safe-triple-mk2-1.jpg","datePublished":"2021-09-13T11:59:54+00:00","dateModified":"2022-07-05T14:07:00+00:00","breadcrumb":{"@id":"https:\/\/www.classltd.com\/product\/door-safe-water-tight-tester\/#breadcrumb"},"inLanguage":"es","potentialAction":[{"@type":"ReadAction","target":["https:\/\/www.classltd.com\/product\/door-safe-water-tight-tester\/"]}]},{"@type":"ImageObject","inLanguage":"es","@id":"https:\/\/www.classltd.com\/product\/door-safe-water-tight-tester\/#primaryimage","url":"https:\/\/www.classltd.com\/wp-content\/uploads\/2021\/09\/Door-Safe-triple-mk2-1.jpg","contentUrl":"https:\/\/www.classltd.com\/wp-content\/uploads\/2021\/09\/Door-Safe-triple-mk2-1.jpg","width":601,"height":212},{"@type":"BreadcrumbList","@id":"https:\/\/www.classltd.com\/product\/door-safe-water-tight-tester\/#breadcrumb","itemListElement":[{"@type":"ListItem","position":1,"name":"Home","item":"https:\/\/www.classltd.com\/"},{"@type":"ListItem","position":2,"name":"Shop","item":"https:\/\/www.classltd.com\/shop\/"},{"@type":"ListItem","position":3,"name":"DOOR-SAFE\u2122 Water-Tight Tester"}]},{"@type":"WebSite","@id":"https:\/\/www.classltd.com\/#website","url":"https:\/\/www.classltd.com\/","name":"clase instrumentaci\u00f3n ltd","description":"","publisher":{"@id":"https:\/\/www.classltd.com\/#organization"},"potentialAction":[{"@type":"SearchAction","target":{"@type":"EntryPoint","urlTemplate":"https:\/\/www.classltd.com\/?s={search_term_string}"},"query-input":{"@type":"PropertyValueSpecification","valueRequired":true,"valueName":"search_term_string"}}],"inLanguage":"es"},{"@type":"Organization","@id":"https:\/\/www.classltd.com\/#organization","name":"clase instrumentaci\u00f3n ltd","url":"https:\/\/www.classltd.com\/","logo":{"@type":"ImageObject","inLanguage":"es","@id":"https:\/\/www.classltd.com\/#\/schema\/logo\/image\/","url":"https:\/\/www.classltd.com\/wp-content\/uploads\/2024\/01\/class_logo_main2.png","contentUrl":"https:\/\/www.classltd.com\/wp-content\/uploads\/2024\/01\/class_logo_main2.png","width":632,"height":54,"caption":"Class Instrumentation Ltd"},"image":{"@id":"https:\/\/www.classltd.com\/#\/schema\/logo\/image\/"},"sameAs":["https:\/\/www.facebook.com\/ClassInstrumentation","https:\/\/x.com\/classltd","https:\/\/www.youtube.com\/user\/ClassInstrumentation"]}]}},"_links":{"self":[{"href":"https:\/\/www.classltd.com\/es\/wp-json\/wp\/v2\/product\/3737","targetHints":{"allow":["GET"]}}],"collection":[{"href":"https:\/\/www.classltd.com\/es\/wp-json\/wp\/v2\/product"}],"about":[{"href":"https:\/\/www.classltd.com\/es\/wp-json\/wp\/v2\/types\/product"}],"wp:featuredmedia":[{"embeddable":true,"href":"https:\/\/www.classltd.com\/es\/wp-json\/wp\/v2\/media\/3739"}],"wp:attachment":[{"href":"https:\/\/www.classltd.com\/es\/wp-json\/wp\/v2\/media?parent=3737"}],"wp:term":[{"taxonomy":"product_brand","embeddable":true,"href":"https:\/\/www.classltd.com\/es\/wp-json\/wp\/v2\/product_brand?post=3737"},{"taxonomy":"product_cat","embeddable":true,"href":"https:\/\/www.classltd.com\/es\/wp-json\/wp\/v2\/product_cat?post=3737"},{"taxonomy":"product_tag","embeddable":true,"href":"https:\/\/www.classltd.com\/es\/wp-json\/wp\/v2\/product_tag?post=3737"}],"curies":[{"name":"wp","href":"https:\/\/api.w.org\/{rel}","templated":true}]}}