{"id":5191,"date":"2022-04-21T22:38:01","date_gmt":"2022-04-21T22:38:01","guid":{"rendered":"https:\/\/www.classltd.com\/?page_id=5191"},"modified":"2022-05-30T17:11:36","modified_gmt":"2022-05-30T17:11:36","slug":"tabla-de-velocidad-del-sonido","status":"publish","type":"page","link":"https:\/\/classltd.com\/es\/sound-velocity-table\/","title":{"rendered":"Tabla de velocidad del sonido"},"content":{"rendered":"<div class=\"fusion-fullwidth fullwidth-box fusion-builder-row-1 fusion-flex-container nonhundred-percent-fullwidth non-hundred-percent-height-scrolling\" style=\"--awb-border-radius-top-left:0px;--awb-border-radius-top-right:0px;--awb-border-radius-bottom-right:0px;--awb-border-radius-bottom-left:0px;--awb-padding-top:100px;--awb-padding-bottom:100px;--awb-padding-top-medium:75px;--awb-padding-bottom-medium:75px;--awb-padding-top-small:50px;--awb-padding-bottom-small:50px;--awb-flex-wrap:wrap;\" ><div class=\"fusion-builder-row fusion-row fusion-flex-align-items-flex-start fusion-flex-content-wrap\" style=\"max-width:1248px;margin-left: calc(-4% \/ 2 );margin-right: calc(-4% \/ 2 );\"><div class=\"fusion-layout-column fusion_builder_column fusion-builder-column-0 fusion_builder_column_1_1 1_1 fusion-flex-column\" style=\"--awb-bg-size:cover;--awb-border-color:#e4e4e4;--awb-border-style:solid;--awb-width-large:100%;--awb-margin-top-large:0px;--awb-spacing-right-large:1.92%;--awb-margin-bottom-large:20px;--awb-spacing-left-large:1.92%;--awb-width-medium:100%;--awb-order-medium:0;--awb-spacing-right-medium:1.92%;--awb-spacing-left-medium:1.92%;--awb-width-small:100%;--awb-order-small:0;--awb-spacing-right-small:1.92%;--awb-spacing-left-small:1.92%;\"><div class=\"fusion-column-wrapper fusion-column-has-shadow fusion-flex-justify-content-flex-start fusion-content-layout-column\"><div class=\"fusion-title title fusion-title-1 fusion-sep-none fusion-title-text fusion-title-size-one main-title\" style=\"--awb-margin-top:00px;--awb-margin-top-small:00px;--awb-margin-right-small:0px;--awb-margin-bottom-small:15px;--awb-margin-left-small:0px;--awb-margin-top-medium:00px;--awb-margin-bottom-medium:15px;\"><h1 class=\"fusion-title-heading title-heading-left\" style=\"margin:0;\"><h1>Tabla de velocidad del sonido<\/h1><\/h1><\/div><div class=\"fusion-separator custome-sep\" style=\"align-self: flex-start;margin-right:auto;margin-top:0px;margin-bottom:30px;width:100%;max-width:120px;\"><div class=\"fusion-separator-border sep-single sep-solid\" style=\"--awb-height:20px;--awb-amount:20px;--awb-sep-color:#fc6a20;border-color:#fc6a20;border-top-width:4px;\"><\/div><\/div><div class=\"fusion-text fusion-text-1\"><p>Una tabla de velocidad del sonido es una lista de la velocidad del sonido en varios materiales. Esta informaci\u00f3n es necesaria para usar nuestro\u00a0<strong><a href=\"https:\/\/classltd.com\/es\/touchstone-1-medidor-de-grosor-ultrasonico-2\/\">Medidor de espesor ultras\u00f3nico Touchstone 1<\/a><\/strong>, ya que la velocidad con la que el ultrasonido se mover\u00e1 a trav\u00e9s del material en cuesti\u00f3n debe programarse en el medidor para obtener una lectura de espesor precisa.<\/p>\n<p>Todas las velocidades en esta tabla de velocidad del sonido son aproximaciones:<\/p>\n<\/div><div class=\"fusion-section-separator section-separator triangle fusion-section-separator-1\" style=\"--awb-border-top:2px solid #e2e2e2;--awb-spacer-height:2px;--awb-svg-margin-left:1.92%;--awb-svg-margin-right:1.92%;--awb-svg-margin-left-medium:1.92%;--awb-svg-margin-right-medium:1.92%;--awb-svg-margin-left-small:1.92%;--awb-svg-margin-right-small:1.92%;--awb-icon-color:#ffffff;--awb-icon-top:-12px;--awb-margin-top:50px;--awb-margin-bottom:50px;\"><div class=\"fusion-section-separator-svg\"><div class=\"divider-candy-arrow top\" style=\"bottom:2px;border-bottom-color: #f9f9fb;\"><\/div><div class=\"divider-candy top\" style=\"top:-22px;border-bottom:1px solid #e2e2e2;border-left:1px solid #e2e2e2;\"><\/div><\/div><div class=\"fusion-section-separator-spacer\"><div class=\"fusion-section-separator-spacer-height\"><\/div><\/div><\/div><div class=\"fusion-text fusion-text-2\" style=\"--awb-content-alignment:center;\"><table style=\"height: 1253px;\" width=\"1089\">\n<tbody>\n<tr>\n<td width=\"33%\"><b>Material<\/b><\/td>\n<td><b>Velocidad del sonido Pulgadas\/\u00b5Segundo<\/b><\/td>\n<td width=\"33%\"><b>Metros\/segundo<\/b><\/td>\n<\/tr>\n<tr>\n<td>Aire<\/td>\n<td>0.013<\/td>\n<td>330<\/td>\n<\/tr>\n<tr>\n<td>Aluminio<\/td>\n<td>0.250<\/td>\n<td>6300<\/td>\n<\/tr>\n<tr>\n<td>\u00f3xido de al\u00famina<\/td>\n<td>0.390<\/td>\n<td>9900<\/td>\n<\/tr>\n<tr>\n<td>Berilio<\/td>\n<td>0.510<\/td>\n<td>12900<\/td>\n<\/tr>\n<tr>\n<td>Carburo de boro<\/td>\n<td>0.430<\/td>\n<td>11000<\/td>\n<\/tr>\n<tr>\n<td>Lat\u00f3n<\/td>\n<td>0.170<\/td>\n<td>4300<\/td>\n<\/tr>\n<tr>\n<td>Cadmio<\/td>\n<td>0.110<\/td>\n<td>2800<\/td>\n<\/tr>\n<tr>\n<td>Cobre<\/td>\n<td>0.180<\/td>\n<td>4700<\/td>\n<\/tr>\n<tr>\n<td>Vidrio (corona)<\/td>\n<td>0.210<\/td>\n<td>5300<\/td>\n<\/tr>\n<tr>\n<td>Glicerina<\/td>\n<td>0.075<\/td>\n<td>1900<\/td>\n<\/tr>\n<tr>\n<td>Oro<\/td>\n<td>0.130<\/td>\n<td>3200<\/td>\n<\/tr>\n<tr>\n<td>Hielo<\/td>\n<td>0.160<\/td>\n<td>4000<\/td>\n<\/tr>\n<tr>\n<td>Inconel<\/td>\n<td>0.220<\/td>\n<td>5700<\/td>\n<\/tr>\n<tr>\n<td>Hierro<\/td>\n<td>0.230<\/td>\n<td>5900<\/td>\n<\/tr>\n<tr>\n<td>Hierro fundido)<\/td>\n<td>0.180<\/td>\n<td>4600<\/td>\n<\/tr>\n<tr>\n<td>Guiar<\/td>\n<td>0.085<\/td>\n<td>2200<\/td>\n<\/tr>\n<tr>\n<td>Magnesio<\/td>\n<td>0.230<\/td>\n<td>5800<\/td>\n<\/tr>\n<tr>\n<td>Mercurio<\/td>\n<td>0.057<\/td>\n<td>1400<\/td>\n<\/tr>\n<tr>\n<td>Molibdeno<\/td>\n<td>0.250<\/td>\n<td>6300<\/td>\n<\/tr>\n<tr>\n<td>Monel<\/td>\n<td>0.210<\/td>\n<td>5400<\/td>\n<\/tr>\n<tr>\n<td>neopreno<\/td>\n<td>0.063<\/td>\n<td>1600<\/td>\n<\/tr>\n<tr>\n<td>N\u00edquel<\/td>\n<td>0.220<\/td>\n<td>5600<\/td>\n<\/tr>\n<tr>\n<td>Nailon, 6.6<\/td>\n<td>0.100<\/td>\n<td>2600<\/td>\n<\/tr>\n<tr>\n<td>Aceite (SAE 30)<\/td>\n<td>0.067<\/td>\n<td>1700<\/td>\n<\/tr>\n<tr>\n<td>Platino<\/td>\n<td>0.130<\/td>\n<td>3300<\/td>\n<\/tr>\n<tr>\n<td>Plexigl\u00e1s<\/td>\n<td>0.110<\/td>\n<td>1700<\/td>\n<\/tr>\n<tr>\n<td>Polietileno<\/td>\n<td>0.070<\/td>\n<td>1900<\/td>\n<\/tr>\n<tr>\n<td>Poliestireno<\/td>\n<td>0.0930<\/td>\n<td>2400<\/td>\n<\/tr>\n<tr>\n<td>Poliuretano<\/td>\n<td>0.0700<\/td>\n<td>1900<\/td>\n<\/tr>\n<tr>\n<td>Cuarzo<\/td>\n<td>0.230<\/td>\n<td>5800<\/td>\n<\/tr>\n<tr>\n<td>caucho, butilo<\/td>\n<td>0.070<\/td>\n<td>1800<\/td>\n<\/tr>\n<tr>\n<td>Plata<\/td>\n<td>0.140<\/td>\n<td>3600<\/td>\n<\/tr>\n<tr>\n<td>Acero, Suave<\/td>\n<td>0.230<\/td>\n<td>5920<\/td>\n<\/tr>\n<tr>\n<td>Acero inoxidable<\/td>\n<td>0.230<\/td>\n<td>5800<\/td>\n<\/tr>\n<tr>\n<td>tefl\u00f3n<\/td>\n<td>0.060<\/td>\n<td>1400<\/td>\n<\/tr>\n<tr>\n<td>Esta\u00f1o<\/td>\n<td>0.130<\/td>\n<td>3300<\/td>\n<\/tr>\n<tr>\n<td>Titanio<\/td>\n<td>0.240<\/td>\n<td>6100<\/td>\n<\/tr>\n<tr>\n<td>Tungsteno<\/td>\n<td>0.200<\/td>\n<td>5200<\/td>\n<\/tr>\n<tr>\n<td>Uranio<\/td>\n<td>0.130<\/td>\n<td>3400<\/td>\n<\/tr>\n<tr>\n<td>Agua<\/td>\n<td>0.0584<\/td>\n<td>1480<\/td>\n<\/tr>\n<tr>\n<td>Zinc<\/td>\n<td>0.170<\/td>\n<td>4200<\/td>\n<\/tr>\n<\/tbody>\n<\/table>\n<\/div><\/div><\/div><\/div><\/div>","protected":false},"excerpt":{"rendered":"","protected":false},"author":1,"featured_media":0,"parent":0,"menu_order":0,"comment_status":"closed","ping_status":"closed","template":"100-width.php","meta":{"footnotes":""},"class_list":["post-5191","page","type-page","status-publish","hentry"],"yoast_head":"<!-- This site is optimized with the Yoast SEO plugin v27.1.1 - https:\/\/yoast.com\/product\/yoast-seo-wordpress\/ -->\n<title>Sound Velocity Table<\/title>\n<meta name=\"description\" content=\"Sound Velocity Table by Class Instrumentation. If You Still Need More Help, Call Us @+442083332288.\" \/>\n<meta name=\"robots\" content=\"index, follow, max-snippet:-1, max-image-preview:large, max-video-preview:-1\" \/>\n<link rel=\"canonical\" href=\"https:\/\/classltd.com\/es\/tabla-de-velocidad-del-sonido\/\" \/>\n<meta property=\"og:locale\" content=\"es_ES\" \/>\n<meta property=\"og:type\" content=\"article\" \/>\n<meta property=\"og:title\" content=\"Sound Velocity Table\" \/>\n<meta property=\"og:description\" content=\"Sound Velocity Table by Class Instrumentation. If You Still Need More Help, Call Us @+442083332288.\" \/>\n<meta property=\"og:url\" content=\"https:\/\/classltd.com\/es\/tabla-de-velocidad-del-sonido\/\" \/>\n<meta property=\"og:site_name\" content=\"Class Instrumentation Ltd\" \/>\n<meta property=\"article:publisher\" content=\"https:\/\/www.facebook.com\/ClassInstrumentation\" \/>\n<meta property=\"article:modified_time\" content=\"2022-05-30T17:11:36+00:00\" \/>\n<meta name=\"twitter:card\" content=\"summary_large_image\" \/>\n<meta name=\"twitter:site\" content=\"@classltd\" \/>\n<meta name=\"twitter:label1\" content=\"Tiempo de lectura\" \/>\n\t<meta name=\"twitter:data1\" content=\"3 minutos\" \/>\n<script type=\"application\/ld+json\" class=\"yoast-schema-graph\">{\"@context\":\"https:\/\/schema.org\",\"@graph\":[{\"@type\":\"WebPage\",\"@id\":\"https:\/\/classltd.com\/sound-velocity-table\/\",\"url\":\"https:\/\/classltd.com\/sound-velocity-table\/\",\"name\":\"Sound Velocity Table\",\"isPartOf\":{\"@id\":\"https:\/\/classltd.com\/#website\"},\"datePublished\":\"2022-04-21T22:38:01+00:00\",\"dateModified\":\"2022-05-30T17:11:36+00:00\",\"description\":\"Sound Velocity Table by Class Instrumentation. If You Still Need More Help, Call Us @+442083332288.\",\"breadcrumb\":{\"@id\":\"https:\/\/classltd.com\/sound-velocity-table\/#breadcrumb\"},\"inLanguage\":\"es\",\"potentialAction\":[{\"@type\":\"ReadAction\",\"target\":[\"https:\/\/classltd.com\/sound-velocity-table\/\"]}]},{\"@type\":\"BreadcrumbList\",\"@id\":\"https:\/\/classltd.com\/sound-velocity-table\/#breadcrumb\",\"itemListElement\":[{\"@type\":\"ListItem\",\"position\":1,\"name\":\"Home\",\"item\":\"https:\/\/classltd.com\/\"},{\"@type\":\"ListItem\",\"position\":2,\"name\":\"Sound Velocity Table\"}]},{\"@type\":\"WebSite\",\"@id\":\"https:\/\/classltd.com\/#website\",\"url\":\"https:\/\/classltd.com\/\",\"name\":\"Class Instrumentation Ltd\",\"description\":\"\",\"publisher\":{\"@id\":\"https:\/\/classltd.com\/#organization\"},\"potentialAction\":[{\"@type\":\"SearchAction\",\"target\":{\"@type\":\"EntryPoint\",\"urlTemplate\":\"https:\/\/classltd.com\/?s={search_term_string}\"},\"query-input\":{\"@type\":\"PropertyValueSpecification\",\"valueRequired\":true,\"valueName\":\"search_term_string\"}}],\"inLanguage\":\"es\"},{\"@type\":\"Organization\",\"@id\":\"https:\/\/classltd.com\/#organization\",\"name\":\"Class Instrumentation Ltd\",\"url\":\"https:\/\/classltd.com\/\",\"logo\":{\"@type\":\"ImageObject\",\"inLanguage\":\"es\",\"@id\":\"https:\/\/classltd.com\/#\/schema\/logo\/image\/\",\"url\":\"https:\/\/www.classltd.com\/wp-content\/uploads\/2024\/01\/class_logo_main2.png\",\"contentUrl\":\"https:\/\/www.classltd.com\/wp-content\/uploads\/2024\/01\/class_logo_main2.png\",\"width\":632,\"height\":54,\"caption\":\"Class Instrumentation Ltd\"},\"image\":{\"@id\":\"https:\/\/classltd.com\/#\/schema\/logo\/image\/\"},\"sameAs\":[\"https:\/\/www.facebook.com\/ClassInstrumentation\",\"https:\/\/x.com\/classltd\",\"https:\/\/www.youtube.com\/user\/ClassInstrumentation\"]}]}<\/script>\n<!-- \/ Yoast SEO plugin. -->","yoast_head_json":{"title":"Tabla de velocidad del sonido","description":"Tabla de velocidad del sonido por clase de instrumentaci\u00f3n. Si a\u00fan necesita m\u00e1s ayuda, ll\u00e1menos al +442083332288.","robots":{"index":"index","follow":"follow","max-snippet":"max-snippet:-1","max-image-preview":"max-image-preview:large","max-video-preview":"max-video-preview:-1"},"canonical":"https:\/\/classltd.com\/es\/tabla-de-velocidad-del-sonido\/","og_locale":"es_ES","og_type":"article","og_title":"Sound Velocity Table","og_description":"Sound Velocity Table by Class Instrumentation. If You Still Need More Help, Call Us @+442083332288.","og_url":"https:\/\/classltd.com\/es\/tabla-de-velocidad-del-sonido\/","og_site_name":"Class Instrumentation Ltd","article_publisher":"https:\/\/www.facebook.com\/ClassInstrumentation","article_modified_time":"2022-05-30T17:11:36+00:00","twitter_card":"summary_large_image","twitter_site":"@classltd","twitter_misc":{"Tiempo de lectura":"3 minutos"},"schema":{"@context":"https:\/\/schema.org","@graph":[{"@type":"WebPage","@id":"https:\/\/classltd.com\/sound-velocity-table\/","url":"https:\/\/classltd.com\/sound-velocity-table\/","name":"Tabla de velocidad del sonido","isPartOf":{"@id":"https:\/\/classltd.com\/#website"},"datePublished":"2022-04-21T22:38:01+00:00","dateModified":"2022-05-30T17:11:36+00:00","description":"Tabla de velocidad del sonido por clase de instrumentaci\u00f3n. Si a\u00fan necesita m\u00e1s ayuda, ll\u00e1menos al +442083332288.","breadcrumb":{"@id":"https:\/\/classltd.com\/sound-velocity-table\/#breadcrumb"},"inLanguage":"es","potentialAction":[{"@type":"ReadAction","target":["https:\/\/classltd.com\/sound-velocity-table\/"]}]},{"@type":"BreadcrumbList","@id":"https:\/\/classltd.com\/sound-velocity-table\/#breadcrumb","itemListElement":[{"@type":"ListItem","position":1,"name":"Home","item":"https:\/\/classltd.com\/"},{"@type":"ListItem","position":2,"name":"Sound Velocity Table"}]},{"@type":"WebSite","@id":"https:\/\/classltd.com\/#website","url":"https:\/\/classltd.com\/","name":"clase instrumentaci\u00f3n ltd","description":"","publisher":{"@id":"https:\/\/classltd.com\/#organization"},"potentialAction":[{"@type":"SearchAction","target":{"@type":"EntryPoint","urlTemplate":"https:\/\/classltd.com\/?s={search_term_string}"},"query-input":{"@type":"PropertyValueSpecification","valueRequired":true,"valueName":"search_term_string"}}],"inLanguage":"es"},{"@type":"Organization","@id":"https:\/\/classltd.com\/#organization","name":"clase instrumentaci\u00f3n ltd","url":"https:\/\/classltd.com\/","logo":{"@type":"ImageObject","inLanguage":"es","@id":"https:\/\/classltd.com\/#\/schema\/logo\/image\/","url":"https:\/\/www.classltd.com\/wp-content\/uploads\/2024\/01\/class_logo_main2.png","contentUrl":"https:\/\/www.classltd.com\/wp-content\/uploads\/2024\/01\/class_logo_main2.png","width":632,"height":54,"caption":"Class Instrumentation Ltd"},"image":{"@id":"https:\/\/classltd.com\/#\/schema\/logo\/image\/"},"sameAs":["https:\/\/www.facebook.com\/ClassInstrumentation","https:\/\/x.com\/classltd","https:\/\/www.youtube.com\/user\/ClassInstrumentation"]}]}},"_links":{"self":[{"href":"https:\/\/classltd.com\/es\/wp-json\/wp\/v2\/pages\/5191","targetHints":{"allow":["GET"]}}],"collection":[{"href":"https:\/\/classltd.com\/es\/wp-json\/wp\/v2\/pages"}],"about":[{"href":"https:\/\/classltd.com\/es\/wp-json\/wp\/v2\/types\/page"}],"author":[{"embeddable":true,"href":"https:\/\/classltd.com\/es\/wp-json\/wp\/v2\/users\/1"}],"replies":[{"embeddable":true,"href":"https:\/\/classltd.com\/es\/wp-json\/wp\/v2\/comments?post=5191"}],"version-history":[{"count":8,"href":"https:\/\/classltd.com\/es\/wp-json\/wp\/v2\/pages\/5191\/revisions"}],"predecessor-version":[{"id":5199,"href":"https:\/\/classltd.com\/es\/wp-json\/wp\/v2\/pages\/5191\/revisions\/5199"}],"wp:attachment":[{"href":"https:\/\/classltd.com\/es\/wp-json\/wp\/v2\/media?parent=5191"}],"curies":[{"name":"wp","href":"https:\/\/api.w.org\/{rel}","templated":true}]}}