{"id":3800,"date":"2021-09-14T06:16:55","date_gmt":"2021-09-14T06:16:55","guid":{"rendered":"http:\/\/telsamedia.co.uk\/classinstrument\/?page_id=3800"},"modified":"2022-05-30T17:14:22","modified_gmt":"2022-05-30T17:14:22","slug":"ultrasonic-test-equipment-quote-request","status":"publish","type":"page","link":"https:\/\/www.classltd.com\/de\/ultraschall-prufgerate-angebotsanfrage\/","title":{"rendered":"Angebotsanfrage f\u00fcr Ultraschallpr\u00fcfger\u00e4te"},"content":{"rendered":"<div class=\"fusion-fullwidth fullwidth-box fusion-builder-row-1 fusion-flex-container nonhundred-percent-fullwidth non-hundred-percent-height-scrolling\" style=\"--awb-border-radius-top-left:0px;--awb-border-radius-top-right:0px;--awb-border-radius-bottom-right:0px;--awb-border-radius-bottom-left:0px;--awb-padding-top:100px;--awb-padding-bottom:100px;--awb-padding-top-medium:75px;--awb-padding-bottom-medium:75px;--awb-padding-top-small:50px;--awb-padding-bottom-small:50px;--awb-flex-wrap:wrap;\" ><div class=\"fusion-builder-row fusion-row fusion-flex-align-items-flex-start fusion-flex-content-wrap\" style=\"max-width:1248px;margin-left: calc(-4% \/ 2 );margin-right: calc(-4% \/ 2 );\"><div class=\"fusion-layout-column fusion_builder_column fusion-builder-column-0 fusion_builder_column_1_1 1_1 fusion-flex-column\" style=\"--awb-bg-size:cover;--awb-border-color:#e4e4e4;--awb-border-style:solid;--awb-width-large:100%;--awb-margin-top-large:0px;--awb-spacing-right-large:1.92%;--awb-margin-bottom-large:50px;--awb-spacing-left-large:1.92%;--awb-width-medium:100%;--awb-order-medium:0;--awb-spacing-right-medium:1.92%;--awb-spacing-left-medium:1.92%;--awb-width-small:100%;--awb-order-small:0;--awb-spacing-right-small:1.92%;--awb-spacing-left-small:1.92%;\"><div class=\"fusion-column-wrapper fusion-column-has-shadow fusion-flex-justify-content-flex-start fusion-content-layout-column\"><div class=\"fusion-title title fusion-title-1 fusion-sep-none fusion-title-center fusion-title-text fusion-title-size-one main-title\" style=\"--awb-margin-top:00px;--awb-margin-top-small:00px;--awb-margin-bottom-small:15px;--awb-margin-top-medium:00px;--awb-margin-bottom-medium:15px;\"><h1 class=\"fusion-title-heading title-heading-center\" style=\"margin:0;\">Angebotsanfrage f\u00fcr Ultraschallpr\u00fcfger\u00e4te<\/h1><\/div><div class=\"fusion-text fusion-text-1\" style=\"--awb-content-alignment:center;\"><p>Bitte geben Sie unten Ihre Daten und das Klasseninstrumentierungsteam ein<\/p>\n<p>wird sich schnellstm\u00f6glich mit Ihnen in Verbindung setzen<\/p>\n<\/div><div class=\"fusion-separator custome-sep\" style=\"align-self: center;margin-left: auto;margin-right: auto;margin-top:0px;margin-bottom:0px;width:100%;max-width:120px;\"><div class=\"fusion-separator-border sep-single sep-solid\" style=\"--awb-height:20px;--awb-amount:20px;--awb-sep-color:#fc6a20;border-color:#fc6a20;border-top-width:4px;\"><\/div><\/div><\/div><\/div><div class=\"fusion-layout-column fusion_builder_column fusion-builder-column-1 fusion_builder_column_1_1 1_1 fusion-flex-column\" style=\"--awb-padding-top:30px;--awb-padding-right:30px;--awb-padding-bottom:10px;--awb-padding-left:30px;--awb-padding-right-medium:20px;--awb-padding-left-medium:20px;--awb-padding-right-small:15px;--awb-padding-left-small:15px;--awb-bg-color:#f7f7fc;--awb-bg-color-hover:#f7f7fc;--awb-bg-size:cover;--awb-border-color:#e4e4e4;--awb-border-style:solid;--awb-width-large:100%;--awb-margin-top-large:0px;--awb-spacing-right-large:1.92%;--awb-margin-bottom-large:00px;--awb-spacing-left-large:1.92%;--awb-width-medium:100%;--awb-order-medium:0;--awb-spacing-right-medium:1.92%;--awb-spacing-left-medium:1.92%;--awb-width-small:100%;--awb-order-small:0;--awb-spacing-right-small:1.92%;--awb-spacing-left-small:1.92%;\"><div class=\"fusion-column-wrapper fusion-column-has-shadow fusion-flex-justify-content-flex-start fusion-content-layout-column\"><div class=\"fusion-builder-row fusion-builder-row-inner fusion-row fusion-flex-align-items-flex-start fusion-flex-content-wrap\" style=\"width:104% !important;max-width:104% !important;margin-left: calc(-4% \/ 2 );margin-right: calc(-4% \/ 2 );\"><div class=\"fusion-layout-column fusion_builder_column_inner fusion-builder-nested-column-0 fusion_builder_column_inner_1_1 1_1 fusion-flex-column contact-form-home contact-page-wrap\" style=\"--awb-bg-size:cover;--awb-width-large:100%;--awb-margin-top-large:0px;--awb-spacing-right-large:1.92%;--awb-margin-bottom-large:00px;--awb-spacing-left-large:1.92%;--awb-width-medium:100%;--awb-order-medium:0;--awb-spacing-right-medium:1.92%;--awb-spacing-left-medium:1.92%;--awb-width-small:100%;--awb-order-small:0;--awb-spacing-right-small:1.92%;--awb-spacing-left-small:1.92%;\"><div class=\"fusion-column-wrapper fusion-column-has-shadow fusion-flex-justify-content-flex-start fusion-content-layout-column\">\n<div class=\"wpcf7 no-js\" id=\"wpcf7-f3810-o1\" lang=\"en-US\" dir=\"ltr\" data-wpcf7-id=\"3810\">\n<div class=\"screen-reader-response\"><p role=\"status\" aria-live=\"polite\" aria-atomic=\"true\"><\/p> <ul><\/ul><\/div>\n<form action=\"\/de\/wp-json\/wp\/v2\/pages\/3800#wpcf7-f3810-o1\" method=\"post\" class=\"wpcf7-form init\" aria-label=\"Contact form\" novalidate=\"novalidate\" data-status=\"init\" data-trp-original-action=\"\/de\/wp-json\/wp\/v2\/pages\/3800#wpcf7-f3810-o1\">\n<fieldset class=\"hidden-fields-container\"><input type=\"hidden\" name=\"_wpcf7\" value=\"3810\" \/><input type=\"hidden\" name=\"_wpcf7_version\" value=\"6.1.4\" \/><input type=\"hidden\" name=\"_wpcf7_locale\" value=\"en_US\" \/><input type=\"hidden\" name=\"_wpcf7_unit_tag\" value=\"wpcf7-f3810-o1\" \/><input type=\"hidden\" name=\"_wpcf7_container_post\" value=\"0\" \/><input type=\"hidden\" name=\"_wpcf7_posted_data_hash\" value=\"\" \/><input type=\"hidden\" name=\"_wpcf7_recaptcha_response\" value=\"\" \/>\n<\/fieldset>\n<p style=\"text-align: right;color: red;\">(* = Pflichtfeld )\n<\/p>\n<div class=\"col-md-12\">\n\t<p><span class=\"wpcf7-form-control-wrap\" data-name=\"your-title\"><input size=\"40\" maxlength=\"400\" class=\"wpcf7-form-control wpcf7-text\" aria-invalid=\"false\" placeholder=\"Titel\" value=\"\" type=\"text\" name=\"your-title\" \/><\/span>\n\t<\/p>\n<\/div>\n<div class=\"col-md-6\">\n\t<p><span class=\"wpcf7-form-control-wrap\" data-name=\"your-name\"><input size=\"40\" maxlength=\"400\" class=\"wpcf7-form-control wpcf7-text wpcf7-validates-as-required\" aria-required=\"true\" aria-invalid=\"false\" placeholder=\"Ihren Namen*\" value=\"\" type=\"text\" name=\"your-name\" \/><\/span>\n\t<\/p>\n<\/div>\n<div class=\"col-md-6\">\n\t<p><span class=\"wpcf7-form-control-wrap\" data-name=\"your-Surname\"><input size=\"40\" maxlength=\"400\" class=\"wpcf7-form-control wpcf7-text wpcf7-validates-as-required\" aria-required=\"true\" aria-invalid=\"false\" placeholder=\"Familienname (Nachname)*\" value=\"\" type=\"text\" name=\"your-Surname\" \/><\/span>\n\t<\/p>\n<\/div>\n<div class=\"col-md-6\">\n\t<p><span class=\"wpcf7-form-control-wrap\" data-name=\"your-country\"><input size=\"40\" maxlength=\"400\" class=\"wpcf7-form-control wpcf7-text wpcf7-validates-as-required\" aria-required=\"true\" aria-invalid=\"false\" placeholder=\"Dein Land*\" value=\"\" type=\"text\" name=\"your-country\" \/><\/span>\n\t<\/p>\n<\/div>\n<div class=\"col-md-6\">\n\t<p><span class=\"wpcf7-form-control-wrap\" data-name=\"your-email\"><input size=\"40\" maxlength=\"400\" class=\"wpcf7-form-control wpcf7-email wpcf7-validates-as-required wpcf7-text wpcf7-validates-as-email\" aria-required=\"true\" aria-invalid=\"false\" placeholder=\"Deine E-Mail*\" value=\"\" type=\"email\" name=\"your-email\" \/><\/span>\n\t<\/p>\n<\/div>\n<div class=\"col-md-6\">\n\t<p><span class=\"wpcf7-form-control-wrap\" data-name=\"your-company\"><input size=\"40\" maxlength=\"400\" class=\"wpcf7-form-control wpcf7-text wpcf7-validates-as-required\" aria-required=\"true\" aria-invalid=\"false\" placeholder=\"Ihr Unternehmen*\" value=\"\" type=\"text\" name=\"your-company\" \/><\/span>\n\t<\/p>\n<\/div>\n<div class=\"col-md-6\">\n\t<p><span class=\"wpcf7-form-control-wrap\" data-name=\"your-phone\"><input size=\"40\" maxlength=\"400\" class=\"wpcf7-form-control wpcf7-tel wpcf7-validates-as-required wpcf7-text wpcf7-validates-as-tel\" aria-required=\"true\" aria-invalid=\"false\" placeholder=\"Dein Telefon*\" value=\"\" type=\"tel\" name=\"your-phone\" \/><\/span>\n\t<\/p>\n<\/div>\n<div class=\"col-md-12\">\n\t<p><span class=\"wpcf7-form-control-wrap\" data-name=\"your-message\"><textarea cols=\"40\" rows=\"10\" maxlength=\"2000\" class=\"wpcf7-form-control wpcf7-textarea\" aria-invalid=\"false\" placeholder=\"Ihre Nachricht\" name=\"your-message\"><\/textarea><\/span>\n\t<\/p>\n<\/div>\n<div class=\"col-md-12\">\n\t<p><label ><b>Bitte w\u00e4hlen Sie das Produkt aus, zu dem Sie weitere Informationen erhalten*<br \/>\n<\/b><\/label><span class=\"wpcf7-form-control-wrap\" data-name=\"checkbox-213\"><span class=\"wpcf7-form-control wpcf7-checkbox wpcf7-validates-as-required\"><span class=\"wpcf7-list-item first\"><label><input type=\"checkbox\" name=\"checkbox-213[]\" value=\"CARGO-SAFE Ultrasonic Hatch Cover Tester\" \/><span class=\"wpcf7-list-item-label\">CARGO-SAFE Ultraschall-Heckdeckeltester<\/span><\/label><\/span><span class=\"wpcf7-list-item\"><label><input type=\"checkbox\" name=\"checkbox-213[]\" value=\"CABIN-SAFE Boat Survey Tester\" \/><span class=\"wpcf7-list-item-label\">CABIN-SAFE Bootstester<\/span><\/label><\/span><span class=\"wpcf7-list-item\"><label><input type=\"checkbox\" name=\"checkbox-213[]\" value=\"DOOR-SAFE Water-Tight Tester\" \/><span class=\"wpcf7-list-item-label\">DOOR-SAFE Wasserdichtigkeitstester<\/span><\/label><\/span><span class=\"wpcf7-list-item\"><label><input type=\"checkbox\" name=\"checkbox-213[]\" value=\"PLI Plus Portable Liquid Level Gauge\" \/><span class=\"wpcf7-list-item-label\">PLI Plus Tragbarer F\u00fcllstandsmesser<\/span><\/label><\/span><span class=\"wpcf7-list-item\"><label><input type=\"checkbox\" name=\"checkbox-213[]\" value=\"PLI Digital Portable Liquid Level Gauge\" \/><span class=\"wpcf7-list-item-label\">PLI Digitale tragbare F\u00fcllstandsanzeige<\/span><\/label><\/span><span class=\"wpcf7-list-item\"><label><input type=\"checkbox\" name=\"checkbox-213[]\" value=\"Touchstone 1 Ultrasonic Thickness Gauge\" \/><span class=\"wpcf7-list-item-label\">Pr\u00fcfstein 1 Ultraschall-Dickenmessger\u00e4t<\/span><\/label><\/span><span class=\"wpcf7-list-item\"><label><input type=\"checkbox\" name=\"checkbox-213[]\" value=\"Touchstone 2 Coating Thickness Gauge\" \/><span class=\"wpcf7-list-item-label\">Touchstone 2 Schichtdickenmessger\u00e4t<\/span><\/label><\/span><span class=\"wpcf7-list-item\"><label><input type=\"checkbox\" name=\"checkbox-213[]\" value=\"Sonic Leak Detector\" \/><span class=\"wpcf7-list-item-label\">Schalllecksucher<\/span><\/label><\/span><span class=\"wpcf7-list-item\"><label><input type=\"checkbox\" name=\"checkbox-213[]\" value=\"CARGO-SAFE DATA\" \/><span class=\"wpcf7-list-item-label\">CARGO-SAFE-DATEN<\/span><\/label><\/span><span class=\"wpcf7-list-item last\"><label><input type=\"checkbox\" name=\"checkbox-213[]\" value=\"Bearing-Safe\" \/><span class=\"wpcf7-list-item-label\">Lagersicher<\/span><\/label><\/span><\/span><\/span>\n\t<\/p>\n<\/div>\n<div class=\"col-md-12 re-calibration-class-input\">\n\t<p><label><b>Haben Sie ein Produkt f\u00fcr Rekalibrierung\/Service?.<br \/>\n<\/b><\/label><span class=\"wpcf7-form-control-wrap\" data-name=\"checkbox-recalibration\"><span class=\"wpcf7-form-control wpcf7-checkbox\"><span class=\"wpcf7-list-item first last\"><label><input type=\"checkbox\" name=\"checkbox-recalibration[]\" value=\"Yes\" \/><span class=\"wpcf7-list-item-label\">Ja<\/span><\/label><\/span><\/span><\/span><br \/>\n<span style=\"font-size: 18px;color: #150e81;\"><span style=\"font-size: 25px;\">\u261b<\/span> Bitte w\u00e4hlen Sie das Produkt, das Sie neu kalibrieren m\u00f6chten, aus der Liste unten aus<\/span>\n\t<\/p>\n<\/div>\n<div class=\"col-md-12 interested-in-receiving-lable-hide\">\n\t<p><span class=\"wpcf7-form-control-wrap\" data-name=\"checkbox-215\"><span class=\"wpcf7-form-control wpcf7-checkbox\"><span class=\"wpcf7-list-item first\"><label><input type=\"checkbox\" name=\"checkbox-215[]\" value=\"CARGO-SAFE Ultrasonic Hatch Cover Tester\" \/><span class=\"wpcf7-list-item-label\">CARGO-SAFE Ultraschall-Heckdeckeltester<\/span><\/label><\/span><span class=\"wpcf7-list-item\"><label><input type=\"checkbox\" name=\"checkbox-215[]\" value=\"CABIN-SAFE Boat Survey Tester\" \/><span class=\"wpcf7-list-item-label\">CABIN-SAFE Bootstester<\/span><\/label><\/span><span class=\"wpcf7-list-item\"><label><input type=\"checkbox\" name=\"checkbox-215[]\" value=\"DOOR-SAFE Water-Tight Tester\" \/><span class=\"wpcf7-list-item-label\">DOOR-SAFE Wasserdichtigkeitstester<\/span><\/label><\/span><span class=\"wpcf7-list-item\"><label><input type=\"checkbox\" name=\"checkbox-215[]\" value=\"PLI Plus Portable Liquid Level Gauge\" \/><span class=\"wpcf7-list-item-label\">PLI Plus Tragbarer F\u00fcllstandsmesser<\/span><\/label><\/span><span class=\"wpcf7-list-item\"><label><input type=\"checkbox\" name=\"checkbox-215[]\" value=\"PLI Digital Portable Liquid Level Gauge\" \/><span class=\"wpcf7-list-item-label\">PLI Digitale tragbare F\u00fcllstandsanzeige<\/span><\/label><\/span><span class=\"wpcf7-list-item\"><label><input type=\"checkbox\" name=\"checkbox-215[]\" value=\"Touchstone 1 Ultrasonic Thickness Gauge\" \/><span class=\"wpcf7-list-item-label\">Pr\u00fcfstein 1 Ultraschall-Dickenmessger\u00e4t<\/span><\/label><\/span><span class=\"wpcf7-list-item\"><label><input type=\"checkbox\" name=\"checkbox-215[]\" value=\"Touchstone 2 Coating Thickness Gauge\" \/><span class=\"wpcf7-list-item-label\">Touchstone 2 Schichtdickenmessger\u00e4t<\/span><\/label><\/span><span class=\"wpcf7-list-item\"><label><input type=\"checkbox\" name=\"checkbox-215[]\" value=\"Sonic Leak Detector\" \/><span class=\"wpcf7-list-item-label\">Schalllecksucher<\/span><\/label><\/span><span class=\"wpcf7-list-item\"><label><input type=\"checkbox\" name=\"checkbox-215[]\" value=\"CARGO-SAFE DATA\" \/><span class=\"wpcf7-list-item-label\">CARGO-SAFE-DATEN<\/span><\/label><\/span><span class=\"wpcf7-list-item last\"><label><input type=\"checkbox\" name=\"checkbox-215[]\" value=\"Bearing-Safe\" \/><span class=\"wpcf7-list-item-label\">Lagersicher<\/span><\/label><\/span><\/span><\/span>\n\t<\/p>\n<\/div>\n<div class=\"col-md-12 btn-sub-wrap\">\n\t<p><input class=\"wpcf7-form-control wpcf7-submit has-spinner\" type=\"submit\" value=\"Senden\" \/>\n\t<\/p>\n<\/div><p style=\"display: none !important;\" class=\"akismet-fields-container\" data-prefix=\"_wpcf7_ak_\"><label>&#916;<textarea name=\"_wpcf7_ak_hp_textarea\" cols=\"45\" rows=\"8\" maxlength=\"100\"><\/textarea><\/label><input type=\"hidden\" id=\"ak_js_1\" name=\"_wpcf7_ak_js\" value=\"103\"\/><script>document.getElementById( \"ak_js_1\" ).setAttribute( \"value\", ( new Date() ).getTime() );<\/script><\/p><div class=\"fusion-alert alert custom alert-custom fusion-alert-center wpcf7-response-output awb-alert-native-link-color alert-dismissable awb-alert-close-boxed\" style=\"--awb-border-size:1px;--awb-border-top-left-radius:0px;--awb-border-top-right-radius:0px;--awb-border-bottom-left-radius:0px;--awb-border-bottom-right-radius:0px;\" role=\"alert\"><div class=\"fusion-alert-content-wrapper\"><span class=\"fusion-alert-content\"><\/span><\/div><button type=\"button\" class=\"close toggle-alert\" data-dismiss=\"alert\" aria-label=\"Nah dran\">\u00d7<\/button><\/div>\n<input type=\"hidden\" name=\"trp-form-language\" value=\"de\"\/><\/form>\n<\/div>\n<\/div><\/div><\/div><\/div><\/div><\/div><\/div>","protected":false},"excerpt":{"rendered":"","protected":false},"author":1,"featured_media":0,"parent":0,"menu_order":0,"comment_status":"closed","ping_status":"closed","template":"100-width.php","meta":{"footnotes":""},"class_list":["post-3800","page","type-page","status-publish","hentry"],"yoast_head":"<!-- This site is optimized with the Yoast SEO plugin v26.9 - https:\/\/yoast.com\/product\/yoast-seo-wordpress\/ -->\r\n<title>Request a Free Quote | Online | Class Instrumentation Ltd<\/title>\r\n<meta name=\"description\" content=\"Before Making Any New Purchase, You can Now Request For Free Quote. Just Fill in Few Details and Our Experts will Contact you With More Details Or Simply Call Us @+442083332288.\" \/>\r\n<meta name=\"robots\" content=\"index, follow, max-snippet:-1, max-image-preview:large, max-video-preview:-1\" \/>\r\n<link rel=\"canonical\" href=\"https:\/\/www.classltd.com\/de\/ultraschall-prufgerate-angebotsanfrage\/\" \/>\r\n<meta property=\"og:locale\" content=\"de_DE\" \/>\r\n<meta property=\"og:type\" content=\"article\" \/>\r\n<meta property=\"og:title\" content=\"Request a Free Quote | Online | Class Instrumentation Ltd\" \/>\r\n<meta property=\"og:description\" content=\"Before Making Any New Purchase, You can Now Request For Free Quote. Just Fill in Few Details and Our Experts will Contact you With More Details Or Simply Call Us @+442083332288.\" \/>\r\n<meta property=\"og:url\" content=\"https:\/\/www.classltd.com\/de\/ultraschall-prufgerate-angebotsanfrage\/\" \/>\r\n<meta property=\"og:site_name\" content=\"Class Instrumentation Ltd\" \/>\r\n<meta property=\"article:publisher\" content=\"https:\/\/www.facebook.com\/ClassInstrumentation\" \/>\r\n<meta property=\"article:modified_time\" content=\"2022-05-30T17:14:22+00:00\" \/>\r\n<meta name=\"twitter:card\" content=\"summary_large_image\" \/>\r\n<meta name=\"twitter:site\" content=\"@classltd\" \/>\r\n<meta name=\"twitter:label1\" content=\"Gesch\u00e4tzte Lesezeit\" \/>\n\t<meta name=\"twitter:data1\" content=\"7\u00a0Minuten\" \/>\r\n<!-- \/ Yoast SEO plugin. -->","yoast_head_json":{"title":"Fordern Sie ein kostenloses Angebot an | Online | Klasse Instrumentierung Ltd","description":"Bevor Sie einen neuen Kauf t\u00e4tigen, k\u00f6nnen Sie jetzt ein kostenloses Angebot anfordern. F\u00fcllen Sie einfach ein paar Details aus und unsere Experten werden Sie mit weiteren Details kontaktieren oder rufen Sie uns einfach an unter +442083332288.","robots":{"index":"index","follow":"follow","max-snippet":"max-snippet:-1","max-image-preview":"max-image-preview:large","max-video-preview":"max-video-preview:-1"},"canonical":"https:\/\/www.classltd.com\/de\/ultraschall-prufgerate-angebotsanfrage\/","og_locale":"de_DE","og_type":"article","og_title":"Request a Free Quote | Online | Class Instrumentation Ltd","og_description":"Before Making Any New Purchase, You can Now Request For Free Quote. Just Fill in Few Details and Our Experts will Contact you With More Details Or Simply Call Us @+442083332288.","og_url":"https:\/\/www.classltd.com\/de\/ultraschall-prufgerate-angebotsanfrage\/","og_site_name":"Class Instrumentation Ltd","article_publisher":"https:\/\/www.facebook.com\/ClassInstrumentation","article_modified_time":"2022-05-30T17:14:22+00:00","twitter_card":"summary_large_image","twitter_site":"@classltd","twitter_misc":{"Gesch\u00e4tzte Lesezeit":"7\u00a0Minuten"},"schema":{"@context":"https:\/\/schema.org","@graph":[{"@type":"WebPage","@id":"https:\/\/www.classltd.com\/ultrasonic-test-equipment-quote-request\/","url":"https:\/\/www.classltd.com\/ultrasonic-test-equipment-quote-request\/","name":"Fordern Sie ein kostenloses Angebot an | Online | Klasse Instrumentierung Ltd","isPartOf":{"@id":"https:\/\/www.classltd.com\/#website"},"datePublished":"2021-09-14T06:16:55+00:00","dateModified":"2022-05-30T17:14:22+00:00","description":"Bevor Sie einen neuen Kauf t\u00e4tigen, k\u00f6nnen Sie jetzt ein kostenloses Angebot anfordern. F\u00fcllen Sie einfach ein paar Details aus und unsere Experten werden Sie mit weiteren Details kontaktieren oder rufen Sie uns einfach an unter +442083332288.","breadcrumb":{"@id":"https:\/\/www.classltd.com\/ultrasonic-test-equipment-quote-request\/#breadcrumb"},"inLanguage":"de","potentialAction":[{"@type":"ReadAction","target":["https:\/\/www.classltd.com\/ultrasonic-test-equipment-quote-request\/"]}]},{"@type":"BreadcrumbList","@id":"https:\/\/www.classltd.com\/ultrasonic-test-equipment-quote-request\/#breadcrumb","itemListElement":[{"@type":"ListItem","position":1,"name":"Home","item":"https:\/\/www.classltd.com\/"},{"@type":"ListItem","position":2,"name":"Ultrasonic Test Equipment Quote Request"}]},{"@type":"WebSite","@id":"https:\/\/www.classltd.com\/#website","url":"https:\/\/www.classltd.com\/","name":"Klasse Instrumentierung Ltd","description":"","publisher":{"@id":"https:\/\/www.classltd.com\/#organization"},"potentialAction":[{"@type":"SearchAction","target":{"@type":"EntryPoint","urlTemplate":"https:\/\/www.classltd.com\/?s={search_term_string}"},"query-input":{"@type":"PropertyValueSpecification","valueRequired":true,"valueName":"search_term_string"}}],"inLanguage":"de"},{"@type":"Organization","@id":"https:\/\/www.classltd.com\/#organization","name":"Klasse Instrumentierung Ltd","url":"https:\/\/www.classltd.com\/","logo":{"@type":"ImageObject","inLanguage":"de","@id":"https:\/\/www.classltd.com\/#\/schema\/logo\/image\/","url":"https:\/\/www.classltd.com\/wp-content\/uploads\/2024\/01\/class_logo_main2.png","contentUrl":"https:\/\/www.classltd.com\/wp-content\/uploads\/2024\/01\/class_logo_main2.png","width":632,"height":54,"caption":"Class Instrumentation Ltd"},"image":{"@id":"https:\/\/www.classltd.com\/#\/schema\/logo\/image\/"},"sameAs":["https:\/\/www.facebook.com\/ClassInstrumentation","https:\/\/x.com\/classltd","https:\/\/www.youtube.com\/user\/ClassInstrumentation"]}]}},"_links":{"self":[{"href":"https:\/\/www.classltd.com\/de\/wp-json\/wp\/v2\/pages\/3800","targetHints":{"allow":["GET"]}}],"collection":[{"href":"https:\/\/www.classltd.com\/de\/wp-json\/wp\/v2\/pages"}],"about":[{"href":"https:\/\/www.classltd.com\/de\/wp-json\/wp\/v2\/types\/page"}],"author":[{"embeddable":true,"href":"https:\/\/www.classltd.com\/de\/wp-json\/wp\/v2\/users\/1"}],"replies":[{"embeddable":true,"href":"https:\/\/www.classltd.com\/de\/wp-json\/wp\/v2\/comments?post=3800"}],"version-history":[{"count":7,"href":"https:\/\/www.classltd.com\/de\/wp-json\/wp\/v2\/pages\/3800\/revisions"}],"predecessor-version":[{"id":3811,"href":"https:\/\/www.classltd.com\/de\/wp-json\/wp\/v2\/pages\/3800\/revisions\/3811"}],"wp:attachment":[{"href":"https:\/\/www.classltd.com\/de\/wp-json\/wp\/v2\/media?parent=3800"}],"curies":[{"name":"wp","href":"https:\/\/api.w.org\/{rel}","templated":true}]}}