{"id":3457,"date":"2021-09-10T07:05:17","date_gmt":"2021-09-10T07:05:17","guid":{"rendered":"http:\/\/telsamedia.co.uk\/classinstrument\/?page_id=3457"},"modified":"2022-05-30T17:04:00","modified_gmt":"2022-05-30T17:04:00","slug":"external-links","status":"publish","type":"page","link":"https:\/\/www.classltd.com\/de\/externe-links\/","title":{"rendered":"Externe Links"},"content":{"rendered":"<p><div class=\"fusion-fullwidth fullwidth-box fusion-builder-row-1 fusion-flex-container nonhundred-percent-fullwidth non-hundred-percent-height-scrolling\" style=\"--awb-border-radius-top-left:0px;--awb-border-radius-top-right:0px;--awb-border-radius-bottom-right:0px;--awb-border-radius-bottom-left:0px;--awb-padding-top:100px;--awb-padding-bottom:100px;--awb-padding-top-medium:75px;--awb-padding-bottom-medium:75px;--awb-padding-top-small:50px;--awb-padding-bottom-small:50px;--awb-margin-bottom:-20px;--awb-flex-wrap:wrap;\" ><div class=\"fusion-builder-row fusion-row fusion-flex-align-items-flex-start fusion-flex-content-wrap\" style=\"max-width:1248px;margin-left: calc(-4% \/ 2 );margin-right: calc(-4% \/ 2 );\"><div class=\"fusion-layout-column fusion_builder_column fusion-builder-column-0 fusion_builder_column_1_1 1_1 fusion-flex-column\" style=\"--awb-bg-size:cover;--awb-border-color:#e4e4e4;--awb-border-style:solid;--awb-width-large:100%;--awb-margin-top-large:0px;--awb-spacing-right-large:1.92%;--awb-margin-bottom-large:00px;--awb-spacing-left-large:1.92%;--awb-width-medium:100%;--awb-order-medium:0;--awb-spacing-right-medium:1.92%;--awb-spacing-left-medium:1.92%;--awb-width-small:100%;--awb-order-small:0;--awb-spacing-right-small:1.92%;--awb-spacing-left-small:1.92%;\"><div class=\"fusion-column-wrapper fusion-column-has-shadow fusion-flex-justify-content-flex-start fusion-content-layout-column\"><div class=\"fusion-title title fusion-title-1 fusion-sep-none fusion-title-text fusion-title-size-one main-title\" style=\"--awb-margin-top:00px;--awb-margin-top-small:00px;--awb-margin-bottom-small:15px;--awb-margin-top-medium:00px;--awb-margin-bottom-medium:15px;\"><h1 class=\"fusion-title-heading title-heading-left\" style=\"margin:0;\">Externe Links<\/h1><\/div><div class=\"fusion-separator custome-sep\" style=\"align-self: flex-start;margin-right:auto;margin-top:0px;margin-bottom:30px;width:100%;max-width:120px;\"><div class=\"fusion-separator-border sep-single sep-solid\" style=\"--awb-height:20px;--awb-amount:20px;--awb-sep-color:#fc6a20;border-color:#fc6a20;border-top-width:4px;\"><\/div><\/div><div class=\"fusion-text fusion-text-1 External-Links\"><p>Wir haben eine Liste von Websites bereitgestellt, die f\u00fcr unsere Ultraschallpr\u00fcfkunden von Interesse sein k\u00f6nnten, darunter mehrere, die kostenlose regelm\u00e4\u00dfige Newsletter-Updates zu Gesetzes\u00e4nderungen und Branchentrends erm\u00f6glichen.<\/p>\n<h4>Meerespublikationen<\/h4>\n<p>Passatwinde <a href=\"http:\/\/www.tradewinds.no\/\" target=\"_blank\" rel=\"noopener noreferrer\">http:\/\/www.tradewinds.no<\/a><br \/>\nGriechische Schifffahrtsnachrichten <a href=\"http:\/\/www.hellenicshippingnews.com\/\" target=\"_blank\" rel=\"noopener noreferrer\">http:\/\/www.hellenicshippingnews.com<\/a><br \/>\nMeereslogbuch <a href=\"http:\/\/www.marinelog.com\/\" target=\"_blank\" rel=\"noopener noreferrer\">http:\/\/www.marinelog.com<\/a><br \/>\nWeltschifffahrtsnachrichten <a href=\"http:\/\/www.worldmaritimenews.com\/\" target=\"_blank\" rel=\"noopener noreferrer\">http:\/\/www.worldmaritimenews.com<\/a><br \/>\nMarine-Link <a href=\"http:\/\/www.marinelink.com\/\" target=\"_blank\" rel=\"noopener noreferrer\">http:\/\/www.marinelink.com<\/a><br \/>\nMaritim heute <a href=\"http:\/\/www.maritimetoday.com\/\" target=\"_blank\" rel=\"noopener noreferrer\">http:\/\/www.maritimetoday.com<\/a><\/p>\n<h4>Ver\u00f6ffentlichungen zum Brandschutz<\/h4>\n<p>Der gro\u00dfe rote F\u00fchrer <a href=\"http:\/\/www.thebigredguide.com\/\" target=\"_blank\" rel=\"noopener noreferrer\">http:\/\/www.thebigredguide.com<\/a><\/p>\n<h4>NDT-Ver\u00f6ffentlichungen<\/h4>\n<p>Britisches Institut <a href=\"http:\/\/www.bindt.org\/Publications\/NDT-News\" target=\"_blank\" rel=\"noopener noreferrer\">http:\/\/www.bindt.org\/Publications\/NDT-News<\/a><br \/>\nDie NDT-Kabine <a href=\"http:\/\/www.ndtcabin.com\/\" target=\"_blank\" rel=\"noopener noreferrer\">http:\/\/www.ndtcabin.com<\/a><\/p>\n<h4>Marine-Ausbildungsorganisationen<\/h4>\n<p>Pacific Maritime Institute <a href=\"http:\/\/www.mates.org\/\" target=\"_blank\" rel=\"noopener noreferrer\">http:\/\/www.mates.org<\/a><br \/>\nMaritimes Institut f\u00fcr Technologie und Graduiertenstudien <a href=\"http:\/\/mitags-pmi.org\/\" target=\"_blank\" rel=\"noopener noreferrer\">http:\/\/mitags-pmi.org<\/a><\/p>\n<h4>Marine Berufsverb\u00e4nde<\/h4>\n<p>Das Nautische Institut <a href=\"http:\/\/www.nautinst.org\/\" target=\"_blank\" rel=\"noopener noreferrer\">http:\/\/www.nautinst.org<\/a><br \/>\nDie Gesellschaft der akkreditierten Meeresvermesser <a href=\"http:\/\/www.marinesurvey.org\/\" target=\"_blank\" rel=\"noopener noreferrer\">http:\/\/www.marinesurvey.org<\/a><br \/>\nDie National Association of Marine Surveyors <a href=\"http:\/\/www.namsglobal.org\/\" target=\"_blank\" rel=\"noopener noreferrer\">http:\/\/www.namsglobal.org<\/a><br \/>\nDas International Institute of Marine Surveyors <a href=\"http:\/\/www.iims.org.uk\/\" target=\"_blank\" rel=\"noopener noreferrer\">http:\/\/www.iims.org.uk<\/a><\/p>\n<h4>Meeresaufsichtsbeh\u00f6rden<\/h4>\n<p>Internationale Seeschifffahrtsorganisation <a href=\"http:\/\/www.imo.org\/\" target=\"_blank\" rel=\"noopener noreferrer\">http:\/\/www.imo.org<\/a><br \/>\nInternationale Vereinigung der Klassifikationsgesellschaften <a href=\"http:\/\/www.iacs.org.uk\/\" target=\"_blank\" rel=\"noopener noreferrer\">http:\/\/www.iacs.org.uk<\/a><br \/>\nSchiffsausr\u00fcstungsrichtlinie <a href=\"http:\/\/www.mared.org\/\" target=\"_blank\" rel=\"noopener noreferrer\">http:\/\/www.mared.org<\/a><br \/>\nAgentur f\u00fcr See- und K\u00fcstenwache <a href=\"http:\/\/www.mcga.gov.uk\/\" target=\"_blank\" rel=\"noopener noreferrer\">http:\/\/www.mcga.gov.uk<\/a><\/p>\n<h4>Marine-Klassifizierungsgesellschaften<\/h4>\n<p>Klassifikationsgesellschaft des American Bureau of Shipping <a href=\"http:\/\/www.eagle.org\/\" target=\"_blank\" rel=\"noopener noreferrer\">http:\/\/www.eagle.org<\/a><br \/>\nBureau Veritas <a href=\"http:\/\/www.imo.org\/\" target=\"_blank\" rel=\"noopener noreferrer\">http:\/\/www.imo.org<\/a><br \/>\nChinesische Klassifikationsgesellschaft <a href=\"http:\/\/www.ccs.org.cn\/\" target=\"_blank\" rel=\"noopener noreferrer\">http:\/\/www.ccs.org.cn<\/a><br \/>\nDet Norske Veritas <a href=\"http:\/\/www.dnv.com\/\" target=\"_blank\" rel=\"noopener noreferrer\">http:\/\/www.dnv.com<\/a><\/p>\n<p>Indisches Schifffahrtsregister <a href=\"http:\/\/www.irclass.org\/\" target=\"_blank\" rel=\"noopener noreferrer\">http:\/\/www.irclass.org<\/a><br \/>\nKoreanisches Register <a href=\"http:\/\/www.krs.co.kr\/\" target=\"_blank\" rel=\"noopener noreferrer\">http:\/\/www.krs.co.kr<\/a><br \/>\nLloyds-Register <a href=\"http:\/\/www.lr.org\/\" target=\"_blank\" rel=\"noopener noreferrer\">http:\/\/www.lr.org<\/a><br \/>\nNippon Kaiji Kyokai <a href=\"http:\/\/www.classnk.or.jp\/\" target=\"_blank\" rel=\"noopener noreferrer\">http:\/\/www.classnk.or.jp<\/a><br \/>\nRINA <a href=\"http:\/\/www.rina.org\/\" target=\"_blank\" rel=\"noopener noreferrer\">http:\/\/www.rina.org<\/a><br \/>\nRussisches Seeschifffahrtsregister <a href=\"http:\/\/www.rs-head.spb.ru\/\" target=\"_blank\" rel=\"noopener noreferrer\">http:\/\/www.rs-head.spb.ru<\/a><\/p>\n<\/div><\/div><\/div><\/div><\/div><div class=\"fusion-fullwidth fullwidth-box fusion-builder-row-2 fusion-flex-container fusion-parallax-none nonhundred-percent-fullwidth non-hundred-percent-height-scrolling lazyload\" style=\"--awb-border-radius-top-left:0px;--awb-border-radius-top-right:0px;--awb-border-radius-bottom-right:0px;--awb-border-radius-bottom-left:0px;--awb-padding-top:50px;--awb-padding-bottom:30px;--awb-background-color:#f08421;--awb-background-size:cover;--awb-flex-wrap:wrap;\" data-bg=\"https:\/\/www.classltd.com\/wp-content\/uploads\/2021\/09\/map-2.png\" ><div class=\"fusion-builder-row fusion-row fusion-flex-align-items-flex-start fusion-flex-justify-content-center fusion-flex-content-wrap\" style=\"max-width:1248px;margin-left: calc(-4% \/ 2 );margin-right: calc(-4% \/ 2 );\"><div class=\"fusion-layout-column fusion_builder_column fusion-builder-column-1 fusion_builder_column_3_5 3_5 fusion-flex-column\" style=\"--awb-bg-size:cover;--awb-width-large:60%;--awb-margin-top-large:0px;--awb-spacing-right-large:3.2%;--awb-margin-bottom-large:00px;--awb-spacing-left-large:3.2%;--awb-width-medium:100%;--awb-order-medium:0;--awb-spacing-right-medium:1.92%;--awb-spacing-left-medium:1.92%;--awb-width-small:100%;--awb-order-small:0;--awb-spacing-right-small:1.92%;--awb-spacing-left-small:1.92%;\"><div class=\"fusion-column-wrapper fusion-column-has-shadow fusion-flex-justify-content-flex-start fusion-content-layout-column\"><div class=\"fusion-title title fusion-title-2 fusion-sep-none fusion-title-text fusion-title-size-three main-title\" style=\"--awb-text-color:#ffffff;--awb-margin-top:00px;--awb-margin-top-small:00px;--awb-margin-bottom-small:15px;--awb-margin-top-medium:00px;--awb-margin-bottom-medium:15px;\"><h3 class=\"fusion-title-heading title-heading-left\" style=\"margin:0;\">Weltweit f\u00fchrende Designer und Hersteller<\/h3><\/div><div class=\"fusion-separator\" style=\"align-self: flex-start;margin-right:auto;margin-top:0px;margin-bottom:30px;width:100%;max-width:120px;\"><div class=\"fusion-separator-border sep-single sep-solid\" style=\"--awb-height:20px;--awb-amount:20px;--awb-sep-color:#00235a;border-color:#00235a;border-top-width:4px;\"><\/div><\/div><div class=\"fusion-builder-row fusion-builder-row-inner fusion-row fusion-flex-align-items-flex-start fusion-flex-justify-content-center fusion-flex-content-wrap\" style=\"width:104% !important;max-width:104% !important;margin-left: calc(-4% \/ 2 );margin-right: calc(-4% \/ 2 );\"><div class=\"fusion-layout-column fusion_builder_column_inner fusion-builder-nested-column-0 fusion-flex-column\" style=\"--awb-bg-size:cover;--awb-width-large:auto;--awb-margin-top-large:0px;--awb-spacing-right-large:2%;--awb-margin-bottom-large:20px;--awb-spacing-left-large:2%;--awb-width-medium:auto;--awb-order-medium:0;--awb-spacing-right-medium:2%;--awb-spacing-left-medium:2%;--awb-width-small:100%;--awb-order-small:0;--awb-spacing-right-small:1.92%;--awb-spacing-left-small:1.92%;\"><div class=\"fusion-column-wrapper fusion-column-has-shadow fusion-flex-justify-content-flex-start fusion-content-layout-column\"><div class=\"fusion-image-element\" style=\"--awb-max-width:100px;--awb-caption-title-font-family:var(--h2_typography-font-family);--awb-caption-title-font-weight:var(--h2_typography-font-weight);--awb-caption-title-font-style:var(--h2_typography-font-style);--awb-caption-title-size:var(--h2_typography-font-size);--awb-caption-title-transform:var(--h2_typography-text-transform);--awb-caption-title-line-height:var(--h2_typography-line-height);--awb-caption-title-letter-spacing:var(--h2_typography-letter-spacing);\"><span class=\"fusion-imageframe imageframe-none imageframe-1 hover-type-none\"><img decoding=\"async\" width=\"228\" height=\"184\" alt=\"Entworfen und hergestellt in Gro\u00dfbritannien\" title=\"Entworfen und hergestellt in Gro\u00dfbritannien\" src=\"https:\/\/www.classltd.com\/wp-content\/uploads\/2021\/09\/images.png\" data-orig-src=\"https:\/\/www.classltd.com\/wp-content\/uploads\/2021\/09\/images.png\" class=\"lazyload img-responsive wp-image-1174\" srcset=\"data:image\/svg+xml,%3Csvg%20xmlns%3D%27http%3A%2F%2Fwww.w3.org%2F2000%2Fsvg%27%20width%3D%27228%27%20height%3D%27184%27%20viewBox%3D%270%200%20228%20184%27%3E%3Crect%20width%3D%27228%27%20height%3D%27184%27%20fill-opacity%3D%220%22%2F%3E%3C%2Fsvg%3E\" data-srcset=\"https:\/\/www.classltd.com\/wp-content\/uploads\/2021\/09\/images-200x161.png 200w, https:\/\/www.classltd.com\/wp-content\/uploads\/2021\/09\/images.png 228w\" data-sizes=\"auto\" data-orig-sizes=\"(max-width: 640px) 100vw, 228px\" \/><\/span><\/div><\/div><\/div><div class=\"fusion-layout-column fusion_builder_column_inner fusion-builder-nested-column-1 fusion_builder_column_inner_5_6 5_6 fusion-flex-column\" style=\"--awb-bg-size:cover;--awb-width-large:83.333333333333%;--awb-margin-top-large:0px;--awb-spacing-right-large:2.304%;--awb-margin-bottom-large:00px;--awb-spacing-left-large:2.304%;--awb-width-medium:83.333333333333%;--awb-order-medium:0;--awb-spacing-right-medium:2.304%;--awb-spacing-left-medium:2.304%;--awb-width-small:100%;--awb-order-small:0;--awb-spacing-right-small:1.92%;--awb-spacing-left-small:1.92%;\"><div class=\"fusion-column-wrapper fusion-column-has-shadow fusion-flex-justify-content-flex-start fusion-content-layout-column\"><div class=\"fusion-text fusion-text-2\" style=\"--awb-text-color:#ffffff;\"><p>Wir sind stolz darauf, in Gro\u00dfbritannien ans\u00e4ssige Entwickler und Hersteller von weltweit f\u00fchrenden Ultraschall-Wasserintegrit\u00e4tspr\u00fcfger\u00e4ten, Fl\u00fcssigkeitsstandsanzeigern und zerst\u00f6rungsfreien Pr\u00fcfger\u00e4ten zu sein.<\/p>\n<\/div><\/div><\/div><\/div><div ><a class=\"fusion-button button-flat fusion-button-default-size button-custom fusion-button-default button-1 fusion-button-default-span fusion-button-default-type\" style=\"--button_accent_color:#ffffff;--button_accent_hover_color:#ffffff;--button_border_hover_color:#ffffff;--button_gradient_top_color:#00235a;--button_gradient_bottom_color:#00235a;--button_gradient_top_color_hover:#f08421;--button_gradient_bottom_color_hover:#f08421;\" target=\"_self\" href=\"https:\/\/www.classltd.com\/de\/ultraschall-prufgerate\/\"><span class=\"fusion-button-text awb-button__text awb-button__text--default\">Neueste Produkte<\/span><i class=\"fa-long-arrow-right fal awb-button__icon awb-button__icon--default button-icon-right\" aria-hidden=\"true\"><\/i><\/a><\/div><\/div><\/div><div class=\"fusion-layout-column fusion_builder_column fusion-builder-column-2 fusion_builder_column_2_5 2_5 fusion-flex-column\" style=\"--awb-padding-top:40px;--awb-padding-right:15px;--awb-padding-left:15px;--awb-bg-color:#ffffff;--awb-bg-color-hover:#ffffff;--awb-bg-size:cover;--awb-width-large:40%;--awb-margin-top-large:0px;--awb-spacing-right-large:4.8%;--awb-margin-bottom-large:20px;--awb-spacing-left-large:4.8%;--awb-width-medium:100%;--awb-order-medium:0;--awb-spacing-right-medium:1.92%;--awb-spacing-left-medium:1.92%;--awb-width-small:100%;--awb-order-small:0;--awb-spacing-right-small:1.92%;--awb-spacing-left-small:1.92%;\"><div class=\"fusion-column-wrapper fusion-column-has-shadow fusion-flex-justify-content-flex-start fusion-content-layout-column\"><div class=\"fusion-content-boxes content-boxes columns row fusion-columns-1 fusion-columns-total-1 fusion-content-boxes-1 content-boxes-icon-on-top content-left\" style=\"--awb-title-color:#150e81;--awb-margin-bottom:-20px;--awb-hover-accent-color:#150e81;--awb-circle-hover-accent-color:#150e81;--awb-item-margin-bottom:40px;\" data-animationoffset=\"top-into-view\"><div style=\"--awb-backgroundcolor:rgba(255,255,255,0);\" class=\"fusion-column content-box-column content-box-column content-box-column-1 col-lg-12 col-md-12 col-sm-12 fusion-content-box-hover content-box-column-last content-box-column-last-in-row\"><div class=\"col content-box-wrapper content-wrapper link-area-link-icon content-icon-wrapper-yes icon-hover-animation-fade\" data-animationoffset=\"top-into-view\"><div class=\"heading heading-with-icon icon-left\"><div aria-hidden=\"true\" class=\"image\"><img decoding=\"async\" class=\"lazyload\" src=\"data:image\/svg+xml,%3Csvg%20xmlns%3D%27http%3A%2F%2Fwww.w3.org%2F2000%2Fsvg%27%20width%3D%271000%27%20height%3D%27313%27%20viewBox%3D%270%200%201000%20313%27%3E%3Crect%20width%3D%271000%27%20height%3D%27313%27%20fill-opacity%3D%220%22%2F%3E%3C%2Fsvg%3E\" data-orig-src=\"https:\/\/www.classltd.com\/wp-content\/uploads\/2021\/10\/55.png\" width=\"600\" height=\"187.8\" alt=\"\" \/><\/div><h2 class=\"content-box-heading\" style=\"--h2_typography-font-size:24px;line-height:29px;\">Wir sind das einzige Unternehmen, das alle 5 Jahre eine Rekalibrierung unserer Produkte anbietet<\/h2><\/div><\/div><\/div><div class=\"fusion-clearfix\"><\/div><\/div><\/div><\/div><\/div><\/div>\n<\/p>","protected":false},"excerpt":{"rendered":"","protected":false},"author":1,"featured_media":0,"parent":0,"menu_order":0,"comment_status":"closed","ping_status":"closed","template":"100-width.php","meta":{"footnotes":""},"class_list":["post-3457","page","type-page","status-publish","hentry"],"yoast_head":"<!-- This site is optimized with the Yoast SEO plugin v26.9 - https:\/\/yoast.com\/product\/yoast-seo-wordpress\/ -->\r\n<title>External Links | Class Instrumentation Ltd<\/title>\r\n<meta name=\"description\" content=\"List of Useful Websites Around Ultrasonic Testing and Other Customer Interest, Latest Industry Trends of Marine, Fire Safety, NDT, Training and Regulatory Concepts.\" \/>\r\n<meta name=\"robots\" content=\"index, follow, max-snippet:-1, max-image-preview:large, max-video-preview:-1\" \/>\r\n<link rel=\"canonical\" href=\"https:\/\/www.classltd.com\/de\/externe-links\/\" \/>\r\n<meta property=\"og:locale\" content=\"de_DE\" \/>\r\n<meta property=\"og:type\" content=\"article\" \/>\r\n<meta property=\"og:title\" content=\"External Links | Class Instrumentation Ltd\" \/>\r\n<meta property=\"og:description\" content=\"List of Useful Websites Around Ultrasonic Testing and Other Customer Interest, Latest Industry Trends of Marine, Fire Safety, NDT, Training and Regulatory Concepts.\" \/>\r\n<meta property=\"og:url\" content=\"https:\/\/www.classltd.com\/de\/externe-links\/\" \/>\r\n<meta property=\"og:site_name\" content=\"Class Instrumentation Ltd\" \/>\r\n<meta property=\"article:publisher\" content=\"https:\/\/www.facebook.com\/ClassInstrumentation\" \/>\r\n<meta property=\"article:modified_time\" content=\"2022-05-30T17:04:00+00:00\" \/>\r\n<meta name=\"twitter:card\" content=\"summary_large_image\" \/>\r\n<meta name=\"twitter:site\" content=\"@classltd\" \/>\r\n<meta name=\"twitter:label1\" content=\"Gesch\u00e4tzte Lesezeit\" \/>\n\t<meta name=\"twitter:data1\" content=\"6\u00a0Minuten\" \/>\r\n<!-- \/ Yoast SEO plugin. -->","yoast_head_json":{"title":"Externe Links | Klasse Instrumentierung Ltd","description":"Liste n\u00fctzlicher Websites rund um Ultraschallpr\u00fcfung und andere Kundeninteressen, neueste Branchentrends in den Bereichen Schifffahrt, Brandschutz, NDT, Schulung und beh\u00f6rdliche Konzepte.","robots":{"index":"index","follow":"follow","max-snippet":"max-snippet:-1","max-image-preview":"max-image-preview:large","max-video-preview":"max-video-preview:-1"},"canonical":"https:\/\/www.classltd.com\/de\/externe-links\/","og_locale":"de_DE","og_type":"article","og_title":"External Links | Class Instrumentation Ltd","og_description":"List of Useful Websites Around Ultrasonic Testing and Other Customer Interest, Latest Industry Trends of Marine, Fire Safety, NDT, Training and Regulatory Concepts.","og_url":"https:\/\/www.classltd.com\/de\/externe-links\/","og_site_name":"Class Instrumentation Ltd","article_publisher":"https:\/\/www.facebook.com\/ClassInstrumentation","article_modified_time":"2022-05-30T17:04:00+00:00","twitter_card":"summary_large_image","twitter_site":"@classltd","twitter_misc":{"Gesch\u00e4tzte Lesezeit":"6\u00a0Minuten"},"schema":{"@context":"https:\/\/schema.org","@graph":[{"@type":"WebPage","@id":"https:\/\/www.classltd.com\/external-links\/","url":"https:\/\/www.classltd.com\/external-links\/","name":"Externe Links | Klasse Instrumentierung Ltd","isPartOf":{"@id":"https:\/\/www.classltd.com\/#website"},"datePublished":"2021-09-10T07:05:17+00:00","dateModified":"2022-05-30T17:04:00+00:00","description":"Liste n\u00fctzlicher Websites rund um Ultraschallpr\u00fcfung und andere Kundeninteressen, neueste Branchentrends in den Bereichen Schifffahrt, Brandschutz, NDT, Schulung und beh\u00f6rdliche Konzepte.","breadcrumb":{"@id":"https:\/\/www.classltd.com\/external-links\/#breadcrumb"},"inLanguage":"de","potentialAction":[{"@type":"ReadAction","target":["https:\/\/www.classltd.com\/external-links\/"]}]},{"@type":"BreadcrumbList","@id":"https:\/\/www.classltd.com\/external-links\/#breadcrumb","itemListElement":[{"@type":"ListItem","position":1,"name":"Home","item":"https:\/\/www.classltd.com\/"},{"@type":"ListItem","position":2,"name":"External Links"}]},{"@type":"WebSite","@id":"https:\/\/www.classltd.com\/#website","url":"https:\/\/www.classltd.com\/","name":"Klasse Instrumentierung Ltd","description":"","publisher":{"@id":"https:\/\/www.classltd.com\/#organization"},"potentialAction":[{"@type":"SearchAction","target":{"@type":"EntryPoint","urlTemplate":"https:\/\/www.classltd.com\/?s={search_term_string}"},"query-input":{"@type":"PropertyValueSpecification","valueRequired":true,"valueName":"search_term_string"}}],"inLanguage":"de"},{"@type":"Organization","@id":"https:\/\/www.classltd.com\/#organization","name":"Klasse Instrumentierung Ltd","url":"https:\/\/www.classltd.com\/","logo":{"@type":"ImageObject","inLanguage":"de","@id":"https:\/\/www.classltd.com\/#\/schema\/logo\/image\/","url":"https:\/\/www.classltd.com\/wp-content\/uploads\/2024\/01\/class_logo_main2.png","contentUrl":"https:\/\/www.classltd.com\/wp-content\/uploads\/2024\/01\/class_logo_main2.png","width":632,"height":54,"caption":"Class Instrumentation Ltd"},"image":{"@id":"https:\/\/www.classltd.com\/#\/schema\/logo\/image\/"},"sameAs":["https:\/\/www.facebook.com\/ClassInstrumentation","https:\/\/x.com\/classltd","https:\/\/www.youtube.com\/user\/ClassInstrumentation"]}]}},"_links":{"self":[{"href":"https:\/\/www.classltd.com\/de\/wp-json\/wp\/v2\/pages\/3457","targetHints":{"allow":["GET"]}}],"collection":[{"href":"https:\/\/www.classltd.com\/de\/wp-json\/wp\/v2\/pages"}],"about":[{"href":"https:\/\/www.classltd.com\/de\/wp-json\/wp\/v2\/types\/page"}],"author":[{"embeddable":true,"href":"https:\/\/www.classltd.com\/de\/wp-json\/wp\/v2\/users\/1"}],"replies":[{"embeddable":true,"href":"https:\/\/www.classltd.com\/de\/wp-json\/wp\/v2\/comments?post=3457"}],"version-history":[{"count":7,"href":"https:\/\/www.classltd.com\/de\/wp-json\/wp\/v2\/pages\/3457\/revisions"}],"predecessor-version":[{"id":3459,"href":"https:\/\/www.classltd.com\/de\/wp-json\/wp\/v2\/pages\/3457\/revisions\/3459"}],"wp:attachment":[{"href":"https:\/\/www.classltd.com\/de\/wp-json\/wp\/v2\/media?parent=3457"}],"curies":[{"name":"wp","href":"https:\/\/api.w.org\/{rel}","templated":true}]}}