{"id":3330,"date":"2021-09-09T11:21:43","date_gmt":"2021-09-09T11:21:43","guid":{"rendered":"http:\/\/telsamedia.co.uk\/classinstrument\/?page_id=3330"},"modified":"2022-05-30T17:05:02","modified_gmt":"2022-05-30T17:05:02","slug":"faq","status":"publish","type":"page","link":"https:\/\/www.classltd.com\/de\/faq\/","title":{"rendered":"H\u00e4ufig gestellte Fragen"},"content":{"rendered":"<div class=\"fusion-fullwidth fullwidth-box fusion-builder-row-1 fusion-flex-container nonhundred-percent-fullwidth non-hundred-percent-height-scrolling\" style=\"--awb-border-radius-top-left:0px;--awb-border-radius-top-right:0px;--awb-border-radius-bottom-right:0px;--awb-border-radius-bottom-left:0px;--awb-padding-top:100px;--awb-padding-bottom:100px;--awb-padding-top-medium:75px;--awb-padding-bottom-medium:75px;--awb-padding-top-small:50px;--awb-padding-bottom-small:50px;--awb-flex-wrap:wrap;\" ><div class=\"fusion-builder-row fusion-row fusion-flex-align-items-flex-start fusion-flex-content-wrap\" style=\"max-width:1248px;margin-left: calc(-4% \/ 2 );margin-right: calc(-4% \/ 2 );\"><div class=\"fusion-layout-column fusion_builder_column fusion-builder-column-0 fusion_builder_column_1_1 1_1 fusion-flex-column\" style=\"--awb-bg-size:cover;--awb-border-color:#e4e4e4;--awb-border-style:solid;--awb-width-large:100%;--awb-margin-top-large:0px;--awb-spacing-right-large:1.92%;--awb-margin-bottom-large:20px;--awb-spacing-left-large:1.92%;--awb-width-medium:100%;--awb-order-medium:0;--awb-spacing-right-medium:1.92%;--awb-spacing-left-medium:1.92%;--awb-width-small:100%;--awb-order-small:0;--awb-spacing-right-small:1.92%;--awb-spacing-left-small:1.92%;\"><div class=\"fusion-column-wrapper fusion-column-has-shadow fusion-flex-justify-content-flex-start fusion-content-layout-column\"><div class=\"fusion-title title fusion-title-1 fusion-sep-none fusion-title-text fusion-title-size-six short-title\" style=\"--awb-margin-top:00px;--awb-margin-top-small:00px;--awb-margin-top-medium:00px;--awb-margin-bottom-medium:15px;\"><h6 class=\"fusion-title-heading title-heading-left\" style=\"margin:0;\">H\u00e4ufig gestellte Fragen<\/h6><\/div><div class=\"fusion-title title fusion-title-2 fusion-sep-none fusion-title-text fusion-title-size-one main-title\" style=\"--awb-margin-top:00px;--awb-margin-top-small:00px;--awb-margin-bottom-small:15px;--awb-margin-top-medium:00px;--awb-margin-bottom-medium:15px;\"><h1 class=\"fusion-title-heading title-heading-left\" style=\"margin:0;\">H\u00e4ufig gestellte Fragen<\/h1><\/div><div class=\"fusion-separator custome-sep\" style=\"align-self: flex-start;margin-right:auto;margin-top:0px;margin-bottom:30px;width:100%;max-width:120px;\"><div class=\"fusion-separator-border sep-single sep-solid\" style=\"--awb-height:20px;--awb-amount:20px;--awb-sep-color:#fc6a20;border-color:#fc6a20;border-top-width:4px;\"><\/div><\/div><\/div><\/div><div class=\"fusion-layout-column fusion_builder_column fusion-builder-column-1 fusion_builder_column_1_1 1_1 fusion-flex-column\" style=\"--awb-bg-size:cover;--awb-width-large:100%;--awb-margin-top-large:0px;--awb-spacing-right-large:1.92%;--awb-margin-bottom-large:00px;--awb-spacing-left-large:1.92%;--awb-width-medium:100%;--awb-order-medium:0;--awb-spacing-right-medium:1.92%;--awb-spacing-left-medium:1.92%;--awb-width-small:100%;--awb-order-small:0;--awb-spacing-right-small:1.92%;--awb-spacing-left-small:1.92%;\"><div class=\"fusion-column-wrapper fusion-column-has-shadow fusion-flex-justify-content-flex-start fusion-content-layout-column\"><div class=\"accordian fusion-accordian faq-wrapper\" style=\"--awb-border-size:1px;--awb-icon-size:20px;--awb-content-font-size:17px;--awb-icon-alignment:left;--awb-hover-color:#f9f9fb;--awb-border-color:#e2e2e2;--awb-background-color:#ffffff;--awb-divider-color:#e2e2e2;--awb-divider-hover-color:#e2e2e2;--awb-icon-color:#ffffff;--awb-title-color:#ff5e14;--awb-content-color:#4a4e57;--awb-icon-box-color:#150e81;--awb-toggle-hover-accent-color:#f08421;--awb-title-font-family:Arial, Helvetica, sans-serif;--awb-title-font-weight:400;--awb-title-font-style:normal;--awb-title-font-size:20px;--awb-content-font-family:Arial, Helvetica, sans-serif;--awb-content-font-style:normal;--awb-content-font-weight:400;\"><div class=\"panel-group fusion-toggle-icon-boxed\" id=\"accordion-3330-1\"><div class=\"fusion-panel panel-default panel-1b1c84480a47a5cf2 fusion-toggle-has-divider\"><div class=\"panel-heading\"><h4 class=\"panel-title toggle\" id=\"toggle_1b1c84480a47a5cf2\"><a class=\"active\" aria-expanded=\"true\" aria-controls=\"1b1c84480a47a5cf2\" role=\"button\" data-toggle=\"collapse\" data-parent=\"#accordion-3330-1\" data-target=\"#1b1c84480a47a5cf2\" href=\"#1b1c84480a47a5cf2\"><span class=\"fusion-toggle-icon-wrapper\" aria-hidden=\"true\"><i class=\"fa-fusion-box active-icon awb-icon-minus\" aria-hidden=\"true\"><\/i><i class=\"fa-fusion-box inactive-icon awb-icon-plus\" aria-hidden=\"true\"><\/i><\/span><span class=\"fusion-toggle-heading\">Wenn ich einen CARGO-SAFE\u2122-Empf\u00e4nger habe, kann ich diesen anstelle eines CABIN-SAFE\u2122-Empf\u00e4ngers verwenden?<\/span><\/a><\/h4><\/div><div id=\"1b1c84480a47a5cf2\" class=\"panel-collapse collapse in\" aria-labelledby=\"toggle_1b1c84480a47a5cf2\"><div class=\"panel-body toggle-content fusion-clearfix\">Ja eine\u00a0 <strong>CARGO-SAFE\u2122 <\/strong>Empf\u00e4nger ist sehr viel ausgefeilter als ein <strong>CABIN-SAFE\u2122 <\/strong>Empf\u00e4nger und funktioniert sehr gut mit a <strong>CABIN-SAFE\u2122<\/strong> Sender.<\/div><\/div><\/div><div class=\"fusion-panel panel-default panel-059e7fbfbea259d7d fusion-toggle-has-divider\"><div class=\"panel-heading\"><h4 class=\"panel-title toggle\" id=\"toggle_059e7fbfbea259d7d\"><a aria-expanded=\"false\" aria-controls=\"059e7fbfbea259d7d\" role=\"button\" data-toggle=\"collapse\" data-parent=\"#accordion-3330-1\" data-target=\"#059e7fbfbea259d7d\" href=\"#059e7fbfbea259d7d\"><span class=\"fusion-toggle-icon-wrapper\" aria-hidden=\"true\"><i class=\"fa-fusion-box active-icon awb-icon-minus\" aria-hidden=\"true\"><\/i><i class=\"fa-fusion-box inactive-icon awb-icon-plus\" aria-hidden=\"true\"><\/i><\/span><span class=\"fusion-toggle-heading\">Kann ich einen CABIN-SAFE\u2122-Empf\u00e4nger verwenden, um einen Lukendeckeltest durchzuf\u00fchren?<\/span><\/a><\/h4><\/div><div id=\"059e7fbfbea259d7d\" class=\"panel-collapse collapse\" aria-labelledby=\"toggle_059e7fbfbea259d7d\"><div class=\"panel-body toggle-content fusion-clearfix\">Nein. Obwohl ein Signal zu h\u00f6ren w\u00e4re, erfolgt keine Anzeige bei a <strong>CABIN-SAFE\u2122<\/strong> so dass das Ausma\u00df des Lochs nicht abgesch\u00e4tzt werden k\u00f6nnte.<\/div><\/div><\/div><div class=\"fusion-panel panel-default panel-6d63d73aa7be911c7 fusion-toggle-has-divider\"><div class=\"panel-heading\"><h4 class=\"panel-title toggle\" id=\"toggle_6d63d73aa7be911c7\"><a aria-expanded=\"false\" aria-controls=\"6d63d73aa7be911c7\" role=\"button\" data-toggle=\"collapse\" data-parent=\"#accordion-3330-1\" data-target=\"#6d63d73aa7be911c7\" href=\"#6d63d73aa7be911c7\"><span class=\"fusion-toggle-icon-wrapper\" aria-hidden=\"true\"><i class=\"fa-fusion-box active-icon awb-icon-minus\" aria-hidden=\"true\"><\/i><i class=\"fa-fusion-box inactive-icon awb-icon-plus\" aria-hidden=\"true\"><\/i><\/span><span class=\"fusion-toggle-heading\">Kann ich einen CABIN-SAFE\u2122-Empf\u00e4nger verwenden, um die Unversehrtheit eines Lukendeckels zu testen? <\/span><\/a><\/h4><\/div><div id=\"6d63d73aa7be911c7\" class=\"panel-collapse collapse\" aria-labelledby=\"toggle_6d63d73aa7be911c7\"><div class=\"panel-body toggle-content fusion-clearfix\">Nein. Die Ausgabe von a <strong>CABIN-SAFE\u2122<\/strong> Sender ist sehr viel kleiner als a <strong>CARGO-SAFE\u2122<\/strong> Daher w\u00fcrde kein Signal irgendwelche Lecks durchdringen und der OHV w\u00e4re zu klein, um darauf eine Ablesung zu basieren.<\/div><\/div><\/div><div class=\"fusion-panel panel-default panel-b17058b7f50ffedef fusion-toggle-has-divider\"><div class=\"panel-heading\"><h4 class=\"panel-title toggle\" id=\"toggle_b17058b7f50ffedef\"><a aria-expanded=\"false\" aria-controls=\"b17058b7f50ffedef\" role=\"button\" data-toggle=\"collapse\" data-parent=\"#accordion-3330-1\" data-target=\"#b17058b7f50ffedef\" href=\"#b17058b7f50ffedef\"><span class=\"fusion-toggle-icon-wrapper\" aria-hidden=\"true\"><i class=\"fa-fusion-box active-icon awb-icon-minus\" aria-hidden=\"true\"><\/i><i class=\"fa-fusion-box inactive-icon awb-icon-plus\" aria-hidden=\"true\"><\/i><\/span><span class=\"fusion-toggle-heading\">Kann der SONIC LEAK DETECTOR\u2122 alle Gaslecks erkennen?<\/span><\/a><\/h4><\/div><div id=\"b17058b7f50ffedef\" class=\"panel-collapse collapse\" aria-labelledby=\"toggle_b17058b7f50ffedef\"><div class=\"panel-body toggle-content fusion-clearfix\">Das Prinzip unserer <strong>SONIC LEAK DETECTOR\u2122 <\/strong>(<strong>SLD\u2122<\/strong>) besteht darin, jeden Ton mit einer Frequenz aufzunehmen, die h\u00f6her ist als das, was wir h\u00f6ren k\u00f6nnen, von 15 kHz bis 200 kHz. Dieser gro\u00dfe Bereich wird durch die Verwendung eines ausgekl\u00fcgelten Mikrofons erm\u00f6glicht. Die meisten Hersteller h\u00f6ren nur Frequenzen um 40 kHz.<\/p>\n<p>Die Erkennung h\u00e4ngt von der Menge des Lecks ab. Wenn es sich um ein winziges langsames Leck handelt, kann es Blasen im Wasser erzeugen. Dies ist sehr schwer zu erkennen, da die langsame Austrittsgeschwindigkeit des Gases keine Wirbel erzeugt, so dass kein Ger\u00e4usch erzeugt wird.<\/p>\n<p>Wenn das Gas schneller entweicht, kann es erkannt werden \u2013 und je nach Lautst\u00e4rke des Ger\u00e4usches k\u00f6nnen Sie herausfinden, welche Ausr\u00fcstung Sie ben\u00f6tigen.<\/p>\n<p>Wenn es laut ist, dann braucht es statt der standardm\u00e4\u00dfig mitgelieferten einfachen Skelett-Kopfh\u00f6rer einen gepolsterten Kopfh\u00f6rer.<\/p>\n<p>Denn unsere <strong>SONIC LEAK DETECTOR\u2122 <\/strong>hat einen so gro\u00dfen Frequenzbereich, dass es ein sehr guter Fledermausdetektor ist, der jede Fledermausart aufnimmt, da es nicht auf eine bestimmte Frequenz eingestellt werden muss.<\/div><\/div><\/div><div class=\"fusion-panel panel-default panel-a322f19475b6adb2f fusion-toggle-has-divider\"><div class=\"panel-heading\"><h4 class=\"panel-title toggle\" id=\"toggle_a322f19475b6adb2f\"><a aria-expanded=\"false\" aria-controls=\"a322f19475b6adb2f\" role=\"button\" data-toggle=\"collapse\" data-parent=\"#accordion-3330-1\" data-target=\"#a322f19475b6adb2f\" href=\"#a322f19475b6adb2f\"><span class=\"fusion-toggle-icon-wrapper\" aria-hidden=\"true\"><i class=\"fa-fusion-box active-icon awb-icon-minus\" aria-hidden=\"true\"><\/i><i class=\"fa-fusion-box inactive-icon awb-icon-plus\" aria-hidden=\"true\"><\/i><\/span><span class=\"fusion-toggle-heading\">Macht es die Verwendung des SONIC LEAK DETECTOR\u2122 in einer sehr lauten Umgebung schwierig, den Ton \u00fcber die Kopfh\u00f6rer zu h\u00f6ren?<\/span><\/a><\/h4><\/div><div id=\"a322f19475b6adb2f\" class=\"panel-collapse collapse\" aria-labelledby=\"toggle_a322f19475b6adb2f\"><div class=\"panel-body toggle-content fusion-clearfix\">Obwohl die <strong>SONIC LEAK DETECTOR\u2122<\/strong> kommt mit harten Hutkopfh\u00f6rern. Jeder Kopf- oder Ohrh\u00f6rer ist geeignet, solange er \u00fcber eine 3,5-mm-Klinkenbuchse (mono oder stereo) verf\u00fcgt. F\u00fcr laute Umgebungen k\u00f6nnen Sie DJ-Kopfh\u00f6rer oder Kopfh\u00f6rer mit gro\u00dfen, weichen Ohrpolstern verwenden, die vollst\u00e4ndig \u00fcber die Ohren passen und Fremdger\u00e4usche ausschlie\u00dfen.<\/p>\n<p>Eine kurze Antwort, da dies von der Menge des Lecks abh\u00e4ngt. Wenn es sich um ein winziges langsames Leck handelt, kann es zu Blasen im Wasser kommen. Dies ist sehr schwer zu erkennen, da die langsame Austrittsgeschwindigkeit des Gases keine Wirbel erzeugt, so dass kein Ger\u00e4usch erzeugt wird.<\/p>\n<p>Wenn das Gas schneller entweicht, kann es erkannt werden \u2013 und je nach Lautst\u00e4rke des Ger\u00e4usches k\u00f6nnen Sie herausfinden, welche Ausr\u00fcstung Sie ben\u00f6tigen.<\/p>\n<p>Wenn es laut ist, dann braucht es statt der standardm\u00e4\u00dfig mitgelieferten einfachen Skelett-Kopfh\u00f6rer einen gepolsterten Kopfh\u00f6rer.<\/div><\/div><\/div><div class=\"fusion-panel panel-default panel-a52322c2ae4fad818 fusion-toggle-has-divider\"><div class=\"panel-heading\"><h4 class=\"panel-title toggle\" id=\"toggle_a52322c2ae4fad818\"><a aria-expanded=\"false\" aria-controls=\"a52322c2ae4fad818\" role=\"button\" data-toggle=\"collapse\" data-parent=\"#accordion-3330-1\" data-target=\"#a52322c2ae4fad818\" href=\"#a52322c2ae4fad818\"><span class=\"fusion-toggle-icon-wrapper\" aria-hidden=\"true\"><i class=\"fa-fusion-box active-icon awb-icon-minus\" aria-hidden=\"true\"><\/i><i class=\"fa-fusion-box inactive-icon awb-icon-plus\" aria-hidden=\"true\"><\/i><\/span><span class=\"fusion-toggle-heading\">Warum sind die Ledertaschen an den N\u00e4hten ausgestellt?<\/span><\/a><\/h4><\/div><div id=\"a52322c2ae4fad818\" class=\"panel-collapse collapse\" aria-labelledby=\"toggle_a52322c2ae4fad818\"><div class=\"panel-body toggle-content fusion-clearfix\">Die Ledertaschen sind nicht nur sturmfest und halten die Instrumente sauber, sie sind auch so konstruiert, dass sie St\u00fcrze aus 2 Metern oder 6 Fu\u00df H\u00f6he \u00fcberstehen, ohne die Ausr\u00fcstung zu besch\u00e4digen.<\/div><\/div><\/div><div class=\"fusion-panel panel-default panel-ced601051ef4a231e fusion-toggle-has-divider\"><div class=\"panel-heading\"><h4 class=\"panel-title toggle\" id=\"toggle_ced601051ef4a231e\"><a aria-expanded=\"false\" aria-controls=\"ced601051ef4a231e\" role=\"button\" data-toggle=\"collapse\" data-parent=\"#accordion-3330-1\" data-target=\"#ced601051ef4a231e\" href=\"#ced601051ef4a231e\"><span class=\"fusion-toggle-icon-wrapper\" aria-hidden=\"true\"><i class=\"fa-fusion-box active-icon awb-icon-minus\" aria-hidden=\"true\"><\/i><i class=\"fa-fusion-box inactive-icon awb-icon-plus\" aria-hidden=\"true\"><\/i><\/span><span class=\"fusion-toggle-heading\">Wie bieten die Lederh\u00fcllen ausreichend Schutz, um die Eindringschutzklasse (IP) zu bieten? <\/span><\/a><\/h4><\/div><div id=\"ced601051ef4a231e\" class=\"panel-collapse collapse\" aria-labelledby=\"toggle_ced601051ef4a231e\"><div class=\"panel-body toggle-content fusion-clearfix\">Die Ledertaschen werden aus englischem Rindsleder hergestellt und verwenden ein Verfahren namens &quot;Spaltung&quot;. Dadurch wird die Haut in zwei H\u00e4lften geteilt, was die Dicke des Leders halbiert, die beiden H\u00e4lften werden dann mit einem Vinylkunststoff beschichtet, um das resultierende Leder geschmeidig, glatt und wetterfest zu machen. Sie bieten auch Schutz vor Staub, Fett und Schmutz.<\/div><\/div><\/div><div class=\"fusion-panel panel-default panel-7d6c7efad62a73137 fusion-toggle-has-divider\"><div class=\"panel-heading\"><h4 class=\"panel-title toggle\" id=\"toggle_7d6c7efad62a73137\"><a aria-expanded=\"false\" aria-controls=\"7d6c7efad62a73137\" role=\"button\" data-toggle=\"collapse\" data-parent=\"#accordion-3330-1\" data-target=\"#7d6c7efad62a73137\" href=\"#7d6c7efad62a73137\"><span class=\"fusion-toggle-icon-wrapper\" aria-hidden=\"true\"><i class=\"fa-fusion-box active-icon awb-icon-minus\" aria-hidden=\"true\"><\/i><i class=\"fa-fusion-box inactive-icon awb-icon-plus\" aria-hidden=\"true\"><\/i><\/span><span class=\"fusion-toggle-heading\">Wie sind die Magnete am Sensor so stark?<\/span><\/a><\/h4><\/div><div id=\"7d6c7efad62a73137\" class=\"panel-collapse collapse\" aria-labelledby=\"toggle_7d6c7efad62a73137\"><div class=\"panel-body toggle-content fusion-clearfix\">Die Magnete bestehen aus Neodym, dem st\u00e4rksten bekannten magnetischen Material. Sie sind mit Nickel beschichtet, um sie vor Korrosion zu sch\u00fctzen.<\/div><\/div><\/div><div class=\"fusion-panel panel-default panel-e03751b00ffef78b9 fusion-toggle-has-divider\"><div class=\"panel-heading\"><h4 class=\"panel-title toggle\" id=\"toggle_e03751b00ffef78b9\"><a aria-expanded=\"false\" aria-controls=\"e03751b00ffef78b9\" role=\"button\" data-toggle=\"collapse\" data-parent=\"#accordion-3330-1\" data-target=\"#e03751b00ffef78b9\" href=\"#e03751b00ffef78b9\"><span class=\"fusion-toggle-icon-wrapper\" aria-hidden=\"true\"><i class=\"fa-fusion-box active-icon awb-icon-minus\" aria-hidden=\"true\"><\/i><i class=\"fa-fusion-box inactive-icon awb-icon-plus\" aria-hidden=\"true\"><\/i><\/span><span class=\"fusion-toggle-heading\">Was kann ich verwenden, wenn mir das Koppelmittel ausgeht?<\/span><\/a><\/h4><\/div><div id=\"e03751b00ffef78b9\" class=\"panel-collapse collapse\" aria-labelledby=\"toggle_e03751b00ffef78b9\"><div class=\"panel-body toggle-content fusion-clearfix\">Nahezu jede Fl\u00fcssigkeit kann verwendet werden, da alle Fl\u00fcssigkeiten Ultraschall leiten. Gele werden im Allgemeinen verwendet, weil sie dort bleiben, wo sie platziert werden.<\/p>\n<p>Es gibt verschiedene Arten von Koppelmitteln, jedoch k\u00f6nnen Koppelmittel auf Wasserbasis ein Problem darstellen, wenn sie auf Stahl aufgetragen werden, da sie den Stahl rosten lassen k\u00f6nnen, wenn sie nicht entfernt werden.<\/p>\n<p>Koppelmittel auf \u00d6lbasis sind f\u00fcr Stahl geeignet, k\u00f6nnen aber Kunststoffe verschmutzen.<\/p>\n<p>Koppelmittel auf Siliziumbasis k\u00f6nnen f\u00fcr Hochtemperaturanwendungen \u00fcber 60 \u00b0C \/ 140 \u00b0F verwendet werden.<\/p>\n<p>Im Notfall kann jede Fl\u00fcssigkeit verwendet werden \u2013 manche Menschen verwenden sogar Spucke.<\/div><\/div><\/div><\/div><\/div><\/div><\/div><\/div><\/div>","protected":false},"excerpt":{"rendered":"","protected":false},"author":1,"featured_media":0,"parent":0,"menu_order":0,"comment_status":"closed","ping_status":"closed","template":"100-width.php","meta":{"footnotes":""},"class_list":["post-3330","page","type-page","status-publish","hentry"],"yoast_head":"<!-- This site is optimized with the Yoast SEO plugin v26.9 - https:\/\/yoast.com\/product\/yoast-seo-wordpress\/ -->\r\n<title>Frequently Asked Questions | Class Instrumentation Ltd<\/title>\r\n<meta name=\"description\" content=\"Got a Query? Please Check Out Our Most Recent FAQs about Our Products, Usage, Calibration &amp; Delivery Policies. If You Still Need More Help, Call Us @+442083332288.\" \/>\r\n<meta name=\"robots\" content=\"index, follow, max-snippet:-1, max-image-preview:large, max-video-preview:-1\" \/>\r\n<link rel=\"canonical\" href=\"https:\/\/www.classltd.com\/de\/faq\/\" \/>\r\n<meta property=\"og:locale\" content=\"de_DE\" \/>\r\n<meta property=\"og:type\" content=\"article\" \/>\r\n<meta property=\"og:title\" content=\"Frequently Asked Questions | Class Instrumentation Ltd\" \/>\r\n<meta property=\"og:description\" content=\"Got a Query? Please Check Out Our Most Recent FAQs about Our Products, Usage, Calibration &amp; Delivery Policies. If You Still Need More Help, Call Us @+442083332288.\" \/>\r\n<meta property=\"og:url\" content=\"https:\/\/www.classltd.com\/de\/faq\/\" \/>\r\n<meta property=\"og:site_name\" content=\"Class Instrumentation Ltd\" \/>\r\n<meta property=\"article:publisher\" content=\"https:\/\/www.facebook.com\/ClassInstrumentation\" \/>\r\n<meta property=\"article:modified_time\" content=\"2022-05-30T17:05:02+00:00\" \/>\r\n<meta name=\"twitter:card\" content=\"summary_large_image\" \/>\r\n<meta name=\"twitter:site\" content=\"@classltd\" \/>\r\n<meta name=\"twitter:label1\" content=\"Gesch\u00e4tzte Lesezeit\" \/>\n\t<meta name=\"twitter:data1\" content=\"10\u00a0Minuten\" \/>\r\n<!-- \/ Yoast SEO plugin. -->","yoast_head_json":{"title":"H\u00e4ufig gestellte Fragen | Klasse Instrumentierung Ltd","description":"Haben Sie eine Frage? Bitte sehen Sie sich unsere neuesten FAQs zu unseren Produkten, Nutzungs-, Kalibrierungs- und Lieferrichtlinien an. Wenn Sie noch weitere Hilfe ben\u00f6tigen, rufen Sie uns an unter +442083332288.","robots":{"index":"index","follow":"follow","max-snippet":"max-snippet:-1","max-image-preview":"max-image-preview:large","max-video-preview":"max-video-preview:-1"},"canonical":"https:\/\/www.classltd.com\/de\/faq\/","og_locale":"de_DE","og_type":"article","og_title":"Frequently Asked Questions | Class Instrumentation Ltd","og_description":"Got a Query? Please Check Out Our Most Recent FAQs about Our Products, Usage, Calibration & Delivery Policies. If You Still Need More Help, Call Us @+442083332288.","og_url":"https:\/\/www.classltd.com\/de\/faq\/","og_site_name":"Class Instrumentation Ltd","article_publisher":"https:\/\/www.facebook.com\/ClassInstrumentation","article_modified_time":"2022-05-30T17:05:02+00:00","twitter_card":"summary_large_image","twitter_site":"@classltd","twitter_misc":{"Gesch\u00e4tzte Lesezeit":"10\u00a0Minuten"},"schema":{"@context":"https:\/\/schema.org","@graph":[{"@type":"WebPage","@id":"https:\/\/www.classltd.com\/faq\/","url":"https:\/\/www.classltd.com\/faq\/","name":"H\u00e4ufig gestellte Fragen | Klasse Instrumentierung Ltd","isPartOf":{"@id":"https:\/\/www.classltd.com\/#website"},"datePublished":"2021-09-09T11:21:43+00:00","dateModified":"2022-05-30T17:05:02+00:00","description":"Haben Sie eine Frage? Bitte sehen Sie sich unsere neuesten FAQs zu unseren Produkten, Nutzungs-, Kalibrierungs- und Lieferrichtlinien an. Wenn Sie noch weitere Hilfe ben\u00f6tigen, rufen Sie uns an unter +442083332288.","breadcrumb":{"@id":"https:\/\/www.classltd.com\/faq\/#breadcrumb"},"inLanguage":"de","potentialAction":[{"@type":"ReadAction","target":["https:\/\/www.classltd.com\/faq\/"]}]},{"@type":"BreadcrumbList","@id":"https:\/\/www.classltd.com\/faq\/#breadcrumb","itemListElement":[{"@type":"ListItem","position":1,"name":"Home","item":"https:\/\/www.classltd.com\/"},{"@type":"ListItem","position":2,"name":"Frequently Asked Questions"}]},{"@type":"WebSite","@id":"https:\/\/www.classltd.com\/#website","url":"https:\/\/www.classltd.com\/","name":"Klasse Instrumentierung Ltd","description":"","publisher":{"@id":"https:\/\/www.classltd.com\/#organization"},"potentialAction":[{"@type":"SearchAction","target":{"@type":"EntryPoint","urlTemplate":"https:\/\/www.classltd.com\/?s={search_term_string}"},"query-input":{"@type":"PropertyValueSpecification","valueRequired":true,"valueName":"search_term_string"}}],"inLanguage":"de"},{"@type":"Organization","@id":"https:\/\/www.classltd.com\/#organization","name":"Klasse Instrumentierung Ltd","url":"https:\/\/www.classltd.com\/","logo":{"@type":"ImageObject","inLanguage":"de","@id":"https:\/\/www.classltd.com\/#\/schema\/logo\/image\/","url":"https:\/\/www.classltd.com\/wp-content\/uploads\/2024\/01\/class_logo_main2.png","contentUrl":"https:\/\/www.classltd.com\/wp-content\/uploads\/2024\/01\/class_logo_main2.png","width":632,"height":54,"caption":"Class Instrumentation Ltd"},"image":{"@id":"https:\/\/www.classltd.com\/#\/schema\/logo\/image\/"},"sameAs":["https:\/\/www.facebook.com\/ClassInstrumentation","https:\/\/x.com\/classltd","https:\/\/www.youtube.com\/user\/ClassInstrumentation"]}]}},"_links":{"self":[{"href":"https:\/\/www.classltd.com\/de\/wp-json\/wp\/v2\/pages\/3330","targetHints":{"allow":["GET"]}}],"collection":[{"href":"https:\/\/www.classltd.com\/de\/wp-json\/wp\/v2\/pages"}],"about":[{"href":"https:\/\/www.classltd.com\/de\/wp-json\/wp\/v2\/types\/page"}],"author":[{"embeddable":true,"href":"https:\/\/www.classltd.com\/de\/wp-json\/wp\/v2\/users\/1"}],"replies":[{"embeddable":true,"href":"https:\/\/www.classltd.com\/de\/wp-json\/wp\/v2\/comments?post=3330"}],"version-history":[{"count":10,"href":"https:\/\/www.classltd.com\/de\/wp-json\/wp\/v2\/pages\/3330\/revisions"}],"predecessor-version":[{"id":4977,"href":"https:\/\/www.classltd.com\/de\/wp-json\/wp\/v2\/pages\/3330\/revisions\/4977"}],"wp:attachment":[{"href":"https:\/\/www.classltd.com\/de\/wp-json\/wp\/v2\/media?parent=3330"}],"curies":[{"name":"wp","href":"https:\/\/api.w.org\/{rel}","templated":true}]}}