{"id":3,"date":"2021-08-25T10:58:58","date_gmt":"2021-08-25T10:58:58","guid":{"rendered":"http:\/\/telsamedia.co.uk\/classinstrument\/?page_id=3"},"modified":"2022-01-12T12:47:42","modified_gmt":"2022-01-12T12:47:42","slug":"privacy-policy","status":"publish","type":"page","link":"https:\/\/www.classltd.com\/de\/datenschutz-bestimmungen\/","title":{"rendered":"Datenschutz-Bestimmungen"},"content":{"rendered":"<div class=\"fusion-fullwidth fullwidth-box fusion-builder-row-1 fusion-flex-container nonhundred-percent-fullwidth non-hundred-percent-height-scrolling\" style=\"--awb-border-radius-top-left:0px;--awb-border-radius-top-right:0px;--awb-border-radius-bottom-right:0px;--awb-border-radius-bottom-left:0px;--awb-flex-wrap:wrap;\" ><div class=\"fusion-builder-row fusion-row fusion-flex-align-items-flex-start fusion-flex-content-wrap\" style=\"max-width:1248px;margin-left: calc(-4% \/ 2 );margin-right: calc(-4% \/ 2 );\"><div class=\"fusion-layout-column fusion_builder_column fusion-builder-column-0 fusion_builder_column_1_1 1_1 fusion-flex-column\" style=\"--awb-bg-size:cover;--awb-width-large:100%;--awb-margin-top-large:0px;--awb-spacing-right-large:1.92%;--awb-margin-bottom-large:0px;--awb-spacing-left-large:1.92%;--awb-width-medium:100%;--awb-spacing-right-medium:1.92%;--awb-spacing-left-medium:1.92%;--awb-width-small:100%;--awb-spacing-right-small:1.92%;--awb-spacing-left-small:1.92%;\"><div class=\"fusion-column-wrapper fusion-flex-justify-content-flex-start fusion-content-layout-column\"><div class=\"fusion-text fusion-text-1\"><h1><strong>Datenschutz-Bestimmungen<\/strong><\/h1>\n<p>Class Instrumentation Datenschutzrichtlinie..in K\u00fcrze<\/p>\n<ul>\n<li>Class Instrumentation verpflichtet sich, Ihre Privatsph\u00e4re zu sch\u00fctzen.<\/li>\n<li>Class Instrumentation hat diese Datenschutzerkl\u00e4rung erstellt, um unsere feste Verpflichtung zum Datenschutz zu demonstrieren.<\/li>\n<li>Im Folgenden werden unsere Praktiken zum Sammeln und Verbreiten von Informationen f\u00fcr die Website unter URL offengelegt:\u00a0<a href=\"http:\/\/www.classltd.com\/de\/index.html\/\" target=\"_blank\" rel=\"noopener noreferrer\">www.classltd.com<\/a><\/li>\n<li>Class Instrumentation gibt keine Besucherinformationen an Dritte weiter.<\/li>\n<li>Alle Informationen, die Sie uns zur Verf\u00fcgung stellen, seien es gesch\u00e4ftliche oder pers\u00f6nliche Daten (z. B. Ihr Name oder Ihre Adresse), k\u00f6nnen von Dritten nicht eingesehen werden.<\/li>\n<li>Die von uns aufbewahrten Informationen werden auf unseren eigenen Computersystemen gespeichert, nicht auf einer Website.<\/li>\n<li>Diese Website kann zeitweise Links zu anderen Websites Dritter enthalten; Class Instrumentation ist nicht verantwortlich f\u00fcr die Datenschutzpraktiken oder den Inhalt solcher Websites.<\/li>\n<li>Diese Datenschutzerkl\u00e4rung stellt keinen rechtsverbindlichen Vertrag dar.<\/li>\n<\/ul>\n<h3>Welche Informationen sammeln oder verwenden wir?<\/h3>\n<p>Es gibt Bereiche auf unserer Website, in denen wir Sie m\u00f6glicherweise bitten, sich zu registrieren, um Zugriff auf hochwertige Dokumente zu erhalten, verschiedene Elemente herunterzuladen oder Kontakt mit Class Instrumentation aufzunehmen. Alle von Ihnen bereitgestellten Informationen bleiben das gesicherte Eigentum von Class Instrumentation. Unter keinen Umst\u00e4nden wird es an Dritte verkauft oder vermietet. Class Instrumentation kann jedoch Ihre Kontaktinformationen verwenden, um Ihnen speziell angeforderte Informationen oder andere Informationen oder Neuigkeiten \u00fcber unser Unternehmen und unsere Dienstleistungen zuzusenden. Ihre Daten k\u00f6nnen in aggregierter Form zur Marketinganalyse unseres Website-Verkehrs verwendet werden.<\/p>\n<p>Zus\u00e4tzlich zu den von Ihnen bereitgestellten personenbezogenen Daten kann Class Instrumentation gelegentlich Software oder andere Tools verwenden, die das Sammeln relevanter technischer Informationen erm\u00f6glichen, z. B. die IP-Adresse (Internetprotokoll) (IP), das auf Ihrem Computer eingesetzte Betriebssystem , der f\u00fcr den Zugriff verwendete Browser, verschiedene Verkehrsmuster sowie die Adresse etwaiger verweisender Websites. Class Instrumentation verfolgt immer, wie ein Besucher auf die Class Instrumentation-Website gelangt, es ist jedoch nicht m\u00f6glich und wir werden nicht versuchen, Informationen \u00fcber andere Websites zu sammeln, die vor der Landung auf www.classltd.com besucht wurden.<\/p>\n<h3>Wie k\u00f6nnen wir Ihre personenbezogenen Daten verwenden?<\/h3>\n<p>Class Instrumentation kann Ihre personenbezogenen Daten f\u00fcr die folgenden Zwecke verwenden:<\/p>\n<ul>\n<li>Damit Sie die Website nutzen k\u00f6nnen, ohne wiederholt Passw\u00f6rter oder Logins eingeben zu m\u00fcssen.<\/li>\n<li>Zur Bereitstellung von Informationen oder Dienstleistungen, die Sie angefordert haben.<\/li>\n<li>Um uns bei der Verwaltung unserer Inhalte zu helfen, um sicherzustellen, dass sie f\u00fcr Sie relevant und angemessen sind.<\/li>\n<li>Um Sie auf Unternehmensneuigkeiten, Produkt-Upgrades, andere aktualisierte Informationen und neue Produkte und Dienstleistungen von Class Instrumentation aufmerksam zu machen<\/li>\n<\/ul>\n<h3>Was ist ein \u201eCookie\u201c?<\/h3>\n<p>Cookies sind eine g\u00e4ngige Internettechnologie, die Ihrem Computer eine eindeutige Identifizierung zuweist und die Details \u00fcber eine Einrichtung in Ihrem Webbrowser nur auf der Festplatte IHRES Computers speichert.<\/p>\n<p>Auf dieser Seite werden Cookies verwendet. Sie werden verwendet, um die Informationen zu verfolgen, die Sie uns w\u00e4hrend Ihrer Besuche auf der Website gegeben haben. Das auf Ihrem Computer gespeicherte Cookie ist einfach eine numerische Kennung, die wir verwenden, um Sie zu identifizieren, wenn Sie sich auf der Website bewegen, und damit Sie Informationen abrufen k\u00f6nnen, die Sie zuvor an unseren Server gesendet haben.<\/p>\n<h3>Was ist mit Links auf Ihrer Website?<\/h3>\n<ul>\n<li>Class Instrumentation kann in regelm\u00e4\u00dfigen Abst\u00e4nden Links auf unserer Website bereitstellen, die auf externe Websites Dritter verweisen.<\/li>\n<li>Wir haben keine Kontrolle \u00fcber den Inhalt anderer Websites oder die Nutzung der von ihnen gesammelten Informationen.<\/li>\n<li>Wir empfehlen, dass Sie immer die Datenschutzrichtlinien aller von Ihnen besuchten Websites von Drittanbietern \u00fcberpr\u00fcfen; Sie folgen m\u00f6glicherweise nicht denselben Richtlinien wie wir<\/li>\n<\/ul>\n<h3>Google Analytics<\/h3>\n<ul>\n<li>Diese Website benutzt Google Analytics, einen Webanalysedienst der Google Inc. (\u201eGoogle\u201c).<\/li>\n<li>Google Analytics verwendet Cookies, um die Website bei der Analyse der Nutzung der Website durch Benutzer zu unterst\u00fctzen.<\/li>\n<li>Die durch den Cookie erzeugten Informationen \u00fcber Ihre Benutzung der Website (einschlie\u00dflich Ihrer IP-Adresse) werden an einen Server von Google in den USA \u00fcbertragen und dort gespeichert.<\/li>\n<li>Google wird diese Informationen benutzen, um Ihre Nutzung der Website auszuwerten, Berichte \u00fcber die Websiteaktivit\u00e4ten f\u00fcr Websitebetreiber zusammenzustellen und andere mit der Websitenutzung und der Internetnutzung verbundene Dienstleistungen zu erbringen.<\/li>\n<li>Auch wird Google diese Informationen gegebenenfalls an Dritte \u00fcbertragen, sofern dies gesetzlich vorgeschrieben oder soweit Dritte diese Daten im Auftrag von Google verarbeiten.<\/li>\n<li>Google wird Ihre IP-Adresse nicht mit anderen Daten von Google in Verbindung bringen.<\/li>\n<li>Sie k\u00f6nnen die Verwendung von Cookies ablehnen, indem Sie die entsprechenden Einstellungen in Ihrem Browser ausw\u00e4hlen. Bitte beachten Sie jedoch, dass Sie in diesem Fall m\u00f6glicherweise nicht alle Funktionen dieser Website nutzen k\u00f6nnen.<\/li>\n<li>Durch die Nutzung dieser Website stimmen Sie der Verarbeitung von Daten \u00fcber Sie durch Google in der oben beschriebenen Weise und zu den oben beschriebenen Zwecken zu.<\/li>\n<\/ul>\n<h3>Opt-out<\/h3>\n<p>Unsere Website bietet Benutzern die M\u00f6glichkeit, den Erhalt von Mitteilungen von uns und unseren Partnern an dem Punkt abzulehnen, an dem wir Informationen \u00fcber den Besucher anfordern.<\/p>\n<\/div><\/div><\/div><\/div><\/div>","protected":false},"excerpt":{"rendered":"","protected":false},"author":1,"featured_media":0,"parent":0,"menu_order":0,"comment_status":"closed","ping_status":"open","template":"","meta":{"footnotes":""},"class_list":["post-3","page","type-page","status-publish","hentry"],"yoast_head":"<!-- This site is optimized with the Yoast SEO plugin v26.9 - https:\/\/yoast.com\/product\/yoast-seo-wordpress\/ -->\r\n<title>Privacy Policy | Class Instrumentation Ltd<\/title>\r\n<meta name=\"description\" content=\"Please Refer our Privacy Policy about the Information We collect and How we process it - Class Instrumentation Ltd.\" \/>\r\n<meta name=\"robots\" content=\"index, follow, max-snippet:-1, max-image-preview:large, max-video-preview:-1\" \/>\r\n<link rel=\"canonical\" href=\"https:\/\/www.classltd.com\/de\/datenschutz-bestimmungen\/\" \/>\r\n<meta property=\"og:locale\" content=\"de_DE\" \/>\r\n<meta property=\"og:type\" content=\"article\" \/>\r\n<meta property=\"og:title\" content=\"Privacy Policy | Class Instrumentation Ltd\" \/>\r\n<meta property=\"og:description\" content=\"Please Refer our Privacy Policy about the Information We collect and How we process it - Class Instrumentation Ltd.\" \/>\r\n<meta property=\"og:url\" content=\"https:\/\/www.classltd.com\/de\/datenschutz-bestimmungen\/\" \/>\r\n<meta property=\"og:site_name\" content=\"Class Instrumentation Ltd\" \/>\r\n<meta property=\"article:publisher\" content=\"https:\/\/www.facebook.com\/ClassInstrumentation\" \/>\r\n<meta property=\"article:modified_time\" content=\"2022-01-12T12:47:42+00:00\" \/>\r\n<meta name=\"twitter:card\" content=\"summary_large_image\" \/>\r\n<meta name=\"twitter:site\" content=\"@classltd\" \/>\r\n<meta name=\"twitter:label1\" content=\"Gesch\u00e4tzte Lesezeit\" \/>\n\t<meta name=\"twitter:data1\" content=\"5\u00a0Minuten\" \/>\r\n<!-- \/ Yoast SEO plugin. -->","yoast_head_json":{"title":"Datenschutzrichtlinie | Klasse Instrumentierung Ltd","description":"Bitte beachten Sie unsere Datenschutzrichtlinie \u00fcber die Informationen, die wir sammeln und wie wir sie verarbeiten - Class Instrumentation Ltd.","robots":{"index":"index","follow":"follow","max-snippet":"max-snippet:-1","max-image-preview":"max-image-preview:large","max-video-preview":"max-video-preview:-1"},"canonical":"https:\/\/www.classltd.com\/de\/datenschutz-bestimmungen\/","og_locale":"de_DE","og_type":"article","og_title":"Privacy Policy | Class Instrumentation Ltd","og_description":"Please Refer our Privacy Policy about the Information We collect and How we process it - Class Instrumentation Ltd.","og_url":"https:\/\/www.classltd.com\/de\/datenschutz-bestimmungen\/","og_site_name":"Class Instrumentation Ltd","article_publisher":"https:\/\/www.facebook.com\/ClassInstrumentation","article_modified_time":"2022-01-12T12:47:42+00:00","twitter_card":"summary_large_image","twitter_site":"@classltd","twitter_misc":{"Gesch\u00e4tzte Lesezeit":"5\u00a0Minuten"},"schema":{"@context":"https:\/\/schema.org","@graph":[{"@type":"WebPage","@id":"https:\/\/www.classltd.com\/privacy-policy\/","url":"https:\/\/www.classltd.com\/privacy-policy\/","name":"Datenschutzrichtlinie | Klasse Instrumentierung Ltd","isPartOf":{"@id":"https:\/\/www.classltd.com\/#website"},"datePublished":"2021-08-25T10:58:58+00:00","dateModified":"2022-01-12T12:47:42+00:00","description":"Bitte beachten Sie unsere Datenschutzrichtlinie \u00fcber die Informationen, die wir sammeln und wie wir sie verarbeiten - Class Instrumentation Ltd.","breadcrumb":{"@id":"https:\/\/www.classltd.com\/privacy-policy\/#breadcrumb"},"inLanguage":"de","potentialAction":[{"@type":"ReadAction","target":["https:\/\/www.classltd.com\/privacy-policy\/"]}]},{"@type":"BreadcrumbList","@id":"https:\/\/www.classltd.com\/privacy-policy\/#breadcrumb","itemListElement":[{"@type":"ListItem","position":1,"name":"Home","item":"https:\/\/www.classltd.com\/"},{"@type":"ListItem","position":2,"name":"Privacy Policy"}]},{"@type":"WebSite","@id":"https:\/\/www.classltd.com\/#website","url":"https:\/\/www.classltd.com\/","name":"Klasse Instrumentierung Ltd","description":"","publisher":{"@id":"https:\/\/www.classltd.com\/#organization"},"potentialAction":[{"@type":"SearchAction","target":{"@type":"EntryPoint","urlTemplate":"https:\/\/www.classltd.com\/?s={search_term_string}"},"query-input":{"@type":"PropertyValueSpecification","valueRequired":true,"valueName":"search_term_string"}}],"inLanguage":"de"},{"@type":"Organization","@id":"https:\/\/www.classltd.com\/#organization","name":"Klasse Instrumentierung Ltd","url":"https:\/\/www.classltd.com\/","logo":{"@type":"ImageObject","inLanguage":"de","@id":"https:\/\/www.classltd.com\/#\/schema\/logo\/image\/","url":"https:\/\/www.classltd.com\/wp-content\/uploads\/2024\/01\/class_logo_main2.png","contentUrl":"https:\/\/www.classltd.com\/wp-content\/uploads\/2024\/01\/class_logo_main2.png","width":632,"height":54,"caption":"Class Instrumentation Ltd"},"image":{"@id":"https:\/\/www.classltd.com\/#\/schema\/logo\/image\/"},"sameAs":["https:\/\/www.facebook.com\/ClassInstrumentation","https:\/\/x.com\/classltd","https:\/\/www.youtube.com\/user\/ClassInstrumentation"]}]}},"_links":{"self":[{"href":"https:\/\/www.classltd.com\/de\/wp-json\/wp\/v2\/pages\/3","targetHints":{"allow":["GET"]}}],"collection":[{"href":"https:\/\/www.classltd.com\/de\/wp-json\/wp\/v2\/pages"}],"about":[{"href":"https:\/\/www.classltd.com\/de\/wp-json\/wp\/v2\/types\/page"}],"author":[{"embeddable":true,"href":"https:\/\/www.classltd.com\/de\/wp-json\/wp\/v2\/users\/1"}],"replies":[{"embeddable":true,"href":"https:\/\/www.classltd.com\/de\/wp-json\/wp\/v2\/comments?post=3"}],"version-history":[{"count":2,"href":"https:\/\/www.classltd.com\/de\/wp-json\/wp\/v2\/pages\/3\/revisions"}],"predecessor-version":[{"id":4745,"href":"https:\/\/www.classltd.com\/de\/wp-json\/wp\/v2\/pages\/3\/revisions\/4745"}],"wp:attachment":[{"href":"https:\/\/www.classltd.com\/de\/wp-json\/wp\/v2\/media?parent=3"}],"curies":[{"name":"wp","href":"https:\/\/api.w.org\/{rel}","templated":true}]}}